{"id":1062,"date":"2020-02-10T16:25:38","date_gmt":"2020-02-10T16:25:38","guid":{"rendered":"https:\/\/feuerwehr-weinboehla.de\/?page_id=1062"},"modified":"2020-02-12T06:38:00","modified_gmt":"2020-02-12T06:38:00","slug":"einsatz-6-2020","status":"publish","type":"page","link":"https:\/\/feuerwehr-weinboehla.de\/?page_id=1062","title":{"rendered":"Einsatz 6-2020"},"content":{"rendered":"\n<div class=\"wp-block-columns is-layout-flex wp-container-core-columns-is-layout-9d6595d7 wp-block-columns-is-layout-flex\">\n<div class=\"wp-block-column is-layout-flow wp-block-column-is-layout-flow\" style=\"flex-basis:33.33%\">\n<iframe loading=\"lazy\" src=\"https:\/\/www.google.com\/maps\/embed?pb=!1m18!1m12!1m3!1d1553.9660987695886!2d13.574626183670665!3d51.164099997447515!2m3!1f0!2f0!3f0!3m2!1i1024!2i768!4f13.1!3m3!1m2!1s0x4709d40db030cb8f%3A0x1aee535a0ebd3dc2!2sBeethovenstra%C3%9Fe%206%2C%2001689%20Weinb%C3%B6hla!5e1!3m2!1sde!2sde!4v1581353766843!5m2!1sde!2sde\" style=\"border:0;\" allowfullscreen=\"\" width=\"600\" height=\"450\" frameborder=\"0\"><\/iframe>\n<\/div>\n\n\n\n<div class=\"wp-block-column is-layout-flow wp-block-column-is-layout-flow\" style=\"flex-basis:66.66%\">\n<figure class=\"wp-block-table is-style-stripes\"><table class=\"\"><tbody><tr><td> Einsatzart  <\/td><td>BE Wohnung<\/td><\/tr><tr><td> Einsatzstichwort   <\/td><td>b- mittel- k<\/td><\/tr><tr><td> Einsatzort <\/td><td>Betreutes Wohnen<\/td><\/tr><tr><td> Einsatzbeginn   <\/td><td>10:11<\/td><\/tr><tr><td> Einsatzende   <\/td><td>10:50<\/td><\/tr><tr><td> Einsatzkr\u00e4fte <\/td><td>17<\/td><\/tr><tr><td> Fahrzeuge  <\/td><td>TLF3000, LF16\/12,<br> TLK 23\/12<\/td><\/tr><tr><td> Weitere Kr\u00e4fte   <\/td><td>Niederau (LF)<br>Gro\u00dfdobritz (LF)<br>Mei\u00dfen (RTW)<\/td><\/tr><tr><td>Link<\/td><td>&#8211;<\/td><\/tr><\/tbody><\/table><\/figure>\n<\/div>\n<\/div>\n","protected":false},"excerpt":{"rendered":"<p>Einsatzart BE Wohnung Einsatzstichwort b- mittel- k Einsatzort Betreutes Wohnen Einsatzbeginn 10:11 Einsatzende 10:50 Einsatzkr\u00e4fte 17 Fahrzeuge TLF3000, LF16\/12, TLK 23\/12 Weitere Kr\u00e4fte Niederau (LF)Gro\u00dfdobritz (LF)Mei\u00dfen (RTW) Link &#8211;<\/p>\n","protected":false},"author":1,"featured_media":0,"parent":0,"menu_order":0,"comment_status":"closed","ping_status":"closed","template":"","meta":{"footnotes":""},"class_list":["post-1062","page","type-page","status-publish","hentry"],"_links":{"self":[{"href":"https:\/\/feuerwehr-weinboehla.de\/index.php?rest_route=\/wp\/v2\/pages\/1062","targetHints":{"allow":["GET"]}}],"collection":[{"href":"https:\/\/feuerwehr-weinboehla.de\/index.php?rest_route=\/wp\/v2\/pages"}],"about":[{"href":"https:\/\/feuerwehr-weinboehla.de\/index.php?rest_route=\/wp\/v2\/types\/page"}],"author":[{"embeddable":true,"href":"https:\/\/feuerwehr-weinboehla.de\/index.php?rest_route=\/wp\/v2\/users\/1"}],"replies":[{"embeddable":true,"href":"https:\/\/feuerwehr-weinboehla.de\/index.php?rest_route=%2Fwp%2Fv2%2Fcomments&post=1062"}],"version-history":[{"count":3,"href":"https:\/\/feuerwehr-weinboehla.de\/index.php?rest_route=\/wp\/v2\/pages\/1062\/revisions"}],"predecessor-version":[{"id":1220,"href":"https:\/\/feuerwehr-weinboehla.de\/index.php?rest_route=\/wp\/v2\/pages\/1062\/revisions\/1220"}],"wp:attachment":[{"href":"https:\/\/feuerwehr-weinboehla.de\/index.php?rest_route=%2Fwp%2Fv2%2Fmedia&parent=1062"}],"curies":[{"name":"wp","href":"https:\/\/api.w.org\/{rel}","templated":true}]}}