{"id":1257,"date":"2020-02-25T11:23:03","date_gmt":"2020-02-25T11:23:03","guid":{"rendered":"https:\/\/feuerwehr-weinboehla.de\/?page_id=1257"},"modified":"2020-02-25T11:40:19","modified_gmt":"2020-02-25T11:40:19","slug":"einsatz-9","status":"publish","type":"page","link":"https:\/\/feuerwehr-weinboehla.de\/?page_id=1257","title":{"rendered":"Einsatz 9 &#8211; 2020"},"content":{"rendered":"\n<div class=\"wp-block-columns is-layout-flex wp-container-core-columns-is-layout-9d6595d7 wp-block-columns-is-layout-flex\">\n<div class=\"wp-block-column is-layout-flow wp-block-column-is-layout-flow\" style=\"flex-basis:66.66%\">\n<figure class=\"wp-block-table is-style-stripes\"><table class=\"\"><tbody><tr><td> Einsatzart <\/td><td>THL<\/td><\/tr><tr><td> Einsatzstichwort  <\/td><td>h-klein-w<\/td><\/tr><tr><td> Einsatzort  <\/td><td>Mei\u00dfner str<br>01689 Niederau<\/td><\/tr><tr><td> Einsatzbeginn <\/td><td>20:45<\/td><\/tr><tr><td> Einsatzende  <\/td><td>21:30<\/td><\/tr><tr><td> Einsatzkr\u00e4fte  <\/td><td>2<\/td><\/tr><tr><td> Fahrzeuge  <\/td><td>MTW<\/td><\/tr><tr><td> Weitere Kr\u00e4fte  <\/td><td>&#8211;<\/td><\/tr><tr><td> Link  <\/td><td>&#8211;<\/td><\/tr><\/tbody><\/table><\/figure>\n<\/div>\n\n\n\n<div class=\"wp-block-column is-layout-flow wp-block-column-is-layout-flow\" style=\"flex-basis:33.33%\">\n<iframe loading=\"lazy\" src=\"https:\/\/www.google.com\/maps\/embed?pb=!1m18!1m12!1m3!1d2501.3829712261936!2d13.54829631610093!3d51.17516397958187!2m3!1f0!2f0!3f0!3m2!1i1024!2i768!4f13.1!3m3!1m2!1s0x0%3A0x0!2zNTHCsDEwJzMwLjYiTiAxM8KwMzMnMDEuOCJF!5e0!3m2!1sde!2sde!4v1582629685349!5m2!1sde!2sde\" style=\"border:0;\" allowfullscreen=\"\" width=\"600\" height=\"450\" frameborder=\"0\"><\/iframe>\n<\/div>\n<\/div>\n\n\n","protected":false},"excerpt":{"rendered":"<p>Einsatzart THL Einsatzstichwort h-klein-w Einsatzort Mei\u00dfner str01689 Niederau Einsatzbeginn 20:45 Einsatzende 21:30 Einsatzkr\u00e4fte 2 Fahrzeuge MTW Weitere Kr\u00e4fte &#8211; Link &#8211;<\/p>\n","protected":false},"author":1,"featured_media":0,"parent":0,"menu_order":0,"comment_status":"closed","ping_status":"closed","template":"","meta":{"footnotes":""},"class_list":["post-1257","page","type-page","status-publish","hentry"],"_links":{"self":[{"href":"https:\/\/feuerwehr-weinboehla.de\/index.php?rest_route=\/wp\/v2\/pages\/1257","targetHints":{"allow":["GET"]}}],"collection":[{"href":"https:\/\/feuerwehr-weinboehla.de\/index.php?rest_route=\/wp\/v2\/pages"}],"about":[{"href":"https:\/\/feuerwehr-weinboehla.de\/index.php?rest_route=\/wp\/v2\/types\/page"}],"author":[{"embeddable":true,"href":"https:\/\/feuerwehr-weinboehla.de\/index.php?rest_route=\/wp\/v2\/users\/1"}],"replies":[{"embeddable":true,"href":"https:\/\/feuerwehr-weinboehla.de\/index.php?rest_route=%2Fwp%2Fv2%2Fcomments&post=1257"}],"version-history":[{"count":2,"href":"https:\/\/feuerwehr-weinboehla.de\/index.php?rest_route=\/wp\/v2\/pages\/1257\/revisions"}],"predecessor-version":[{"id":1266,"href":"https:\/\/feuerwehr-weinboehla.de\/index.php?rest_route=\/wp\/v2\/pages\/1257\/revisions\/1266"}],"wp:attachment":[{"href":"https:\/\/feuerwehr-weinboehla.de\/index.php?rest_route=%2Fwp%2Fv2%2Fmedia&parent=1257"}],"curies":[{"name":"wp","href":"https:\/\/api.w.org\/{rel}","templated":true}]}}