{"id":1345,"date":"2020-05-28T16:01:10","date_gmt":"2020-05-28T16:01:10","guid":{"rendered":"https:\/\/feuerwehr-weinboehla.de\/?page_id=1345"},"modified":"2020-05-28T16:01:10","modified_gmt":"2020-05-28T16:01:10","slug":"einsatz-32-2020","status":"publish","type":"page","link":"https:\/\/feuerwehr-weinboehla.de\/?page_id=1345","title":{"rendered":"Einsatz 32-2020"},"content":{"rendered":"\n<div class=\"wp-block-columns is-layout-flex wp-container-core-columns-is-layout-9d6595d7 wp-block-columns-is-layout-flex\">\n<div class=\"wp-block-column is-layout-flow wp-block-column-is-layout-flow\" style=\"flex-basis:33.33%\">\n<iframe loading=\"lazy\" src=\"https:\/\/www.google.com\/maps\/embed?pb=!1m18!1m12!1m3!1d1251.045460116832!2d13.566772183649405!3d51.16211318684683!2m3!1f0!2f0!3f0!3m2!1i1024!2i768!4f13.1!3m3!1m2!1s0x0%3A0x0!2zNTHCsDA5JzQzLjYiTiAxM8KwMzQnMDMuMiJF!5e0!3m2!1sde!2sde!4v1590681653601!5m2!1sde!2sde\" width=\"600\" height=\"450\" frameborder=\"0\" style=\"border:0;\" allowfullscreen=\"\" aria-hidden=\"false\" tabindex=\"0\"><\/iframe>\n<\/div>\n\n\n\n<div class=\"wp-block-column is-layout-flow wp-block-column-is-layout-flow\" style=\"flex-basis:66.66%\">\n<figure class=\"wp-block-table is-style-stripes\"><table class=\"\"><tbody><tr><td> Einsatzart <\/td><td>\u00d6lspur<\/td><\/tr><tr><td> Einsatzstichwort <\/td><td>\u00d6lspur\/ Verunreinigung<\/td><\/tr><tr><td> Einsatzort <\/td><td>Hauptstra\u00dfe<br>01689 Weinb\u00f6hla<\/td><\/tr><tr><td> Einsatzbeginn <\/td><td>18:34<\/td><\/tr><tr><td> Einsatzende <\/td><td>19:10<\/td><\/tr><tr><td> Einsatzkr\u00e4fte <\/td><td>4<\/td><\/tr><tr><td> Fahrzeuge <\/td><td>VRW<\/td><\/tr><tr><td> Weitere Kr\u00e4fte <\/td><td>&#8211;<\/td><\/tr><tr><td> Links <\/td><td>&#8211;<\/td><\/tr><\/tbody><\/table><\/figure>\n<\/div>\n<\/div>\n","protected":false},"excerpt":{"rendered":"<p>Einsatzart \u00d6lspur Einsatzstichwort \u00d6lspur\/ Verunreinigung Einsatzort Hauptstra\u00dfe01689 Weinb\u00f6hla Einsatzbeginn 18:34 Einsatzende 19:10 Einsatzkr\u00e4fte 4 Fahrzeuge VRW Weitere Kr\u00e4fte &#8211; Links &#8211;<\/p>\n","protected":false},"author":1,"featured_media":0,"parent":0,"menu_order":0,"comment_status":"closed","ping_status":"closed","template":"","meta":{"footnotes":""},"class_list":["post-1345","page","type-page","status-publish","hentry"],"_links":{"self":[{"href":"https:\/\/feuerwehr-weinboehla.de\/index.php?rest_route=\/wp\/v2\/pages\/1345","targetHints":{"allow":["GET"]}}],"collection":[{"href":"https:\/\/feuerwehr-weinboehla.de\/index.php?rest_route=\/wp\/v2\/pages"}],"about":[{"href":"https:\/\/feuerwehr-weinboehla.de\/index.php?rest_route=\/wp\/v2\/types\/page"}],"author":[{"embeddable":true,"href":"https:\/\/feuerwehr-weinboehla.de\/index.php?rest_route=\/wp\/v2\/users\/1"}],"replies":[{"embeddable":true,"href":"https:\/\/feuerwehr-weinboehla.de\/index.php?rest_route=%2Fwp%2Fv2%2Fcomments&post=1345"}],"version-history":[{"count":1,"href":"https:\/\/feuerwehr-weinboehla.de\/index.php?rest_route=\/wp\/v2\/pages\/1345\/revisions"}],"predecessor-version":[{"id":1347,"href":"https:\/\/feuerwehr-weinboehla.de\/index.php?rest_route=\/wp\/v2\/pages\/1345\/revisions\/1347"}],"wp:attachment":[{"href":"https:\/\/feuerwehr-weinboehla.de\/index.php?rest_route=%2Fwp%2Fv2%2Fmedia&parent=1345"}],"curies":[{"name":"wp","href":"https:\/\/api.w.org\/{rel}","templated":true}]}}