{"id":1432,"date":"2020-06-04T15:47:17","date_gmt":"2020-06-04T15:47:17","guid":{"rendered":"https:\/\/feuerwehr-weinboehla.de\/?page_id=1432"},"modified":"2020-06-04T15:47:35","modified_gmt":"2020-06-04T15:47:35","slug":"einsatz-36-2020-2","status":"publish","type":"page","link":"https:\/\/feuerwehr-weinboehla.de\/?page_id=1432","title":{"rendered":"Einsatz 37-2020"},"content":{"rendered":"\n<div class=\"wp-block-columns is-layout-flex wp-container-core-columns-is-layout-9d6595d7 wp-block-columns-is-layout-flex\">\n<div class=\"wp-block-column is-layout-flow wp-block-column-is-layout-flow\" style=\"flex-basis:66.66%\">\n<figure class=\"wp-block-table is-style-stripes\"><table class=\"\"><tbody><tr><td> Einsatzart <\/td><td>BE Wohnung<\/td><\/tr><tr><td> Einsatzstichwort <\/td><td>b-mittel-k<\/td><\/tr><tr><td> Einsatzort <\/td><td>Forststra\u00dfe<br> 01689 Weinb\u00f6hla <\/td><\/tr><tr><td> Einsatzbeginn <\/td><td>15:08<\/td><\/tr><tr><td> Einsatzende <\/td><td>15:50<\/td><\/tr><tr><td> Einsatzkr\u00e4fte <\/td><td>10<\/td><\/tr><tr><td> Fahrzeuge <\/td><td>LF16\/12, TLK23\/12<\/td><\/tr><tr><td> Weitere Kr\u00e4fte <\/td><td>Niederau: LF<\/td><\/tr><tr><td> Links <\/td><td>&#8211;<\/td><\/tr><\/tbody><\/table><\/figure>\n<\/div>\n\n\n\n<div class=\"wp-block-column is-layout-flow wp-block-column-is-layout-flow\" style=\"flex-basis:33.33%\">\n<iframe loading=\"lazy\" src=\"https:\/\/www.google.com\/maps\/embed?pb=!1m18!1m12!1m3!1d3039.162458434052!2d13.596689315909567!3d51.16950434317287!2m3!1f0!2f0!3f0!3m2!1i1024!2i768!4f13.1!3m3!1m2!1s0x0%3A0x0!2zNTHCsDEwJzEwLjIiTiAxM8KwMzUnNTYuMCJF!5e1!3m2!1sde!2sde!4v1591285303302!5m2!1sde!2sde\" width=\"600\" height=\"450\" frameborder=\"0\" style=\"border:0;\" allowfullscreen=\"\" aria-hidden=\"false\" tabindex=\"0\"><\/iframe>\n<\/div>\n<\/div>\n","protected":false},"excerpt":{"rendered":"<p>Einsatzart BE Wohnung Einsatzstichwort b-mittel-k Einsatzort Forststra\u00dfe 01689 Weinb\u00f6hla Einsatzbeginn 15:08 Einsatzende 15:50 Einsatzkr\u00e4fte 10 Fahrzeuge LF16\/12, TLK23\/12 Weitere Kr\u00e4fte Niederau: LF Links &#8211;<\/p>\n","protected":false},"author":1,"featured_media":0,"parent":0,"menu_order":0,"comment_status":"closed","ping_status":"closed","template":"","meta":{"footnotes":""},"class_list":["post-1432","page","type-page","status-publish","hentry"],"_links":{"self":[{"href":"https:\/\/feuerwehr-weinboehla.de\/index.php?rest_route=\/wp\/v2\/pages\/1432","targetHints":{"allow":["GET"]}}],"collection":[{"href":"https:\/\/feuerwehr-weinboehla.de\/index.php?rest_route=\/wp\/v2\/pages"}],"about":[{"href":"https:\/\/feuerwehr-weinboehla.de\/index.php?rest_route=\/wp\/v2\/types\/page"}],"author":[{"embeddable":true,"href":"https:\/\/feuerwehr-weinboehla.de\/index.php?rest_route=\/wp\/v2\/users\/1"}],"replies":[{"embeddable":true,"href":"https:\/\/feuerwehr-weinboehla.de\/index.php?rest_route=%2Fwp%2Fv2%2Fcomments&post=1432"}],"version-history":[{"count":2,"href":"https:\/\/feuerwehr-weinboehla.de\/index.php?rest_route=\/wp\/v2\/pages\/1432\/revisions"}],"predecessor-version":[{"id":1436,"href":"https:\/\/feuerwehr-weinboehla.de\/index.php?rest_route=\/wp\/v2\/pages\/1432\/revisions\/1436"}],"wp:attachment":[{"href":"https:\/\/feuerwehr-weinboehla.de\/index.php?rest_route=%2Fwp%2Fv2%2Fmedia&parent=1432"}],"curies":[{"name":"wp","href":"https:\/\/api.w.org\/{rel}","templated":true}]}}