{"id":1899,"date":"2020-10-25T17:56:02","date_gmt":"2020-10-25T17:56:02","guid":{"rendered":"https:\/\/feuerwehr-weinboehla.de\/?page_id=1899"},"modified":"2020-10-25T17:56:02","modified_gmt":"2020-10-25T17:56:02","slug":"einsatz-78-2020","status":"publish","type":"page","link":"https:\/\/feuerwehr-weinboehla.de\/?page_id=1899","title":{"rendered":"Einsatz 78 &#8211; 2020"},"content":{"rendered":"\n<div class=\"wp-block-columns is-layout-flex wp-container-core-columns-is-layout-9d6595d7 wp-block-columns-is-layout-flex\">\n<div class=\"wp-block-column is-layout-flow wp-block-column-is-layout-flow\" style=\"flex-basis:33.33%\">\n<iframe loading=\"lazy\" src=\"https:\/\/www.google.com\/maps\/embed?pb=!1m18!1m12!1m3!1d2502.5647835762375!2d13.56701131552238!3d51.153376344347144!2m3!1f0!2f0!3f0!3m2!1i1024!2i768!4f13.1!3m3!1m2!1s0x0%3A0x0!2zNTHCsDA5JzEyLjEiTiAxM8KwMzQnMDkuMSJF!5e0!3m2!1sde!2sde!4v1603648527365!5m2!1sde!2sde\" width=\"600\" height=\"450\" frameborder=\"0\" style=\"border:0;\" allowfullscreen=\"\" aria-hidden=\"false\" tabindex=\"0\"><\/iframe>\n<\/div>\n\n\n\n<div class=\"wp-block-column is-layout-flow wp-block-column-is-layout-flow\" style=\"flex-basis:66.66%\">\n<figure class=\"wp-block-table is-style-stripes\"><table><tbody><tr><td> Einsatzart<\/td><td> THL \u00d6ffnen von T\u00fcren<\/td><\/tr><tr><td> Einsatzstichwort <\/td><td>h-klein-k<\/td><\/tr><tr><td> Einsatzort <\/td><td>Gutenbergstr.<\/td><\/tr><tr><td> Einsatzbeginn <\/td><td>10:08 Uhr<\/td><\/tr><tr><td> Einsatzende <\/td><td>11:00 Uhr<\/td><\/tr><tr><td> Einsatzkr\u00e4fte <\/td><td>4<\/td><\/tr><tr><td> Fahrzeuge <\/td><td>VRW<\/td><\/tr><tr><td> Weitere Kr\u00e4fte <\/td><td>&#8211;<\/td><\/tr><tr><td> Link <\/td><td>&#8211;<\/td><\/tr><\/tbody><\/table><\/figure>\n<\/div>\n<\/div>\n","protected":false},"excerpt":{"rendered":"<p>Einsatzart THL \u00d6ffnen von T\u00fcren Einsatzstichwort h-klein-k Einsatzort Gutenbergstr. Einsatzbeginn 10:08 Uhr Einsatzende 11:00 Uhr Einsatzkr\u00e4fte 4 Fahrzeuge VRW Weitere Kr\u00e4fte &#8211; Link &#8211;<\/p>\n","protected":false},"author":1,"featured_media":0,"parent":0,"menu_order":0,"comment_status":"closed","ping_status":"closed","template":"","meta":{"footnotes":""},"class_list":["post-1899","page","type-page","status-publish","hentry"],"_links":{"self":[{"href":"https:\/\/feuerwehr-weinboehla.de\/index.php?rest_route=\/wp\/v2\/pages\/1899","targetHints":{"allow":["GET"]}}],"collection":[{"href":"https:\/\/feuerwehr-weinboehla.de\/index.php?rest_route=\/wp\/v2\/pages"}],"about":[{"href":"https:\/\/feuerwehr-weinboehla.de\/index.php?rest_route=\/wp\/v2\/types\/page"}],"author":[{"embeddable":true,"href":"https:\/\/feuerwehr-weinboehla.de\/index.php?rest_route=\/wp\/v2\/users\/1"}],"replies":[{"embeddable":true,"href":"https:\/\/feuerwehr-weinboehla.de\/index.php?rest_route=%2Fwp%2Fv2%2Fcomments&post=1899"}],"version-history":[{"count":1,"href":"https:\/\/feuerwehr-weinboehla.de\/index.php?rest_route=\/wp\/v2\/pages\/1899\/revisions"}],"predecessor-version":[{"id":1901,"href":"https:\/\/feuerwehr-weinboehla.de\/index.php?rest_route=\/wp\/v2\/pages\/1899\/revisions\/1901"}],"wp:attachment":[{"href":"https:\/\/feuerwehr-weinboehla.de\/index.php?rest_route=%2Fwp%2Fv2%2Fmedia&parent=1899"}],"curies":[{"name":"wp","href":"https:\/\/api.w.org\/{rel}","templated":true}]}}