{"id":1931,"date":"2020-11-09T11:39:47","date_gmt":"2020-11-09T11:39:47","guid":{"rendered":"https:\/\/feuerwehr-weinboehla.de\/?page_id=1931"},"modified":"2020-11-09T11:39:48","modified_gmt":"2020-11-09T11:39:48","slug":"einsatz-85-2020","status":"publish","type":"page","link":"https:\/\/feuerwehr-weinboehla.de\/?page_id=1931","title":{"rendered":"Einsatz 85-2020"},"content":{"rendered":"\n<div class=\"wp-block-columns is-layout-flex wp-container-core-columns-is-layout-9d6595d7 wp-block-columns-is-layout-flex\">\n<div class=\"wp-block-column is-layout-flow wp-block-column-is-layout-flow\" style=\"flex-basis:33.33%\">\n<iframe loading=\"lazy\" src=\"https:\/\/www.google.com\/maps\/embed?pb=!1m18!1m12!1m3!1d624.7897462593245!2d13.721906829265121!3d51.216146838771046!2m3!1f0!2f0!3f0!3m2!1i1024!2i768!4f13.1!3m3!1m2!1s0x0%3A0x0!2zNTHCsDEyJzU4LjEiTiAxM8KwNDMnMjAuOCJF!5e0!3m2!1sde!2sde!4v1604921763851!5m2!1sde!2sde\" width=\"600\" height=\"450\" frameborder=\"0\" style=\"border:0;\" allowfullscreen=\"\" aria-hidden=\"false\" tabindex=\"0\"><\/iframe>\n<\/div>\n\n\n\n<div class=\"wp-block-column is-layout-flow wp-block-column-is-layout-flow\" style=\"flex-basis:66.66%\">\n<figure class=\"wp-block-table is-style-stripes\"><table><tbody><tr><td> Einsatzart <\/td><td>BE Industrieanlage<\/td><\/tr><tr><td> Einsatzstichwort <\/td><td>b-gro\u00df-u<\/td><\/tr><tr><td> Einsatzort <\/td><td>Grosenhainer str.<br>01471 Radeburg<\/td><\/tr><tr><td> Einsatzbeginn <\/td><td>06.11.2020 16:40Uhr<\/td><\/tr><tr><td> Einsatzende <\/td><td>07.11.2020 00:30Uhr<\/td><\/tr><tr><td> Einsatzkr\u00e4fte <\/td><td>2<\/td><\/tr><tr><td> Fahrzeuge <\/td><td>GWA<\/td><\/tr><tr><td> Weitere Kr\u00e4fte <\/td><td>FF B\u00e4rnsdorf<br>FF Radeburg<br>FF BBerbisdorf<br>ff Grosdittmannsdorf<br>FF B\u00e4rwalde<br>FF Ebersbach<br>FF Volkersdorf<br>FF Ottendorf-Okrilla<br>FF Thiendorf<br>LRA\/BKM<\/td><\/tr><tr><td> Links <\/td><td>&#8211;<\/td><\/tr><\/tbody><\/table><\/figure>\n<\/div>\n<\/div>\n","protected":false},"excerpt":{"rendered":"<p>Einsatzart BE Industrieanlage Einsatzstichwort b-gro\u00df-u Einsatzort Grosenhainer str.01471 Radeburg Einsatzbeginn 06.11.2020 16:40Uhr Einsatzende 07.11.2020 00:30Uhr Einsatzkr\u00e4fte 2 Fahrzeuge GWA Weitere Kr\u00e4fte FF B\u00e4rnsdorfFF RadeburgFF BBerbisdorfff GrosdittmannsdorfFF B\u00e4rwaldeFF EbersbachFF VolkersdorfFF Ottendorf-OkrillaFF ThiendorfLRA\/BKM Links &#8211;<\/p>\n","protected":false},"author":1,"featured_media":0,"parent":0,"menu_order":0,"comment_status":"closed","ping_status":"closed","template":"","meta":{"footnotes":""},"class_list":["post-1931","page","type-page","status-publish","hentry"],"_links":{"self":[{"href":"https:\/\/feuerwehr-weinboehla.de\/index.php?rest_route=\/wp\/v2\/pages\/1931","targetHints":{"allow":["GET"]}}],"collection":[{"href":"https:\/\/feuerwehr-weinboehla.de\/index.php?rest_route=\/wp\/v2\/pages"}],"about":[{"href":"https:\/\/feuerwehr-weinboehla.de\/index.php?rest_route=\/wp\/v2\/types\/page"}],"author":[{"embeddable":true,"href":"https:\/\/feuerwehr-weinboehla.de\/index.php?rest_route=\/wp\/v2\/users\/1"}],"replies":[{"embeddable":true,"href":"https:\/\/feuerwehr-weinboehla.de\/index.php?rest_route=%2Fwp%2Fv2%2Fcomments&post=1931"}],"version-history":[{"count":1,"href":"https:\/\/feuerwehr-weinboehla.de\/index.php?rest_route=\/wp\/v2\/pages\/1931\/revisions"}],"predecessor-version":[{"id":1932,"href":"https:\/\/feuerwehr-weinboehla.de\/index.php?rest_route=\/wp\/v2\/pages\/1931\/revisions\/1932"}],"wp:attachment":[{"href":"https:\/\/feuerwehr-weinboehla.de\/index.php?rest_route=%2Fwp%2Fv2%2Fmedia&parent=1931"}],"curies":[{"name":"wp","href":"https:\/\/api.w.org\/{rel}","templated":true}]}}