{"id":1951,"date":"2020-11-09T12:39:28","date_gmt":"2020-11-09T12:39:28","guid":{"rendered":"https:\/\/feuerwehr-weinboehla.de\/?page_id=1951"},"modified":"2020-11-09T12:39:44","modified_gmt":"2020-11-09T12:39:44","slug":"einsatz-71-2020","status":"publish","type":"page","link":"https:\/\/feuerwehr-weinboehla.de\/?page_id=1951","title":{"rendered":"Einsatz 71 &#8211; 2020"},"content":{"rendered":"\n<div class=\"wp-block-columns is-layout-flex wp-container-core-columns-is-layout-9d6595d7 wp-block-columns-is-layout-flex\">\n<div class=\"wp-block-column is-layout-flow wp-block-column-is-layout-flow\" style=\"flex-basis:66.66%\">\n<figure class=\"wp-block-table is-style-stripes\"><table><tbody><tr><td> Einsatzart <\/td><td>BE Wohnung<\/td><\/tr><tr><td> Einsatzstichwort <\/td><td>b-mittel-u<\/td><\/tr><tr><td> Einsatzort <\/td><td>Wilhelmstr\u00dfe<br>01445,Radebeul<\/td><\/tr><tr><td> Einsatzbeginn <\/td><td>18.09.2020 9:32Uhr<\/td><\/tr><tr><td> Einsatzende <\/td><td>18.09.2020 12:00Uhr<\/td><\/tr><tr><td> Einsatzkr\u00e4fte <\/td><td>2<\/td><\/tr><tr><td> Fahrzeuge <\/td><td>GWA<\/td><\/tr><tr><td> Weitere Kr\u00e4fte <\/td><td>FF Lindenau<br>FF Radebeul-Ost<br>FF Waqhnsdorf<br>FF K\u00f6tzschenbroda<br>FF Coswig<br>FF Friedewald<br>FF Brockwitz<br>RTCoswig<br>Polizei<\/td><\/tr><tr><td> Links <\/td><td>&#8211;<\/td><\/tr><\/tbody><\/table><\/figure>\n<\/div>\n\n\n\n<div class=\"wp-block-column is-layout-flow wp-block-column-is-layout-flow\" style=\"flex-basis:33.33%\">\n\n\n<iframe loading=\"lazy\" src=\"https:\/\/www.google.com\/maps\/embed?pb=!1m18!1m12!1m3!1d1252.5198144667295!2d13.642482300628046!3d51.10772899953467!2m3!1f0!2f0!3f0!3m2!1i1024!2i768!4f13.1!3m3!1m2!1s0x0%3A0x0!2zNTHCsDA2JzI3LjgiTiAxM8KwMzgnMzUuMyJF!5e0!3m2!1sde!2sde!4v1604925531907!5m2!1sde!2sde\" width=\"600\" height=\"450\" frameborder=\"0\" style=\"border:0;\" allowfullscreen=\"\" aria-hidden=\"false\" tabindex=\"0\"><\/iframe>\n<\/div>\n<\/div>\n","protected":false},"excerpt":{"rendered":"<p>Einsatzart BE Wohnung Einsatzstichwort b-mittel-u Einsatzort Wilhelmstr\u00dfe01445,Radebeul Einsatzbeginn 18.09.2020 9:32Uhr Einsatzende 18.09.2020 12:00Uhr Einsatzkr\u00e4fte 2 Fahrzeuge GWA Weitere Kr\u00e4fte FF LindenauFF Radebeul-OstFF WaqhnsdorfFF K\u00f6tzschenbrodaFF CoswigFF FriedewaldFF BrockwitzRTCoswigPolizei Links &#8211;<\/p>\n","protected":false},"author":1,"featured_media":0,"parent":0,"menu_order":0,"comment_status":"closed","ping_status":"closed","template":"","meta":{"footnotes":""},"class_list":["post-1951","page","type-page","status-publish","hentry"],"_links":{"self":[{"href":"https:\/\/feuerwehr-weinboehla.de\/index.php?rest_route=\/wp\/v2\/pages\/1951","targetHints":{"allow":["GET"]}}],"collection":[{"href":"https:\/\/feuerwehr-weinboehla.de\/index.php?rest_route=\/wp\/v2\/pages"}],"about":[{"href":"https:\/\/feuerwehr-weinboehla.de\/index.php?rest_route=\/wp\/v2\/types\/page"}],"author":[{"embeddable":true,"href":"https:\/\/feuerwehr-weinboehla.de\/index.php?rest_route=\/wp\/v2\/users\/1"}],"replies":[{"embeddable":true,"href":"https:\/\/feuerwehr-weinboehla.de\/index.php?rest_route=%2Fwp%2Fv2%2Fcomments&post=1951"}],"version-history":[{"count":1,"href":"https:\/\/feuerwehr-weinboehla.de\/index.php?rest_route=\/wp\/v2\/pages\/1951\/revisions"}],"predecessor-version":[{"id":1953,"href":"https:\/\/feuerwehr-weinboehla.de\/index.php?rest_route=\/wp\/v2\/pages\/1951\/revisions\/1953"}],"wp:attachment":[{"href":"https:\/\/feuerwehr-weinboehla.de\/index.php?rest_route=%2Fwp%2Fv2%2Fmedia&parent=1951"}],"curies":[{"name":"wp","href":"https:\/\/api.w.org\/{rel}","templated":true}]}}