{"id":1971,"date":"2020-11-09T13:23:01","date_gmt":"2020-11-09T13:23:01","guid":{"rendered":"https:\/\/feuerwehr-weinboehla.de\/?page_id=1971"},"modified":"2020-11-09T13:23:01","modified_gmt":"2020-11-09T13:23:01","slug":"einsatz-79-2020","status":"publish","type":"page","link":"https:\/\/feuerwehr-weinboehla.de\/?page_id=1971","title":{"rendered":"Einsatz 79 -2020"},"content":{"rendered":"\n<div class=\"wp-block-columns is-layout-flex wp-container-core-columns-is-layout-9d6595d7 wp-block-columns-is-layout-flex\">\n<div class=\"wp-block-column is-layout-flow wp-block-column-is-layout-flow\" style=\"flex-basis:66.66%\">\n<figure class=\"wp-block-table is-style-stripes\"><table><tbody><tr><td> Einsatzart <\/td><td>BE Strasenfahrzeug<\/td><\/tr><tr><td> Einsatzstichwort <\/td><td>Brand Mittel<\/td><\/tr><tr><td> Einsatzort <\/td><td>Weinb\u00f6hlaer Str<br>01640 Coswig<\/td><\/tr><tr><td> Einsatzbeginn <\/td><td>26.10.2020 06:11 Uhr<\/td><\/tr><tr><td> Einsatzende <\/td><td>26.10.2020 06:35Uhr<\/td><\/tr><tr><td> Einsatzkr\u00e4fte <\/td><td>6<\/td><\/tr><tr><td> Fahrzeuge <\/td><td>TLF3000<\/td><\/tr><tr><td> Weitere Kr\u00e4fte <\/td><td>FF Coswig<br>FF Brockwitz<\/td><\/tr><tr><td> Links <\/td><td>&#8211;<\/td><\/tr><\/tbody><\/table><\/figure>\n<\/div>\n\n\n\n<div class=\"wp-block-column is-layout-flow wp-block-column-is-layout-flow\" style=\"flex-basis:33.33%\">\n<iframe loading=\"lazy\" src=\"https:\/\/www.google.com\/maps\/embed?pb=!1m18!1m12!1m3!1d625.8989134043585!2d13.57565282927465!3d51.13436599872346!2m3!1f0!2f0!3f0!3m2!1i1024!2i768!4f13.1!3m3!1m2!1s0x0%3A0x0!2zNTHCsDA4JzAzLjciTiAxM8KwMzQnMzQuMyJF!5e0!3m2!1sde!2sde!4v1604928156193!5m2!1sde!2sde\" width=\"600\" height=\"450\" frameborder=\"0\" style=\"border:0;\" allowfullscreen=\"\" aria-hidden=\"false\" tabindex=\"0\"><\/iframe>\n<\/div>\n<\/div>\n","protected":false},"excerpt":{"rendered":"<p>Einsatzart BE Strasenfahrzeug Einsatzstichwort Brand Mittel Einsatzort Weinb\u00f6hlaer Str01640 Coswig Einsatzbeginn 26.10.2020 06:11 Uhr Einsatzende 26.10.2020 06:35Uhr Einsatzkr\u00e4fte 6 Fahrzeuge TLF3000 Weitere Kr\u00e4fte FF CoswigFF Brockwitz Links &#8211;<\/p>\n","protected":false},"author":1,"featured_media":0,"parent":0,"menu_order":0,"comment_status":"closed","ping_status":"closed","template":"","meta":{"footnotes":""},"class_list":["post-1971","page","type-page","status-publish","hentry"],"_links":{"self":[{"href":"https:\/\/feuerwehr-weinboehla.de\/index.php?rest_route=\/wp\/v2\/pages\/1971","targetHints":{"allow":["GET"]}}],"collection":[{"href":"https:\/\/feuerwehr-weinboehla.de\/index.php?rest_route=\/wp\/v2\/pages"}],"about":[{"href":"https:\/\/feuerwehr-weinboehla.de\/index.php?rest_route=\/wp\/v2\/types\/page"}],"author":[{"embeddable":true,"href":"https:\/\/feuerwehr-weinboehla.de\/index.php?rest_route=\/wp\/v2\/users\/1"}],"replies":[{"embeddable":true,"href":"https:\/\/feuerwehr-weinboehla.de\/index.php?rest_route=%2Fwp%2Fv2%2Fcomments&post=1971"}],"version-history":[{"count":1,"href":"https:\/\/feuerwehr-weinboehla.de\/index.php?rest_route=\/wp\/v2\/pages\/1971\/revisions"}],"predecessor-version":[{"id":1973,"href":"https:\/\/feuerwehr-weinboehla.de\/index.php?rest_route=\/wp\/v2\/pages\/1971\/revisions\/1973"}],"wp:attachment":[{"href":"https:\/\/feuerwehr-weinboehla.de\/index.php?rest_route=%2Fwp%2Fv2%2Fmedia&parent=1971"}],"curies":[{"name":"wp","href":"https:\/\/api.w.org\/{rel}","templated":true}]}}