{"id":1974,"date":"2020-11-09T13:38:48","date_gmt":"2020-11-09T13:38:48","guid":{"rendered":"https:\/\/feuerwehr-weinboehla.de\/?page_id=1974"},"modified":"2020-11-09T13:38:48","modified_gmt":"2020-11-09T13:38:48","slug":"einsatz-80-2020","status":"publish","type":"page","link":"https:\/\/feuerwehr-weinboehla.de\/?page_id=1974","title":{"rendered":"Einsatz 80 -2020"},"content":{"rendered":"\n<div class=\"wp-block-columns is-layout-flex wp-container-core-columns-is-layout-9d6595d7 wp-block-columns-is-layout-flex\">\n<div class=\"wp-block-column is-layout-flow wp-block-column-is-layout-flow\">\n<figure class=\"wp-block-table is-style-stripes\"><table><tbody><tr><td> Einsatzart <\/td><td>Retten von Personen<\/td><\/tr><tr><td> Einsatzstichwort <\/td><td>Person Notlage<\/td><\/tr><tr><td> Einsatzort <\/td><td>Grenzstr.<br>01689 Weinb\u00f6hla<\/td><\/tr><tr><td> Einsatzbeginn <\/td><td>28.10.2020 09:45Uhr<\/td><\/tr><tr><td> Einsatzende <\/td><td>28.10.2020 10:00Uhr<\/td><\/tr><tr><td> Einsatzkr\u00e4fte <\/td><td>0<\/td><\/tr><tr><td> Fahrzeuge <\/td><td>0<\/td><\/tr><tr><td> Weitere Kr\u00e4fte <\/td><td>RT Coswig<\/td><\/tr><tr><td> Links <\/td><td>&#8211;<\/td><\/tr><\/tbody><\/table><\/figure>\n\n\n\n<p>Person \u00f6ffente die T\u00fcr selber <\/p>\n<\/div>\n\n\n\n<div class=\"wp-block-column is-layout-flow wp-block-column-is-layout-flow\">\n<iframe loading=\"lazy\" src=\"https:\/\/www.google.com\/maps\/embed?pb=!1m18!1m12!1m3!1d1250.8290056129886!2d13.573362183666173!3d51.17009399744763!2m3!1f0!2f0!3f0!3m2!1i1024!2i768!4f13.1!3m3!1m2!1s0x0%3A0x0!2zNTHCsDEwJzEyLjMiTiAxM8KwMzQnMjYuOSJF!5e0!3m2!1sde!2sde!4v1604929108784!5m2!1sde!2sde\" width=\"600\" height=\"450\" frameborder=\"0\" style=\"border:0;\" allowfullscreen=\"\" aria-hidden=\"false\" tabindex=\"0\"><\/iframe>\n<\/div>\n<\/div>\n","protected":false},"excerpt":{"rendered":"<p>Einsatzart Retten von Personen Einsatzstichwort Person Notlage Einsatzort Grenzstr.01689 Weinb\u00f6hla Einsatzbeginn 28.10.2020 09:45Uhr Einsatzende 28.10.2020 10:00Uhr Einsatzkr\u00e4fte 0 Fahrzeuge 0 Weitere Kr\u00e4fte RT Coswig Links &#8211; Person \u00f6ffente die T\u00fcr selber<\/p>\n","protected":false},"author":1,"featured_media":0,"parent":0,"menu_order":0,"comment_status":"closed","ping_status":"closed","template":"","meta":{"footnotes":""},"class_list":["post-1974","page","type-page","status-publish","hentry"],"_links":{"self":[{"href":"https:\/\/feuerwehr-weinboehla.de\/index.php?rest_route=\/wp\/v2\/pages\/1974","targetHints":{"allow":["GET"]}}],"collection":[{"href":"https:\/\/feuerwehr-weinboehla.de\/index.php?rest_route=\/wp\/v2\/pages"}],"about":[{"href":"https:\/\/feuerwehr-weinboehla.de\/index.php?rest_route=\/wp\/v2\/types\/page"}],"author":[{"embeddable":true,"href":"https:\/\/feuerwehr-weinboehla.de\/index.php?rest_route=\/wp\/v2\/users\/1"}],"replies":[{"embeddable":true,"href":"https:\/\/feuerwehr-weinboehla.de\/index.php?rest_route=%2Fwp%2Fv2%2Fcomments&post=1974"}],"version-history":[{"count":1,"href":"https:\/\/feuerwehr-weinboehla.de\/index.php?rest_route=\/wp\/v2\/pages\/1974\/revisions"}],"predecessor-version":[{"id":1979,"href":"https:\/\/feuerwehr-weinboehla.de\/index.php?rest_route=\/wp\/v2\/pages\/1974\/revisions\/1979"}],"wp:attachment":[{"href":"https:\/\/feuerwehr-weinboehla.de\/index.php?rest_route=%2Fwp%2Fv2%2Fmedia&parent=1974"}],"curies":[{"name":"wp","href":"https:\/\/api.w.org\/{rel}","templated":true}]}}