{"id":2016,"date":"2020-11-12T06:30:55","date_gmt":"2020-11-12T06:30:55","guid":{"rendered":"https:\/\/feuerwehr-weinboehla.de\/?page_id=2016"},"modified":"2020-11-12T06:30:55","modified_gmt":"2020-11-12T06:30:55","slug":"einsatz-50-2020","status":"publish","type":"page","link":"https:\/\/feuerwehr-weinboehla.de\/?page_id=2016","title":{"rendered":"Einsatz 50 &#8211; 2020"},"content":{"rendered":"\n<div class=\"wp-block-columns is-layout-flex wp-container-core-columns-is-layout-9d6595d7 wp-block-columns-is-layout-flex\">\n<div class=\"wp-block-column is-layout-flow wp-block-column-is-layout-flow\" style=\"flex-basis:33.33%\">\n<iframe loading=\"lazy\" src=\"https:\/\/www.google.com\/maps\/embed?pb=!1m18!1m12!1m3!1d1251.0602187360132!2d13.583240658344852!3d51.16156899489492!2m3!1f0!2f0!3f0!3m2!1i1024!2i768!4f13.1!3m3!1m2!1s0x0%3A0x0!2zNTHCsDA5JzQxLjciTiAxM8KwMzUnMDMuNiJF!5e0!3m2!1sde!2sde!4v1605162640018!5m2!1sde!2sde\" width=\"600\" height=\"450\" frameborder=\"0\" style=\"border:0;\" allowfullscreen=\"\" aria-hidden=\"false\" tabindex=\"0\"><\/iframe>\n<\/div>\n\n\n\n<div class=\"wp-block-column is-layout-flow wp-block-column-is-layout-flow\" style=\"flex-basis:66.66%\">\n<figure class=\"wp-block-table is-style-stripes\"><table><tbody><tr><td> Einsatzart <\/td><td>Hilfeleistung VKU<\/td><\/tr><tr><td> Einsatzstichwort <\/td><td>h-klein-k<\/td><\/tr><tr><td> Einsatzort <\/td><td>Spitzgrunfstr.# Laubenstra\u00dfe<\/td><\/tr><tr><td> Einsatzbeginn <\/td><td>09.08.2020 16:30Uhr<\/td><\/tr><tr><td> Einsatzende <\/td><td>09.08.2020 19:00Uhr<\/td><\/tr><tr><td> Einsatzkr\u00e4fte <\/td><td>11<\/td><\/tr><tr><td> Fahrzeuge <\/td><td>VRW<br>TLF3000St<\/td><\/tr><tr><td> Weitere Kr\u00e4fte <\/td><td>polizei<\/td><\/tr><tr><td> Links <\/td><td>&#8211;<\/td><\/tr><\/tbody><\/table><\/figure>\n<\/div>\n<\/div>\n","protected":false},"excerpt":{"rendered":"<p>Einsatzart Hilfeleistung VKU Einsatzstichwort h-klein-k Einsatzort Spitzgrunfstr.# Laubenstra\u00dfe Einsatzbeginn 09.08.2020 16:30Uhr Einsatzende 09.08.2020 19:00Uhr Einsatzkr\u00e4fte 11 Fahrzeuge VRWTLF3000St Weitere Kr\u00e4fte polizei Links &#8211;<\/p>\n","protected":false},"author":1,"featured_media":0,"parent":0,"menu_order":0,"comment_status":"closed","ping_status":"closed","template":"","meta":{"footnotes":""},"class_list":["post-2016","page","type-page","status-publish","hentry"],"_links":{"self":[{"href":"https:\/\/feuerwehr-weinboehla.de\/index.php?rest_route=\/wp\/v2\/pages\/2016","targetHints":{"allow":["GET"]}}],"collection":[{"href":"https:\/\/feuerwehr-weinboehla.de\/index.php?rest_route=\/wp\/v2\/pages"}],"about":[{"href":"https:\/\/feuerwehr-weinboehla.de\/index.php?rest_route=\/wp\/v2\/types\/page"}],"author":[{"embeddable":true,"href":"https:\/\/feuerwehr-weinboehla.de\/index.php?rest_route=\/wp\/v2\/users\/1"}],"replies":[{"embeddable":true,"href":"https:\/\/feuerwehr-weinboehla.de\/index.php?rest_route=%2Fwp%2Fv2%2Fcomments&post=2016"}],"version-history":[{"count":1,"href":"https:\/\/feuerwehr-weinboehla.de\/index.php?rest_route=\/wp\/v2\/pages\/2016\/revisions"}],"predecessor-version":[{"id":2019,"href":"https:\/\/feuerwehr-weinboehla.de\/index.php?rest_route=\/wp\/v2\/pages\/2016\/revisions\/2019"}],"wp:attachment":[{"href":"https:\/\/feuerwehr-weinboehla.de\/index.php?rest_route=%2Fwp%2Fv2%2Fmedia&parent=2016"}],"curies":[{"name":"wp","href":"https:\/\/api.w.org\/{rel}","templated":true}]}}