{"id":2038,"date":"2020-11-12T07:13:15","date_gmt":"2020-11-12T07:13:15","guid":{"rendered":"https:\/\/feuerwehr-weinboehla.de\/?page_id=2038"},"modified":"2020-11-12T07:13:15","modified_gmt":"2020-11-12T07:13:15","slug":"einsatz-56-2020-2","status":"publish","type":"page","link":"https:\/\/feuerwehr-weinboehla.de\/?page_id=2038","title":{"rendered":"Einsatz 56 -2020"},"content":{"rendered":"\n<div class=\"wp-block-columns is-layout-flex wp-container-core-columns-is-layout-9d6595d7 wp-block-columns-is-layout-flex\">\n<div class=\"wp-block-column is-layout-flow wp-block-column-is-layout-flow\" style=\"flex-basis:33.33%\">\n<iframe loading=\"lazy\" src=\"https:\/\/www.google.com\/maps\/embed?pb=!1m18!1m12!1m3!1d2501.710305737117!2d13.603363316064604!3d51.16912997958096!2m3!1f0!2f0!3f0!3m2!1i1024!2i768!4f13.1!3m3!1m2!1s0x0%3A0x0!2zNTHCsDEwJzA4LjkiTiAxM8KwMzYnMjAuMCJF!5e0!3m2!1sde!2sde!4v1605165158555!5m2!1sde!2sde\" width=\"600\" height=\"450\" frameborder=\"0\" style=\"border:0;\" allowfullscreen=\"\" aria-hidden=\"false\" tabindex=\"0\"><\/iframe>\n<\/div>\n\n\n\n<div class=\"wp-block-column is-layout-flow wp-block-column-is-layout-flow\" style=\"flex-basis:66.66%\">\n<figure class=\"wp-block-table is-style-stripes\"><table><tbody><tr><td> Einsatzart <\/td><td>THL Sturmsch\u00e4den Ast in Freileitung<\/td><\/tr><tr><td> Einsatzstichwort <\/td><td>h-klein-k<\/td><\/tr><tr><td> Einsatzort <\/td><td>Waldweg<br>01689 Weinb\u00f6hla<\/td><\/tr><tr><td> Einsatzbeginn <\/td><td>22.08.2020 10:18Uhr<\/td><\/tr><tr><td> Einsatzende <\/td><td>22.08.2020 11:10Uhr<\/td><\/tr><tr><td> Einsatzkr\u00e4fte <\/td><td>7<\/td><\/tr><tr><td> Fahrzeuge <\/td><td>TLK 23\/12<br>VRW<\/td><\/tr><tr><td> Weitere Kr\u00e4fte <\/td><td>&#8211;<\/td><\/tr><tr><td> Links <\/td><td>&#8211;<\/td><\/tr><\/tbody><\/table><\/figure>\n<\/div>\n<\/div>\n","protected":false},"excerpt":{"rendered":"<p>Einsatzart THL Sturmsch\u00e4den Ast in Freileitung Einsatzstichwort h-klein-k Einsatzort Waldweg01689 Weinb\u00f6hla Einsatzbeginn 22.08.2020 10:18Uhr Einsatzende 22.08.2020 11:10Uhr Einsatzkr\u00e4fte 7 Fahrzeuge TLK 23\/12VRW Weitere Kr\u00e4fte &#8211; Links &#8211;<\/p>\n","protected":false},"author":1,"featured_media":0,"parent":0,"menu_order":0,"comment_status":"closed","ping_status":"closed","template":"","meta":{"footnotes":""},"class_list":["post-2038","page","type-page","status-publish","hentry"],"_links":{"self":[{"href":"https:\/\/feuerwehr-weinboehla.de\/index.php?rest_route=\/wp\/v2\/pages\/2038","targetHints":{"allow":["GET"]}}],"collection":[{"href":"https:\/\/feuerwehr-weinboehla.de\/index.php?rest_route=\/wp\/v2\/pages"}],"about":[{"href":"https:\/\/feuerwehr-weinboehla.de\/index.php?rest_route=\/wp\/v2\/types\/page"}],"author":[{"embeddable":true,"href":"https:\/\/feuerwehr-weinboehla.de\/index.php?rest_route=\/wp\/v2\/users\/1"}],"replies":[{"embeddable":true,"href":"https:\/\/feuerwehr-weinboehla.de\/index.php?rest_route=%2Fwp%2Fv2%2Fcomments&post=2038"}],"version-history":[{"count":1,"href":"https:\/\/feuerwehr-weinboehla.de\/index.php?rest_route=\/wp\/v2\/pages\/2038\/revisions"}],"predecessor-version":[{"id":2040,"href":"https:\/\/feuerwehr-weinboehla.de\/index.php?rest_route=\/wp\/v2\/pages\/2038\/revisions\/2040"}],"wp:attachment":[{"href":"https:\/\/feuerwehr-weinboehla.de\/index.php?rest_route=%2Fwp%2Fv2%2Fmedia&parent=2038"}],"curies":[{"name":"wp","href":"https:\/\/api.w.org\/{rel}","templated":true}]}}