{"id":2078,"date":"2020-11-12T08:26:06","date_gmt":"2020-11-12T08:26:06","guid":{"rendered":"https:\/\/feuerwehr-weinboehla.de\/?page_id=2078"},"modified":"2020-11-12T08:26:06","modified_gmt":"2020-11-12T08:26:06","slug":"einsatz-67-02020","status":"publish","type":"page","link":"https:\/\/feuerwehr-weinboehla.de\/?page_id=2078","title":{"rendered":"Einsatz 67 &#8211; 02020"},"content":{"rendered":"\n<div class=\"wp-block-columns is-layout-flex wp-container-core-columns-is-layout-9d6595d7 wp-block-columns-is-layout-flex\">\n<div class=\"wp-block-column is-layout-flow wp-block-column-is-layout-flow\" style=\"flex-basis:66.66%\">\n<figure class=\"wp-block-table is-style-stripes\"><table><tbody><tr><td> Einsatzart <\/td><td>BE M\u00fcllbeh\u00e4lter\/ Container<\/td><\/tr><tr><td> Einsatzstichwort <\/td><td>b-mittel-u<\/td><\/tr><tr><td> Einsatzort <\/td><td>Alte Weinbergstra\u00dfe<br>01689 Weinb\u00f6hla<\/td><\/tr><tr><td> Einsatzbeginn <\/td><td>14.09.2020 14:38Uhr<\/td><\/tr><tr><td> Einsatzende <\/td><td>14.09.2020 15:40Uhr<\/td><\/tr><tr><td> Einsatzkr\u00e4fte <\/td><td>12<\/td><\/tr><tr><td> Fahrzeuge <\/td><td>TLK23\/12<br>LF 16\/12<\/td><\/tr><tr><td> Weitere Kr\u00e4fte <\/td><td>FF Niederau<br>FF Grosdobritz<br>FF Okrilla<br>RT Meissen<\/td><\/tr><tr><td> Links <\/td><td>&#8211;<\/td><\/tr><\/tbody><\/table><\/figure>\n<\/div>\n\n\n\n<div class=\"wp-block-column is-layout-flow wp-block-column-is-layout-flow\" style=\"flex-basis:33.33%\">\n<iframe loading=\"lazy\" src=\"https:\/\/www.google.com\/maps\/embed?pb=!1m18!1m12!1m3!1d1251.0592152499644!2d13.577443772071238!3d51.16160599639018!2m3!1f0!2f0!3f0!3m2!1i1024!2i768!4f13.1!3m3!1m2!1s0x0%3A0x0!2zNTHCsDA5JzQxLjgiTiAxM8KwMzQnNDIuMSJF!5e0!3m2!1sde!2sde!4v1605169550987!5m2!1sde!2sde\" width=\"600\" height=\"450\" frameborder=\"0\" style=\"border:0;\" allowfullscreen=\"\" aria-hidden=\"false\" tabindex=\"0\"><\/iframe>\n<\/div>\n<\/div>\n","protected":false},"excerpt":{"rendered":"<p>Einsatzart BE M\u00fcllbeh\u00e4lter\/ Container Einsatzstichwort b-mittel-u Einsatzort Alte Weinbergstra\u00dfe01689 Weinb\u00f6hla Einsatzbeginn 14.09.2020 14:38Uhr Einsatzende 14.09.2020 15:40Uhr Einsatzkr\u00e4fte 12 Fahrzeuge TLK23\/12LF 16\/12 Weitere Kr\u00e4fte FF NiederauFF GrosdobritzFF OkrillaRT Meissen Links &#8211;<\/p>\n","protected":false},"author":1,"featured_media":0,"parent":0,"menu_order":0,"comment_status":"closed","ping_status":"closed","template":"","meta":{"footnotes":""},"class_list":["post-2078","page","type-page","status-publish","hentry"],"_links":{"self":[{"href":"https:\/\/feuerwehr-weinboehla.de\/index.php?rest_route=\/wp\/v2\/pages\/2078","targetHints":{"allow":["GET"]}}],"collection":[{"href":"https:\/\/feuerwehr-weinboehla.de\/index.php?rest_route=\/wp\/v2\/pages"}],"about":[{"href":"https:\/\/feuerwehr-weinboehla.de\/index.php?rest_route=\/wp\/v2\/types\/page"}],"author":[{"embeddable":true,"href":"https:\/\/feuerwehr-weinboehla.de\/index.php?rest_route=\/wp\/v2\/users\/1"}],"replies":[{"embeddable":true,"href":"https:\/\/feuerwehr-weinboehla.de\/index.php?rest_route=%2Fwp%2Fv2%2Fcomments&post=2078"}],"version-history":[{"count":1,"href":"https:\/\/feuerwehr-weinboehla.de\/index.php?rest_route=\/wp\/v2\/pages\/2078\/revisions"}],"predecessor-version":[{"id":2080,"href":"https:\/\/feuerwehr-weinboehla.de\/index.php?rest_route=\/wp\/v2\/pages\/2078\/revisions\/2080"}],"wp:attachment":[{"href":"https:\/\/feuerwehr-weinboehla.de\/index.php?rest_route=%2Fwp%2Fv2%2Fmedia&parent=2078"}],"curies":[{"name":"wp","href":"https:\/\/api.w.org\/{rel}","templated":true}]}}