{"id":2084,"date":"2020-11-12T08:37:19","date_gmt":"2020-11-12T08:37:19","guid":{"rendered":"https:\/\/feuerwehr-weinboehla.de\/?page_id=2084"},"modified":"2020-11-12T08:37:20","modified_gmt":"2020-11-12T08:37:20","slug":"einsatz-69-2020","status":"publish","type":"page","link":"https:\/\/feuerwehr-weinboehla.de\/?page_id=2084","title":{"rendered":"Einsatz 69 &#8211; 2020"},"content":{"rendered":"\n<div class=\"wp-block-columns is-layout-flex wp-container-core-columns-is-layout-9d6595d7 wp-block-columns-is-layout-flex\">\n<div class=\"wp-block-column is-layout-flow wp-block-column-is-layout-flow\" style=\"flex-basis:66.66%\">\n<figure class=\"wp-block-table is-style-stripes\"><table><tbody><tr><td> Einsatzart <\/td><td>BE Oberschule<\/td><\/tr><tr><td> Einsatzstichwort <\/td><td>\u00dcbung<\/td><\/tr><tr><td> Einsatzort <\/td><td>Sachsenstra\u00dfe<br>01689 Weinb\u00f6hla<\/td><\/tr><tr><td> Einsatzbeginn <\/td><td>15.09.2020 09:15Uhr<\/td><\/tr><tr><td> Einsatzende <\/td><td>15.09.2020 10:45Uhr<\/td><\/tr><tr><td> Einsatzkr\u00e4fte <\/td><td>15<\/td><\/tr><tr><td> Fahrzeuge <\/td><td>TLK23\/12<br>LF16\/12<br>TLF3000St<br>KdoW<\/td><\/tr><tr><td> Weitere Kr\u00e4fte <\/td><td>&#8211;<\/td><\/tr><tr><td> Links <\/td><td>&#8211;<\/td><\/tr><\/tbody><\/table><\/figure>\n<\/div>\n\n\n\n<div class=\"wp-block-column is-layout-flow wp-block-column-is-layout-flow\" style=\"flex-basis:33.33%\">\n<iframe loading=\"lazy\" src=\"https:\/\/www.google.com\/maps\/embed?pb=!1m18!1m12!1m3!1d1250.9656755379194!2d13.569471183666131!3d51.165054997447555!2m3!1f0!2f0!3f0!3m2!1i1024!2i768!4f13.1!3m3!1m2!1s0x0%3A0x0!2zNTHCsDA5JzU0LjIiTiAxM8KwMzQnMTIuOSJF!5e0!3m2!1sde!2sde!4v1605170226324!5m2!1sde!2sde\" width=\"600\" height=\"450\" frameborder=\"0\" style=\"border:0;\" allowfullscreen=\"\" aria-hidden=\"false\" tabindex=\"0\"><\/iframe>\n<\/div>\n<\/div>\n","protected":false},"excerpt":{"rendered":"<p>Einsatzart BE Oberschule Einsatzstichwort \u00dcbung Einsatzort Sachsenstra\u00dfe01689 Weinb\u00f6hla Einsatzbeginn 15.09.2020 09:15Uhr Einsatzende 15.09.2020 10:45Uhr Einsatzkr\u00e4fte 15 Fahrzeuge TLK23\/12LF16\/12TLF3000StKdoW Weitere Kr\u00e4fte &#8211; Links &#8211;<\/p>\n","protected":false},"author":1,"featured_media":0,"parent":0,"menu_order":0,"comment_status":"closed","ping_status":"closed","template":"","meta":{"footnotes":""},"class_list":["post-2084","page","type-page","status-publish","hentry"],"_links":{"self":[{"href":"https:\/\/feuerwehr-weinboehla.de\/index.php?rest_route=\/wp\/v2\/pages\/2084","targetHints":{"allow":["GET"]}}],"collection":[{"href":"https:\/\/feuerwehr-weinboehla.de\/index.php?rest_route=\/wp\/v2\/pages"}],"about":[{"href":"https:\/\/feuerwehr-weinboehla.de\/index.php?rest_route=\/wp\/v2\/types\/page"}],"author":[{"embeddable":true,"href":"https:\/\/feuerwehr-weinboehla.de\/index.php?rest_route=\/wp\/v2\/users\/1"}],"replies":[{"embeddable":true,"href":"https:\/\/feuerwehr-weinboehla.de\/index.php?rest_route=%2Fwp%2Fv2%2Fcomments&post=2084"}],"version-history":[{"count":1,"href":"https:\/\/feuerwehr-weinboehla.de\/index.php?rest_route=\/wp\/v2\/pages\/2084\/revisions"}],"predecessor-version":[{"id":2086,"href":"https:\/\/feuerwehr-weinboehla.de\/index.php?rest_route=\/wp\/v2\/pages\/2084\/revisions\/2086"}],"wp:attachment":[{"href":"https:\/\/feuerwehr-weinboehla.de\/index.php?rest_route=%2Fwp%2Fv2%2Fmedia&parent=2084"}],"curies":[{"name":"wp","href":"https:\/\/api.w.org\/{rel}","templated":true}]}}