{"id":2087,"date":"2020-11-12T08:43:57","date_gmt":"2020-11-12T08:43:57","guid":{"rendered":"https:\/\/feuerwehr-weinboehla.de\/?page_id=2087"},"modified":"2020-11-12T08:43:57","modified_gmt":"2020-11-12T08:43:57","slug":"einsatz-70-2020","status":"publish","type":"page","link":"https:\/\/feuerwehr-weinboehla.de\/?page_id=2087","title":{"rendered":"Einsatz 70 &#8211; 2020"},"content":{"rendered":"\n<div class=\"wp-block-columns is-layout-flex wp-container-core-columns-is-layout-9d6595d7 wp-block-columns-is-layout-flex\">\n<div class=\"wp-block-column is-layout-flow wp-block-column-is-layout-flow\" style=\"flex-basis:66.66%\">\n<figure class=\"wp-block-table is-style-stripes\"><table><tbody><tr><td> Einsatzart <\/td><td>BE Baum<\/td><\/tr><tr><td> Einsatzstichwort <\/td><td>Brand A<\/td><\/tr><tr><td> Einsatzort <\/td><td>Gabelbergerstra\u00dfe<br>01689 Weinb\u00f6hla<\/td><\/tr><tr><td> Einsatzbeginn <\/td><td>16.09.2020 18:11Uhr<\/td><\/tr><tr><td> Einsatzende <\/td><td>16.09.2020 18:40Uhr<\/td><\/tr><tr><td> Einsatzkr\u00e4fte <\/td><td>9<\/td><\/tr><tr><td> Fahrzeuge <\/td><td>LF16\/12<\/td><\/tr><tr><td> Weitere Kr\u00e4fte <\/td><td>&#8211;<\/td><\/tr><tr><td> Links <\/td><td>&#8211;<\/td><\/tr><\/tbody><\/table><\/figure>\n<\/div>\n\n\n\n<div class=\"wp-block-column is-layout-flow wp-block-column-is-layout-flow\" style=\"flex-basis:33.33%\">\n<iframe loading=\"lazy\" src=\"https:\/\/www.google.com\/maps\/embed?pb=!1m18!1m12!1m3!1d1250.7987085283191!2d13.570412300641904!3d51.17121099819522!2m3!1f0!2f0!3f0!3m2!1i1024!2i768!4f13.1!3m3!1m2!1s0x0%3A0x0!2zNTHCsDEwJzE2LjQiTiAxM8KwMzQnMTUuOCJF!5e0!3m2!1sde!2sde!4v1605170615106!5m2!1sde!2sde\" width=\"600\" height=\"450\" frameborder=\"0\" style=\"border:0;\" allowfullscreen=\"\" aria-hidden=\"false\" tabindex=\"0\"><\/iframe>\n<\/div>\n<\/div>\n","protected":false},"excerpt":{"rendered":"<p>Einsatzart BE Baum Einsatzstichwort Brand A Einsatzort Gabelbergerstra\u00dfe01689 Weinb\u00f6hla Einsatzbeginn 16.09.2020 18:11Uhr Einsatzende 16.09.2020 18:40Uhr Einsatzkr\u00e4fte 9 Fahrzeuge LF16\/12 Weitere Kr\u00e4fte &#8211; Links &#8211;<\/p>\n","protected":false},"author":1,"featured_media":0,"parent":0,"menu_order":0,"comment_status":"closed","ping_status":"closed","template":"","meta":{"footnotes":""},"class_list":["post-2087","page","type-page","status-publish","hentry"],"_links":{"self":[{"href":"https:\/\/feuerwehr-weinboehla.de\/index.php?rest_route=\/wp\/v2\/pages\/2087","targetHints":{"allow":["GET"]}}],"collection":[{"href":"https:\/\/feuerwehr-weinboehla.de\/index.php?rest_route=\/wp\/v2\/pages"}],"about":[{"href":"https:\/\/feuerwehr-weinboehla.de\/index.php?rest_route=\/wp\/v2\/types\/page"}],"author":[{"embeddable":true,"href":"https:\/\/feuerwehr-weinboehla.de\/index.php?rest_route=\/wp\/v2\/users\/1"}],"replies":[{"embeddable":true,"href":"https:\/\/feuerwehr-weinboehla.de\/index.php?rest_route=%2Fwp%2Fv2%2Fcomments&post=2087"}],"version-history":[{"count":1,"href":"https:\/\/feuerwehr-weinboehla.de\/index.php?rest_route=\/wp\/v2\/pages\/2087\/revisions"}],"predecessor-version":[{"id":2089,"href":"https:\/\/feuerwehr-weinboehla.de\/index.php?rest_route=\/wp\/v2\/pages\/2087\/revisions\/2089"}],"wp:attachment":[{"href":"https:\/\/feuerwehr-weinboehla.de\/index.php?rest_route=%2Fwp%2Fv2%2Fmedia&parent=2087"}],"curies":[{"name":"wp","href":"https:\/\/api.w.org\/{rel}","templated":true}]}}