{"id":2095,"date":"2020-11-12T16:44:17","date_gmt":"2020-11-12T16:44:17","guid":{"rendered":"https:\/\/feuerwehr-weinboehla.de\/?page_id=2095"},"modified":"2020-11-12T16:44:17","modified_gmt":"2020-11-12T16:44:17","slug":"einsatz-86-2020","status":"publish","type":"page","link":"https:\/\/feuerwehr-weinboehla.de\/?page_id=2095","title":{"rendered":"Einsatz 86 &#8211; 2020"},"content":{"rendered":"\n<div class=\"wp-block-columns is-layout-flex wp-container-core-columns-is-layout-9d6595d7 wp-block-columns-is-layout-flex\">\n<div class=\"wp-block-column is-layout-flow wp-block-column-is-layout-flow\" style=\"flex-basis:66.66%\">\n<figure class=\"wp-block-table is-style-stripes\"><table><tbody><tr><td> Einsatzart <\/td><td>Ausgel\u00f6ste BMA<\/td><\/tr><tr><td> Einsatzstichwort <\/td><td>b- klein-k<\/td><\/tr><tr><td> Einsatzort <\/td><td>K\u00f6hlerstra\u00dfe <br>01640 Coswig OT Neus\u00f6rnewitz<\/td><\/tr><tr><td> Einsatzbeginn <\/td><td>12.11.2020 15:05Uhr<\/td><\/tr><tr><td> Einsatzende <\/td><td>12.11.2020 15:23Uhr<\/td><\/tr><tr><td> Einsatzkr\u00e4fte <\/td><td>8<\/td><\/tr><tr><td> Fahrzeuge <\/td><td>LF16\/12<\/td><\/tr><tr><td> Weitere Kr\u00e4fte <\/td><td>&#8211;<\/td><\/tr><tr><td> Links <\/td><td>&#8211;<\/td><\/tr><\/tbody><\/table><\/figure>\n<\/div>\n\n\n\n<div class=\"wp-block-column is-layout-flow wp-block-column-is-layout-flow\" style=\"flex-basis:33.33%\">\n<iframe loading=\"lazy\" src=\"https:\/\/www.google.com\/maps\/embed?pb=!1m18!1m12!1m3!1d2502.9816236559286!2d13.54525331562151!3d51.145689979577305!2m3!1f0!2f0!3f0!3m2!1i1024!2i768!4f13.1!3m3!1m2!1s0x0%3A0x0!2zNTHCsDA4JzQ0LjUiTiAxM8KwMzInNTAuOCJF!5e0!3m2!1sde!2sde!4v1605199109989!5m2!1sde!2sde\" width=\"600\" height=\"450\" frameborder=\"0\" style=\"border:0;\" allowfullscreen=\"\" aria-hidden=\"false\" tabindex=\"0\"><\/iframe>\n<\/div>\n<\/div>\n","protected":false},"excerpt":{"rendered":"<p>Einsatzart Ausgel\u00f6ste BMA Einsatzstichwort b- klein-k Einsatzort K\u00f6hlerstra\u00dfe 01640 Coswig OT Neus\u00f6rnewitz Einsatzbeginn 12.11.2020 15:05Uhr Einsatzende 12.11.2020 15:23Uhr Einsatzkr\u00e4fte 8 Fahrzeuge LF16\/12 Weitere Kr\u00e4fte &#8211; Links &#8211;<\/p>\n","protected":false},"author":1,"featured_media":0,"parent":0,"menu_order":0,"comment_status":"closed","ping_status":"closed","template":"","meta":{"footnotes":""},"class_list":["post-2095","page","type-page","status-publish","hentry"],"_links":{"self":[{"href":"https:\/\/feuerwehr-weinboehla.de\/index.php?rest_route=\/wp\/v2\/pages\/2095","targetHints":{"allow":["GET"]}}],"collection":[{"href":"https:\/\/feuerwehr-weinboehla.de\/index.php?rest_route=\/wp\/v2\/pages"}],"about":[{"href":"https:\/\/feuerwehr-weinboehla.de\/index.php?rest_route=\/wp\/v2\/types\/page"}],"author":[{"embeddable":true,"href":"https:\/\/feuerwehr-weinboehla.de\/index.php?rest_route=\/wp\/v2\/users\/1"}],"replies":[{"embeddable":true,"href":"https:\/\/feuerwehr-weinboehla.de\/index.php?rest_route=%2Fwp%2Fv2%2Fcomments&post=2095"}],"version-history":[{"count":1,"href":"https:\/\/feuerwehr-weinboehla.de\/index.php?rest_route=\/wp\/v2\/pages\/2095\/revisions"}],"predecessor-version":[{"id":2098,"href":"https:\/\/feuerwehr-weinboehla.de\/index.php?rest_route=\/wp\/v2\/pages\/2095\/revisions\/2098"}],"wp:attachment":[{"href":"https:\/\/feuerwehr-weinboehla.de\/index.php?rest_route=%2Fwp%2Fv2%2Fmedia&parent=2095"}],"curies":[{"name":"wp","href":"https:\/\/api.w.org\/{rel}","templated":true}]}}