{"id":2114,"date":"2020-12-03T16:55:02","date_gmt":"2020-12-03T16:55:02","guid":{"rendered":"https:\/\/feuerwehr-weinboehla.de\/?page_id=2114"},"modified":"2020-12-03T16:55:02","modified_gmt":"2020-12-03T16:55:02","slug":"einsatz-89","status":"publish","type":"page","link":"https:\/\/feuerwehr-weinboehla.de\/?page_id=2114","title":{"rendered":"Einsatz 89"},"content":{"rendered":"\n<div class=\"wp-block-columns is-layout-flex wp-container-core-columns-is-layout-9d6595d7 wp-block-columns-is-layout-flex\">\n<div class=\"wp-block-column is-layout-flow wp-block-column-is-layout-flow\" style=\"flex-basis:33.33%\">\n<iframe loading=\"lazy\" src=\"https:\/\/www.google.com\/maps\/embed?pb=!1m18!1m12!1m3!1d625.393590428958!2d13.57770482927475!3d51.171635998723865!2m3!1f0!2f0!3f0!3m2!1i1024!2i768!4f13.1!3m3!1m2!1s0x0%3A0x0!2zNTHCsDEwJzE3LjkiTiAxM8KwMzQnNDEuNyJF!5e0!3m2!1sde!2sde!4v1607014470011!5m2!1sde!2sde\" width=\"600\" height=\"450\" frameborder=\"0\" style=\"border:0;\" allowfullscreen=\"\" aria-hidden=\"false\" tabindex=\"0\"><\/iframe>\n<\/div>\n\n\n\n<div class=\"wp-block-column is-layout-flow wp-block-column-is-layout-flow\" style=\"flex-basis:66.66%\">\n<figure class=\"wp-block-table is-style-stripes\"><table><tbody><tr><td> Einsatzart <\/td><td>THL Retten vom Personen<\/td><\/tr><tr><td> Einsatzstichwort <\/td><td>h-klein-u<\/td><\/tr><tr><td> Einsatzort <\/td><td>Nordstra\u00dfe<br>01689 Weinb\u00f6hla<\/td><\/tr><tr><td> Einsatzbeginn <\/td><td>21.11.2020 14:27Uhr<\/td><\/tr><tr><td> Einsatzende <\/td><td>21.11.2020 14:55<\/td><\/tr><tr><td> Einsatzkr\u00e4fte <\/td><td>9<\/td><\/tr><tr><td> Fahrzeuge <\/td><td>VRW, TLF3000St<\/td><\/tr><tr><td> Weitere Kr\u00e4fte <\/td><td>&#8211;<\/td><\/tr><tr><td> Links <\/td><td>&#8211;<\/td><\/tr><\/tbody><\/table><\/figure>\n<\/div>\n<\/div>\n","protected":false},"excerpt":{"rendered":"<p>Einsatzart THL Retten vom Personen Einsatzstichwort h-klein-u Einsatzort Nordstra\u00dfe01689 Weinb\u00f6hla Einsatzbeginn 21.11.2020 14:27Uhr Einsatzende 21.11.2020 14:55 Einsatzkr\u00e4fte 9 Fahrzeuge VRW, TLF3000St Weitere Kr\u00e4fte &#8211; Links &#8211;<\/p>\n","protected":false},"author":1,"featured_media":0,"parent":0,"menu_order":0,"comment_status":"closed","ping_status":"closed","template":"","meta":{"footnotes":""},"class_list":["post-2114","page","type-page","status-publish","hentry"],"_links":{"self":[{"href":"https:\/\/feuerwehr-weinboehla.de\/index.php?rest_route=\/wp\/v2\/pages\/2114","targetHints":{"allow":["GET"]}}],"collection":[{"href":"https:\/\/feuerwehr-weinboehla.de\/index.php?rest_route=\/wp\/v2\/pages"}],"about":[{"href":"https:\/\/feuerwehr-weinboehla.de\/index.php?rest_route=\/wp\/v2\/types\/page"}],"author":[{"embeddable":true,"href":"https:\/\/feuerwehr-weinboehla.de\/index.php?rest_route=\/wp\/v2\/users\/1"}],"replies":[{"embeddable":true,"href":"https:\/\/feuerwehr-weinboehla.de\/index.php?rest_route=%2Fwp%2Fv2%2Fcomments&post=2114"}],"version-history":[{"count":1,"href":"https:\/\/feuerwehr-weinboehla.de\/index.php?rest_route=\/wp\/v2\/pages\/2114\/revisions"}],"predecessor-version":[{"id":2116,"href":"https:\/\/feuerwehr-weinboehla.de\/index.php?rest_route=\/wp\/v2\/pages\/2114\/revisions\/2116"}],"wp:attachment":[{"href":"https:\/\/feuerwehr-weinboehla.de\/index.php?rest_route=%2Fwp%2Fv2%2Fmedia&parent=2114"}],"curies":[{"name":"wp","href":"https:\/\/api.w.org\/{rel}","templated":true}]}}