{"id":2119,"date":"2020-12-03T17:05:15","date_gmt":"2020-12-03T17:05:15","guid":{"rendered":"https:\/\/feuerwehr-weinboehla.de\/?page_id=2119"},"modified":"2020-12-03T17:05:15","modified_gmt":"2020-12-03T17:05:15","slug":"einsatz-88-2020","status":"publish","type":"page","link":"https:\/\/feuerwehr-weinboehla.de\/?page_id=2119","title":{"rendered":"Einsatz 88 &#8211; 2020"},"content":{"rendered":"\n<div class=\"wp-block-columns is-layout-flex wp-container-core-columns-is-layout-9d6595d7 wp-block-columns-is-layout-flex\">\n<div class=\"wp-block-column is-layout-flow wp-block-column-is-layout-flow\" style=\"flex-basis:33.33%\">\n<iframe loading=\"lazy\" src=\"https:\/\/www.google.com\/maps\/embed?pb=!1m18!1m12!1m3!1d625.8615418596852!2d13.518161829274678!3d51.1371229987235!2m3!1f0!2f0!3f0!3m2!1i1024!2i768!4f13.1!3m3!1m2!1s0x0%3A0x0!2zNTHCsDA4JzEzLjYiTiAxM8KwMzEnMDcuNCJF!5e0!3m2!1sde!2sde!4v1607015093081!5m2!1sde!2sde\" width=\"600\" height=\"450\" frameborder=\"0\" style=\"border:0;\" allowfullscreen=\"\" aria-hidden=\"false\" tabindex=\"0\"><\/iframe>\n<\/div>\n\n\n\n<div class=\"wp-block-column is-layout-flow wp-block-column-is-layout-flow\" style=\"flex-basis:66.66%\">\n<figure class=\"wp-block-table is-style-stripes\"><table><tbody><tr><td> Einsatzart <\/td><td>Brand Wohnhaus<\/td><\/tr><tr><td> Einsatzstichwort <\/td><td>b-mittel-u Geb\u00e4ude<\/td><\/tr><tr><td> Einsatzort <\/td><td>Dresdner Stra\u00dfe<br>01640 Coswig OT S\u00f6rnewitz<\/td><\/tr><tr><td> Einsatzbeginn <\/td><td>18.11.2020 12:08Uhr<\/td><\/tr><tr><td> Einsatzende <\/td><td>18.11.2020 13:57Uhr<\/td><\/tr><tr><td> Einsatzkr\u00e4fte <\/td><td>11<\/td><\/tr><tr><td> Fahrzeuge <\/td><td>LF 16\/12 <br>GWA<\/td><\/tr><tr><td> Weitere Kr\u00e4fte <\/td><td>FF Meissen <br>FF Brockwitz<br>FF Coswig<\/td><\/tr><tr><td> Links <\/td><td>&#8211;<\/td><\/tr><\/tbody><\/table><\/figure>\n<\/div>\n<\/div>\n","protected":false},"excerpt":{"rendered":"<p>Einsatzart Brand Wohnhaus Einsatzstichwort b-mittel-u Geb\u00e4ude Einsatzort Dresdner Stra\u00dfe01640 Coswig OT S\u00f6rnewitz Einsatzbeginn 18.11.2020 12:08Uhr Einsatzende 18.11.2020 13:57Uhr Einsatzkr\u00e4fte 11 Fahrzeuge LF 16\/12 GWA Weitere Kr\u00e4fte FF Meissen FF BrockwitzFF Coswig Links &#8211;<\/p>\n","protected":false},"author":1,"featured_media":0,"parent":0,"menu_order":0,"comment_status":"closed","ping_status":"closed","template":"","meta":{"footnotes":""},"class_list":["post-2119","page","type-page","status-publish","hentry"],"_links":{"self":[{"href":"https:\/\/feuerwehr-weinboehla.de\/index.php?rest_route=\/wp\/v2\/pages\/2119","targetHints":{"allow":["GET"]}}],"collection":[{"href":"https:\/\/feuerwehr-weinboehla.de\/index.php?rest_route=\/wp\/v2\/pages"}],"about":[{"href":"https:\/\/feuerwehr-weinboehla.de\/index.php?rest_route=\/wp\/v2\/types\/page"}],"author":[{"embeddable":true,"href":"https:\/\/feuerwehr-weinboehla.de\/index.php?rest_route=\/wp\/v2\/users\/1"}],"replies":[{"embeddable":true,"href":"https:\/\/feuerwehr-weinboehla.de\/index.php?rest_route=%2Fwp%2Fv2%2Fcomments&post=2119"}],"version-history":[{"count":1,"href":"https:\/\/feuerwehr-weinboehla.de\/index.php?rest_route=\/wp\/v2\/pages\/2119\/revisions"}],"predecessor-version":[{"id":2121,"href":"https:\/\/feuerwehr-weinboehla.de\/index.php?rest_route=\/wp\/v2\/pages\/2119\/revisions\/2121"}],"wp:attachment":[{"href":"https:\/\/feuerwehr-weinboehla.de\/index.php?rest_route=%2Fwp%2Fv2%2Fmedia&parent=2119"}],"curies":[{"name":"wp","href":"https:\/\/api.w.org\/{rel}","templated":true}]}}