{"id":2124,"date":"2020-12-03T17:13:36","date_gmt":"2020-12-03T17:13:36","guid":{"rendered":"https:\/\/feuerwehr-weinboehla.de\/?page_id=2124"},"modified":"2020-12-03T17:13:37","modified_gmt":"2020-12-03T17:13:37","slug":"einsatz-87-2020","status":"publish","type":"page","link":"https:\/\/feuerwehr-weinboehla.de\/?page_id=2124","title":{"rendered":"Einsatz 87 &#8211; 2020"},"content":{"rendered":"\n<div class=\"wp-block-columns is-layout-flex wp-container-core-columns-is-layout-9d6595d7 wp-block-columns-is-layout-flex\">\n<div class=\"wp-block-column is-layout-flow wp-block-column-is-layout-flow\" style=\"flex-basis:33.33%\">\nhttps:\/\/goo.gl\/maps\/bqf2iSwc1YNoFUmV6\n<\/div>\n\n\n\n<div class=\"wp-block-column is-layout-flow wp-block-column-is-layout-flow\" style=\"flex-basis:66.66%\">\n<figure class=\"wp-block-table is-style-stripes\"><table><tbody><tr><td> Einsatzart <\/td><td>THL Sturmsch\u00e4dewn <\/td><\/tr><tr><td> Einsatzstichwort <\/td><td>Baum droht auf Stra\u00dfe zu St\u00fcrzen<\/td><\/tr><tr><td> Einsatzort <\/td><td>Gr\u00fcne Telle # G-Weg<\/td><\/tr><tr><td> Einsatzbeginn <\/td><td>17.11.2020 14:10Uhr<\/td><\/tr><tr><td> Einsatzende <\/td><td>17.11.2020 14:55<\/td><\/tr><tr><td> Einsatzkr\u00e4fte <\/td><td>2<\/td><\/tr><tr><td> Fahrzeuge <\/td><td>TLF 3000St<\/td><\/tr><tr><td> Weitere Kr\u00e4fte <\/td><td>&#8211;<\/td><\/tr><tr><td> Links <\/td><td>&#8211;<\/td><\/tr><\/tbody><\/table><\/figure>\n<\/div>\n<\/div>\n","protected":false},"excerpt":{"rendered":"<p>https:\/\/goo.gl\/maps\/bqf2iSwc1YNoFUmV6 Einsatzart THL Sturmsch\u00e4dewn Einsatzstichwort Baum droht auf Stra\u00dfe zu St\u00fcrzen Einsatzort Gr\u00fcne Telle # G-Weg Einsatzbeginn 17.11.2020 14:10Uhr Einsatzende 17.11.2020 14:55 Einsatzkr\u00e4fte 2 Fahrzeuge TLF 3000St Weitere Kr\u00e4fte &#8211; Links &#8211;<\/p>\n","protected":false},"author":1,"featured_media":0,"parent":0,"menu_order":0,"comment_status":"closed","ping_status":"closed","template":"","meta":{"footnotes":""},"class_list":["post-2124","page","type-page","status-publish","hentry"],"_links":{"self":[{"href":"https:\/\/feuerwehr-weinboehla.de\/index.php?rest_route=\/wp\/v2\/pages\/2124","targetHints":{"allow":["GET"]}}],"collection":[{"href":"https:\/\/feuerwehr-weinboehla.de\/index.php?rest_route=\/wp\/v2\/pages"}],"about":[{"href":"https:\/\/feuerwehr-weinboehla.de\/index.php?rest_route=\/wp\/v2\/types\/page"}],"author":[{"embeddable":true,"href":"https:\/\/feuerwehr-weinboehla.de\/index.php?rest_route=\/wp\/v2\/users\/1"}],"replies":[{"embeddable":true,"href":"https:\/\/feuerwehr-weinboehla.de\/index.php?rest_route=%2Fwp%2Fv2%2Fcomments&post=2124"}],"version-history":[{"count":1,"href":"https:\/\/feuerwehr-weinboehla.de\/index.php?rest_route=\/wp\/v2\/pages\/2124\/revisions"}],"predecessor-version":[{"id":2126,"href":"https:\/\/feuerwehr-weinboehla.de\/index.php?rest_route=\/wp\/v2\/pages\/2124\/revisions\/2126"}],"wp:attachment":[{"href":"https:\/\/feuerwehr-weinboehla.de\/index.php?rest_route=%2Fwp%2Fv2%2Fmedia&parent=2124"}],"curies":[{"name":"wp","href":"https:\/\/api.w.org\/{rel}","templated":true}]}}