{"id":247,"date":"2019-07-17T15:16:10","date_gmt":"2019-07-17T15:16:10","guid":{"rendered":"http:\/\/fw-wbl.feuerwehr-weinboehla.de\/?page_id=247"},"modified":"2020-02-20T15:57:49","modified_gmt":"2020-02-20T15:57:49","slug":"foerderverein-2","status":"publish","type":"page","link":"https:\/\/feuerwehr-weinboehla.de\/?page_id=247","title":{"rendered":"F\u00f6rderverein"},"content":{"rendered":"<p><b>der Freiwilligen Feuerwehr Weinb\u00f6hla e.V.<\/b><\/p>\n<p>Gr\u00fcndung: 13.03.1997&nbsp;Zweck und Aufgabe:<\/p>\n<ul>\n<li>F\u00f6rderung des Feuerschutzes und des Brandschutzgedankens<\/li>\n<li>Beschaffung und Weiterleitung von Mitteln an die Kommune zur F\u00f6rderung des Feuerschutzes<\/li>\n<li>Pflege von Ausr\u00fcstung und Technik, die nicht mehr im Einsatz sind (Traditionspflege)<\/li>\n<li>\u00d6ffentlichkeitsarbeit, ins besondere Werbung f\u00fcr den Brandschutzgedanken und die aktive Mitgliedschaft in der Wehr<\/li>\n<li>Besuch von Einrichtungen und Veranstaltungen, die der Traditionspflege und Kameradschaftspflege der Wehrangeh\u00f6rigen dienen sowie Besuch von Veranstaltungen anderer Wehren<\/li>\n<li>F\u00f6rderung der Kameradschaft (auch mit anderen Hilfsorganisationen)<\/li>\n<\/ul>\n<p>Beispiele f\u00fcr erreichtes:<\/p>\n<ul>\n<li>Anschaffung einer Traditionsfahne<\/li>\n<li>General\u00fcberholung, Austauschmotor und Neulackierung des Traditionsl\u00f6schfahrzeuges LF 15 Opel Blitz (Baujahr: 1942)<\/li>\n<li>Unterst\u00fctzung der Gemeinde bei Werterhaltungsma\u00dfnahmen und baulichen Ver\u00e4nderungen am Ger\u00e4tehaus<\/li>\n<li>Unterst\u00fctzung der Partnerschaftspflege mit der <b>Feuerwehr <\/b>unserer Partnergemeinde <b>Oftersheim <\/b>und unserer befreundeten<b> Feuerwehr Jablonec nad Jizerou<\/b> im Riesengebirge<\/li>\n<\/ul>\n","protected":false},"excerpt":{"rendered":"<p>der Freiwilligen Feuerwehr Weinb\u00f6hla e.V. Gr\u00fcndung: 13.03.1997&nbsp;Zweck und Aufgabe: F\u00f6rderung des Feuerschutzes und des Brandschutzgedankens Beschaffung und Weiterleitung von Mitteln an die Kommune zur F\u00f6rderung des Feuerschutzes Pflege von Ausr\u00fcstung und Technik, die nicht mehr im Einsatz sind (Traditionspflege) \u00d6ffentlichkeitsarbeit, ins besondere Werbung f\u00fcr den Brandschutzgedanken und die aktive Mitgliedschaft in der Wehr Besuch von &hellip; <\/p>\n<p class=\"link-more\"><a href=\"https:\/\/feuerwehr-weinboehla.de\/?page_id=247\" class=\"more-link\"><span class=\"screen-reader-text\">\u201eF\u00f6rderverein\u201c <\/span>weiterlesen<\/a><\/p>\n","protected":false},"author":1,"featured_media":0,"parent":0,"menu_order":0,"comment_status":"closed","ping_status":"closed","template":"","meta":{"footnotes":""},"class_list":["post-247","page","type-page","status-publish","hentry"],"_links":{"self":[{"href":"https:\/\/feuerwehr-weinboehla.de\/index.php?rest_route=\/wp\/v2\/pages\/247","targetHints":{"allow":["GET"]}}],"collection":[{"href":"https:\/\/feuerwehr-weinboehla.de\/index.php?rest_route=\/wp\/v2\/pages"}],"about":[{"href":"https:\/\/feuerwehr-weinboehla.de\/index.php?rest_route=\/wp\/v2\/types\/page"}],"author":[{"embeddable":true,"href":"https:\/\/feuerwehr-weinboehla.de\/index.php?rest_route=\/wp\/v2\/users\/1"}],"replies":[{"embeddable":true,"href":"https:\/\/feuerwehr-weinboehla.de\/index.php?rest_route=%2Fwp%2Fv2%2Fcomments&post=247"}],"version-history":[{"count":6,"href":"https:\/\/feuerwehr-weinboehla.de\/index.php?rest_route=\/wp\/v2\/pages\/247\/revisions"}],"predecessor-version":[{"id":1235,"href":"https:\/\/feuerwehr-weinboehla.de\/index.php?rest_route=\/wp\/v2\/pages\/247\/revisions\/1235"}],"wp:attachment":[{"href":"https:\/\/feuerwehr-weinboehla.de\/index.php?rest_route=%2Fwp%2Fv2%2Fmedia&parent=247"}],"curies":[{"name":"wp","href":"https:\/\/api.w.org\/{rel}","templated":true}]}}