{"id":272,"date":"2019-07-18T06:06:41","date_gmt":"2019-07-18T06:06:41","guid":{"rendered":"http:\/\/fw-wbl.feuerwehr-weinboehla.de\/?page_id=272"},"modified":"2020-09-10T07:30:34","modified_gmt":"2020-09-10T07:30:34","slug":"einsatz-2-2019","status":"publish","type":"page","link":"https:\/\/feuerwehr-weinboehla.de\/?page_id=272","title":{"rendered":"Einsatz 2 &#8211; 2019"},"content":{"rendered":"\n<figure class=\"wp-block-table is-style-stripes\"><table class=\"has-subtle-light-gray-background-color has-fixed-layout has-background\"><tbody><tr><td>Einsatzart<\/td><td>Hilfeleistung<\/td><\/tr><tr><td>Einsatzstichwort<\/td><td> VKU Eingeklemmte Person <\/td><\/tr><tr><td>Einsatzort<\/td><td>Mistsch\u00e4nkenweg<\/td><\/tr><tr><td>Einsatzbeginn<\/td><td>27.01.2019 19:18<\/td><\/tr><tr><td>Einsatzende<\/td><td> 27.01.2019 20:10<\/td><\/tr><tr><td>Einsatzkr\u00e4fte<\/td><td>21<\/td><\/tr><tr><td>Fahrzeuge<\/td><td> VRW, KdoW, LF, TLF  <\/td><\/tr><tr><td>Weitere Kr\u00e4fte<\/td><td> Feuerwehr Niederau, Polizei,<br> Rettungsdienst <\/td><\/tr><tr><td>Einsatzbericht<\/td><td> PKW ist frontal gegen einen Baum geprallt. Zuvor hatte er einen anderen Baum seitlich touchiert. Der Fahrer befand sich bei Eintreffen noch im Auto, war jedoch nicht eingeklemmt und wurde bereits vom Rettungsdienst erst versorgt.<br>Wir sicherten die Unfallstelle, stellten den Brandschutz sicher und leuchteten die Unfallstelle aus. <\/td><\/tr><tr><td>Links<\/td><td><\/td><\/tr><\/tbody><\/table><\/figure>\n\n\n\n<figure class=\"wp-block-image\"><img decoding=\"async\" src=\"http:\/\/www.feuerwehr-weinboehla.de\/files\/Presse_MOPO_2019-02.jpg\" alt=\"\"\/><figcaption>Bericht der Mopo<\/figcaption><\/figure>\n\n\n\n<iframe loading=\"lazy\" src=\"https:\/\/www.google.com\/maps\/embed?pb=!1m18!1m12!1m3!1d2501.5787849392186!2d13.593672128929853!3d51.17155446153218!2m3!1f0!2f0!3f0!3m2!1i1024!2i768!4f13.1!3m3!1m2!1s0x4709d389711645df%3A0xaf01382b2b4d70c3!2sMistsch%C3%A4nkenweg%2C+01689+Weinb%C3%B6hla!5e0!3m2!1sde!2sde!4v1563430266052!5m2!1sde!2sde\" style=\"border:0\" allowfullscreen=\"\" width=\"600\" height=\"450\" frameborder=\"0\"><\/iframe>\n\n\n\n<div class=\"wp-block-columns is-layout-flex wp-container-core-columns-is-layout-9d6595d7 wp-block-columns-is-layout-flex\">\n<div class=\"wp-block-column is-layout-flow wp-block-column-is-layout-flow\">\n<div class=\"wp-block-buttons is-layout-flex wp-block-buttons-is-layout-flex\"><\/div>\n<\/div>\n\n\n\n<div class=\"wp-block-column is-layout-flow wp-block-column-is-layout-flow\">\n<div class=\"wp-block-buttons is-layout-flex wp-block-buttons-is-layout-flex\"><\/div>\n<\/div>\n<\/div>\n","protected":false},"excerpt":{"rendered":"<p>Einsatzart Hilfeleistung Einsatzstichwort VKU Eingeklemmte Person Einsatzort Mistsch\u00e4nkenweg Einsatzbeginn 27.01.2019 19:18 Einsatzende 27.01.2019 20:10 Einsatzkr\u00e4fte 21 Fahrzeuge VRW, KdoW, LF, TLF Weitere Kr\u00e4fte Feuerwehr Niederau, Polizei, Rettungsdienst Einsatzbericht PKW ist frontal gegen einen Baum geprallt. Zuvor hatte er einen anderen Baum seitlich touchiert. Der Fahrer befand sich bei Eintreffen noch im Auto, war jedoch nicht &hellip; <\/p>\n<p class=\"link-more\"><a href=\"https:\/\/feuerwehr-weinboehla.de\/?page_id=272\" class=\"more-link\"><span class=\"screen-reader-text\">\u201eEinsatz 2 &#8211; 2019\u201c <\/span>weiterlesen<\/a><\/p>\n","protected":false},"author":1,"featured_media":0,"parent":0,"menu_order":0,"comment_status":"closed","ping_status":"closed","template":"","meta":{"footnotes":""},"class_list":["post-272","page","type-page","status-publish","hentry"],"_links":{"self":[{"href":"https:\/\/feuerwehr-weinboehla.de\/index.php?rest_route=\/wp\/v2\/pages\/272","targetHints":{"allow":["GET"]}}],"collection":[{"href":"https:\/\/feuerwehr-weinboehla.de\/index.php?rest_route=\/wp\/v2\/pages"}],"about":[{"href":"https:\/\/feuerwehr-weinboehla.de\/index.php?rest_route=\/wp\/v2\/types\/page"}],"author":[{"embeddable":true,"href":"https:\/\/feuerwehr-weinboehla.de\/index.php?rest_route=\/wp\/v2\/users\/1"}],"replies":[{"embeddable":true,"href":"https:\/\/feuerwehr-weinboehla.de\/index.php?rest_route=%2Fwp%2Fv2%2Fcomments&post=272"}],"version-history":[{"count":6,"href":"https:\/\/feuerwehr-weinboehla.de\/index.php?rest_route=\/wp\/v2\/pages\/272\/revisions"}],"predecessor-version":[{"id":1682,"href":"https:\/\/feuerwehr-weinboehla.de\/index.php?rest_route=\/wp\/v2\/pages\/272\/revisions\/1682"}],"wp:attachment":[{"href":"https:\/\/feuerwehr-weinboehla.de\/index.php?rest_route=%2Fwp%2Fv2%2Fmedia&parent=272"}],"curies":[{"name":"wp","href":"https:\/\/api.w.org\/{rel}","templated":true}]}}