{"id":278,"date":"2019-07-18T06:29:14","date_gmt":"2019-07-18T06:29:14","guid":{"rendered":"http:\/\/fw-wbl.feuerwehr-weinboehla.de\/?page_id=278"},"modified":"2020-09-10T07:30:11","modified_gmt":"2020-09-10T07:30:11","slug":"einsatz-1-2019-2","status":"publish","type":"page","link":"https:\/\/feuerwehr-weinboehla.de\/?page_id=278","title":{"rendered":"Einsatz 1 &#8211; 2019"},"content":{"rendered":"\n<figure class=\"wp-block-table is-style-stripes\"><table class=\"has-subtle-light-gray-background-color has-fixed-layout has-background\"><tbody><tr><td>Einsatzart<\/td><td>Hilfeleistung<\/td><\/tr><tr><td>Einsatzstichwort<\/td><td>Wohnungs\u00f6ffnung<\/td><\/tr><tr><td>Einsatzort<\/td><td>Alter Dresdner Weg<\/td><\/tr><tr><td>Einsatzbeginn<\/td><td>25.01.2019 08:22<\/td><\/tr><tr><td>Einsatzende<\/td><td>25.01.2019 &#8211;:&#8211;<\/td><\/tr><tr><td>Einsatzkr\u00e4fte<\/td><td>4<\/td><\/tr><tr><td>Fahrzeuge<\/td><td> VRW<\/td><\/tr><tr><td>Weitere Kr\u00e4fte<\/td><td> Polizei &amp; Rettungsdienst <\/td><\/tr><tr><td>Einsatzbericht<\/td><td>  T\u00fcr ge\u00f6ffnet, Person an <br>Rettungsdienst \u00fcbergeben <\/td><\/tr><tr><td>Links<\/td><td><\/td><\/tr><\/tbody><\/table><\/figure>\n\n\n\n<iframe loading=\"lazy\" src=\"https:\/\/www.google.com\/maps\/embed?pb=!1m18!1m12!1m3!1d2502.6918247097897!2d13.571384315962383!3d51.15103384451684!2m3!1f0!2f0!3f0!3m2!1i1024!2i768!4f13.1!3m3!1m2!1s0x4709d401680f703f%3A0xdea9774de9158054!2sAlter+Dresdner+Weg%2C+01689+Weinb%C3%B6hla!5e0!3m2!1sde!2sde!4v1563431307074!5m2!1sde!2sde\" style=\"border:0\" allowfullscreen=\"\" width=\"600\" height=\"450\" frameborder=\"0\"><\/iframe>\n\n\n\n<div class=\"wp-block-columns is-layout-flex wp-container-core-columns-is-layout-9d6595d7 wp-block-columns-is-layout-flex\">\n<div class=\"wp-block-column is-layout-flow wp-block-column-is-layout-flow\"><\/div>\n\n\n\n<div class=\"wp-block-column is-layout-flow wp-block-column-is-layout-flow\">\n<div class=\"wp-block-buttons is-layout-flex wp-block-buttons-is-layout-flex\"><\/div>\n<\/div>\n<\/div>\n","protected":false},"excerpt":{"rendered":"<p>Einsatzart Hilfeleistung Einsatzstichwort Wohnungs\u00f6ffnung Einsatzort Alter Dresdner Weg Einsatzbeginn 25.01.2019 08:22 Einsatzende 25.01.2019 &#8211;:&#8211; Einsatzkr\u00e4fte 4 Fahrzeuge VRW Weitere Kr\u00e4fte Polizei &amp; Rettungsdienst Einsatzbericht T\u00fcr ge\u00f6ffnet, Person an Rettungsdienst \u00fcbergeben Links<\/p>\n","protected":false},"author":1,"featured_media":0,"parent":0,"menu_order":0,"comment_status":"closed","ping_status":"closed","template":"","meta":{"footnotes":""},"class_list":["post-278","page","type-page","status-publish","hentry"],"_links":{"self":[{"href":"https:\/\/feuerwehr-weinboehla.de\/index.php?rest_route=\/wp\/v2\/pages\/278","targetHints":{"allow":["GET"]}}],"collection":[{"href":"https:\/\/feuerwehr-weinboehla.de\/index.php?rest_route=\/wp\/v2\/pages"}],"about":[{"href":"https:\/\/feuerwehr-weinboehla.de\/index.php?rest_route=\/wp\/v2\/types\/page"}],"author":[{"embeddable":true,"href":"https:\/\/feuerwehr-weinboehla.de\/index.php?rest_route=\/wp\/v2\/users\/1"}],"replies":[{"embeddable":true,"href":"https:\/\/feuerwehr-weinboehla.de\/index.php?rest_route=%2Fwp%2Fv2%2Fcomments&post=278"}],"version-history":[{"count":7,"href":"https:\/\/feuerwehr-weinboehla.de\/index.php?rest_route=\/wp\/v2\/pages\/278\/revisions"}],"predecessor-version":[{"id":1681,"href":"https:\/\/feuerwehr-weinboehla.de\/index.php?rest_route=\/wp\/v2\/pages\/278\/revisions\/1681"}],"wp:attachment":[{"href":"https:\/\/feuerwehr-weinboehla.de\/index.php?rest_route=%2Fwp%2Fv2%2Fmedia&parent=278"}],"curies":[{"name":"wp","href":"https:\/\/api.w.org\/{rel}","templated":true}]}}