{"id":28,"date":"2019-07-11T14:29:21","date_gmt":"2019-07-11T14:29:21","guid":{"rendered":"http:\/\/fw-wbl.feuerwehr-weinboehla.de\/?page_id=28"},"modified":"2024-02-08T19:42:20","modified_gmt":"2024-02-08T19:42:20","slug":"downloads-und-links","status":"publish","type":"page","link":"https:\/\/feuerwehr-weinboehla.de\/?page_id=28","title":{"rendered":"Downloads und Links"},"content":{"rendered":"\n<figure class=\"wp-block-table has-medium-font-size\"><table><tbody><tr><td><strong><mark style=\"background-color:rgba(0, 0, 0, 0)\" class=\"has-inline-color has-black-color\">Jahresabschlussberichte f\u00fcr f\u00fcr das Jahr 2023<\/mark><\/strong><\/td><\/tr><tr><td><a href=\"https:\/\/feuerwehr-weinboehla.de\/wp-content\/uploads\/2024\/02\/Jahresbericht-der-FFW-Weinboehla-2023.docx\">Aktive Abteilung<\/a><\/td><\/tr><tr><td><a href=\"https:\/\/feuerwehr-weinboehla.de\/wp-content\/uploads\/2024\/02\/Jahresbericht-2023-JF.docx\">Jugendfeuerwehr<\/a> <\/td><\/tr><tr><td><a href=\"https:\/\/feuerwehr-weinboehla.de\/wp-content\/uploads\/2024\/02\/Jahresabschlussbericht-2023.pdf\">Bambinifeuerwehr <\/a><\/td><\/tr><tr><td><strong><mark style=\"background-color:rgba(0, 0, 0, 0)\" class=\"has-inline-color has-black-color\">Jahresabschlussberichte f\u00fcr das Jahr 2022<\/mark><\/strong><\/td><\/tr><tr><td><a href=\"https:\/\/feuerwehr-weinboehla.de\/wp-content\/uploads\/2023\/02\/Jahresbericht-der-FFW-Weinboehla-2022.pdf\">Aktive Abteilung <\/a><\/td><\/tr><tr><td><a href=\"https:\/\/feuerwehr-weinboehla.de\/wp-content\/uploads\/2023\/02\/Jahr-2022-1.docx\"> Jugendfeuerehr <\/a><\/td><\/tr><tr><td><mark style=\"background-color:rgba(0, 0, 0, 0)\" class=\"has-inline-color has-vivid-red-color\"> <a href=\"https:\/\/feuerwehr-weinboehla.de\/wp-content\/uploads\/2023\/02\/Jahresabschlussbericht-2022-2-3.pdf\">Bambinifeuerwehr <\/a><\/mark><\/td><\/tr><tr><td><\/td><\/tr><tr><td><strong><mark style=\"background-color:rgba(0, 0, 0, 0)\" class=\"has-inline-color has-black-color\">Dokumente zum Download <\/mark><\/strong><\/td><\/tr><tr><td><a href=\"https:\/\/feuerwehr-weinboehla.de\/wp-content\/uploads\/2022\/11\/AntragzumAbbrenneneinesLagerfeuers.pdf\">Lagerfeuer Anmeldung<\/a><\/td><\/tr><tr><td><a href=\"https:\/\/feuerwehr-weinboehla.de\/wp-content\/uploads\/2021\/12\/satzung-f\u00f6rderverein-ff-4.-\u00e4nderung-16.10.2021.pdf\" target=\"_blank\" rel=\"noreferrer noopener\">Satzung F\u00f6rderverein Freiwillige Feuerwehr Weinb\u00f6hla vom 16.10.2021<\/a><\/td><\/tr><tr><td><a href=\"https:\/\/feuerwehr-weinboehla.de\/wp-content\/uploads\/2021\/12\/feuerwehrkostenersatz-v.2003.pdf\" target=\"_blank\" rel=\"noreferrer noopener\">Feuerwehrsatzung<\/a><\/td><\/tr><tr><td><a href=\"https:\/\/feuerwehr-weinboehla.de\/wp-content\/uploads\/2021\/12\/jugendordnung-bam.pdf\" target=\"_blank\" rel=\"noreferrer noopener\">Jugendordnung der Bambimifeuerwehr Weinb\u00f6hla<\/a><\/td><\/tr><tr><td><a href=\"https:\/\/feuerwehr-weinboehla.de\/wp-content\/uploads\/2021\/12\/jugendordnung_jf_2017.pdf\" target=\"_blank\" rel=\"noreferrer noopener\">Jugendordnung der Jugenfeuerwehr Weinb\u00f6hla<\/a><\/td><\/tr><tr><td><a href=\"https:\/\/feuerwehr-weinboehla.de\/wp-content\/uploads\/2021\/12\/brandschutz-merkblatt.pdf\" target=\"_blank\" rel=\"noreferrer noopener\">Brandschutz- Merkblatt<\/a><\/td><\/tr><tr><td><a href=\"https:\/\/www.adac.de\/rund-ums-fahrzeug\/unfall-schaden-panne\/rettungskarte\/\" target=\"_blank\" rel=\"noreferrer noopener\">Rettungskarte f\u00fcr Ihr Fahrzeug<\/a> <\/td><\/tr><tr><td><a href=\"https:\/\/feuerwehr-weinboehla.de\/wp-content\/uploads\/2021\/12\/47-4-saechsbo-aufenthaltsraeume.pdf\" target=\"_blank\" rel=\"noreferrer noopener\">S\u00e4chsische Bauordnung (Rauchmelderpflicht in Sachsen) (2017)<\/a><\/td><\/tr><\/tbody><\/table><\/figure>\n\n\n\n<div class=\"wp-block-columns is-layout-flex wp-container-core-columns-is-layout-9d6595d7 wp-block-columns-is-layout-flex\">\n<div class=\"wp-block-column is-layout-flow wp-block-column-is-layout-flow\">\n<div class=\"wp-block-columns is-layout-flex wp-container-core-columns-is-layout-9d6595d7 wp-block-columns-is-layout-flex\">\n<div class=\"wp-block-column is-layout-flow wp-block-column-is-layout-flow\">\n<figure class=\"wp-block-image size-full\"><img loading=\"lazy\" decoding=\"async\" width=\"103\" height=\"132\" src=\"https:\/\/feuerwehr-weinboehla.de\/wp-content\/uploads\/2019\/07\/Wappen_Gem_Wbl-1.jpg\" alt=\"\" class=\"wp-image-452\"\/><figcaption class=\"wp-element-caption\"><a href=\"https:\/\/www.weinboehla.de\/weinboehla\/idx.asp\" target=\"_blank\" rel=\"noreferrer noopener\">Gemeindeverwaltung Weinb\u00f6hla<\/a><\/figcaption><\/figure>\n<\/div>\n\n\n\n<div class=\"wp-block-column is-layout-flow wp-block-column-is-layout-flow\">\n<figure class=\"wp-block-image size-full\"><img loading=\"lazy\" decoding=\"async\" width=\"108\" height=\"132\" src=\"https:\/\/feuerwehr-weinboehla.de\/wp-content\/uploads\/2019\/07\/Wappen_KFV_Mei.jpg\" alt=\"\" class=\"wp-image-450\"\/><figcaption class=\"wp-element-caption\"><a href=\"https:\/\/www.kfv-meissen.de\/\" target=\"_blank\" rel=\"noreferrer noopener\">Kreisfeuerwehrverband Mei\u00dfen e.V<\/a><\/figcaption><\/figure>\n<\/div>\n<\/div>\n<\/div>\n\n\n\n<div class=\"wp-block-column is-layout-flow wp-block-column-is-layout-flow\">\n<div class=\"wp-block-columns is-layout-flex wp-container-core-columns-is-layout-9d6595d7 wp-block-columns-is-layout-flex\">\n<div class=\"wp-block-column is-layout-flow wp-block-column-is-layout-flow\">\n<figure class=\"wp-block-image size-full\"><img loading=\"lazy\" decoding=\"async\" width=\"100\" height=\"132\" src=\"https:\/\/feuerwehr-weinboehla.de\/wp-content\/uploads\/2019\/07\/Wappen-FF-Meiszen.jpg\" alt=\"\" class=\"wp-image-451\"\/><figcaption class=\"wp-element-caption\"><a href=\"https:\/\/www.feuerwehr-meissen.de\/\" target=\"_blank\" rel=\"noreferrer noopener\">Freiwillige Feuerwehr Meissen<\/a><\/figcaption><\/figure>\n<\/div>\n\n\n\n<div class=\"wp-block-column is-layout-flow wp-block-column-is-layout-flow\">\n<figure class=\"wp-block-image size-full\"><img loading=\"lazy\" decoding=\"async\" width=\"95\" height=\"132\" src=\"https:\/\/feuerwehr-weinboehla.de\/wp-content\/uploads\/2019\/07\/Wappen_Hasi-_odznak.jpg\" alt=\"\" class=\"wp-image-449\"\/><figcaption class=\"wp-element-caption\">Freiwillige Feuerwehr Jablonec <\/figcaption><\/figure>\n\n\n\n<p><\/p>\n<\/div>\n<\/div>\n<\/div>\n<\/div>\n\n\n\n<div class=\"wp-block-columns is-layout-flex wp-container-core-columns-is-layout-9d6595d7 wp-block-columns-is-layout-flex\">\n<div class=\"wp-block-column is-layout-flow wp-block-column-is-layout-flow\"><\/div>\n\n\n\n<div class=\"wp-block-column is-layout-flow wp-block-column-is-layout-flow\">\n<figure class=\"wp-block-image size-large is-resized\"><img loading=\"lazy\" decoding=\"async\" width=\"1024\" height=\"1024\" src=\"https:\/\/feuerwehr-weinboehla.de\/wp-content\/uploads\/2023\/01\/FW-Oftersheim-1-1024x1024.jpg\" alt=\"\" class=\"wp-image-5138\" style=\"width:202px;height:202px\" srcset=\"https:\/\/feuerwehr-weinboehla.de\/wp-content\/uploads\/2023\/01\/FW-Oftersheim-1-1024x1024.jpg 1024w, https:\/\/feuerwehr-weinboehla.de\/wp-content\/uploads\/2023\/01\/FW-Oftersheim-1-300x300.jpg 300w, https:\/\/feuerwehr-weinboehla.de\/wp-content\/uploads\/2023\/01\/FW-Oftersheim-1-150x150.jpg 150w, https:\/\/feuerwehr-weinboehla.de\/wp-content\/uploads\/2023\/01\/FW-Oftersheim-1-768x768.jpg 768w, https:\/\/feuerwehr-weinboehla.de\/wp-content\/uploads\/2023\/01\/FW-Oftersheim-1-1536x1536.jpg 1536w, https:\/\/feuerwehr-weinboehla.de\/wp-content\/uploads\/2023\/01\/FW-Oftersheim-1.jpg 1619w\" sizes=\"auto, (max-width: 767px) 89vw, (max-width: 1000px) 54vw, (max-width: 1071px) 543px, 580px\" \/><figcaption class=\"wp-element-caption\">Freiwillige Feuerwehr Oftersheim<\/figcaption><\/figure>\n<\/div>\n\n\n\n<div class=\"wp-block-column is-layout-flow wp-block-column-is-layout-flow\"><\/div>\n<\/div>\n","protected":false},"excerpt":{"rendered":"<p>Jahresabschlussberichte f\u00fcr f\u00fcr das Jahr 2023 Aktive Abteilung Jugendfeuerwehr Bambinifeuerwehr Jahresabschlussberichte f\u00fcr das Jahr 2022 Aktive Abteilung Jugendfeuerehr Bambinifeuerwehr Dokumente zum Download Lagerfeuer Anmeldung Satzung F\u00f6rderverein Freiwillige Feuerwehr Weinb\u00f6hla vom 16.10.2021 Feuerwehrsatzung Jugendordnung der Bambimifeuerwehr Weinb\u00f6hla Jugendordnung der Jugenfeuerwehr Weinb\u00f6hla Brandschutz- Merkblatt Rettungskarte f\u00fcr Ihr Fahrzeug S\u00e4chsische Bauordnung (Rauchmelderpflicht in Sachsen) (2017)<\/p>\n","protected":false},"author":1,"featured_media":0,"parent":0,"menu_order":0,"comment_status":"closed","ping_status":"closed","template":"","meta":{"footnotes":""},"class_list":["post-28","page","type-page","status-publish","hentry"],"_links":{"self":[{"href":"https:\/\/feuerwehr-weinboehla.de\/index.php?rest_route=\/wp\/v2\/pages\/28","targetHints":{"allow":["GET"]}}],"collection":[{"href":"https:\/\/feuerwehr-weinboehla.de\/index.php?rest_route=\/wp\/v2\/pages"}],"about":[{"href":"https:\/\/feuerwehr-weinboehla.de\/index.php?rest_route=\/wp\/v2\/types\/page"}],"author":[{"embeddable":true,"href":"https:\/\/feuerwehr-weinboehla.de\/index.php?rest_route=\/wp\/v2\/users\/1"}],"replies":[{"embeddable":true,"href":"https:\/\/feuerwehr-weinboehla.de\/index.php?rest_route=%2Fwp%2Fv2%2Fcomments&post=28"}],"version-history":[{"count":29,"href":"https:\/\/feuerwehr-weinboehla.de\/index.php?rest_route=\/wp\/v2\/pages\/28\/revisions"}],"predecessor-version":[{"id":5628,"href":"https:\/\/feuerwehr-weinboehla.de\/index.php?rest_route=\/wp\/v2\/pages\/28\/revisions\/5628"}],"wp:attachment":[{"href":"https:\/\/feuerwehr-weinboehla.de\/index.php?rest_route=%2Fwp%2Fv2%2Fmedia&parent=28"}],"curies":[{"name":"wp","href":"https:\/\/api.w.org\/{rel}","templated":true}]}}