{"id":284,"date":"2019-07-18T06:45:59","date_gmt":"2019-07-18T06:45:59","guid":{"rendered":"http:\/\/fw-wbl.feuerwehr-weinboehla.de\/?page_id=284"},"modified":"2020-09-10T07:31:33","modified_gmt":"2020-09-10T07:31:33","slug":"einsatz-4-2019","status":"publish","type":"page","link":"https:\/\/feuerwehr-weinboehla.de\/?page_id=284","title":{"rendered":"Einsatz 4 &#8211; 2019"},"content":{"rendered":"\n<figure class=\"wp-block-table is-style-stripes\"><table class=\"has-subtle-light-gray-background-color has-fixed-layout has-background\"><tbody><tr><td>Einsatzart<\/td><td>Brand<\/td><\/tr><tr><td>Einsatzstichwort<\/td><td>leerstehendes Geb\u00e4ude<\/td><\/tr><tr><td>Einsatzort<\/td><td>K\u00f6hlerstra\u00dfe <\/td><\/tr><tr><td>Einsatzbeginn<\/td><td>01.02.2019 06:33<\/td><\/tr><tr><td>Einsatzende<\/td><td>01.02.2019 07:45<\/td><\/tr><tr><td>Einsatzkr\u00e4fte<\/td><td>16<\/td><\/tr><tr><td>Fahrzeuge<\/td><td> LF, TLF, TLK<\/td><\/tr><tr><td>Weitere Kr\u00e4fte<\/td><td> Feuerwehr Niederau, Polizei<\/td><\/tr><tr><td>Einsatzbericht<\/td><td> Zimmerbrand im Erdgeschoss eines leerstehenden Einfamilienhaus, <br>Brandbek\u00e4mpfung unter <br>Atemschutz und 1 C Rohr <\/td><\/tr><tr><td>Links<\/td><td><\/td><\/tr><\/tbody><\/table><\/figure>\n\n\n\n<iframe loading=\"lazy\" src=\"https:\/\/www.google.com\/maps\/embed?pb=!1m18!1m12!1m3!1d2502.587675694186!2d13.575413315962486!3d51.15295424437737!2m3!1f0!2f0!3f0!3m2!1i1024!2i768!4f13.1!3m3!1m2!1s0x4709d406f6b4f21d%3A0xdfb7f67dab8287cb!2zS8O2aGxlcnN0cmHDn2UsIDAxNjg5IFdlaW5iw7ZobGE!5e0!3m2!1sde!2sde!4v1563432328355!5m2!1sde!2sde\" style=\"border:0\" allowfullscreen=\"\" width=\"600\" height=\"450\" frameborder=\"0\"><\/iframe>\n\n\n\n<figure class=\"wp-block-gallery columns-3 is-cropped alignfull wp-block-gallery-1 is-layout-flex wp-block-gallery-is-layout-flex\"><ul class=\"blocks-gallery-grid\"><li class=\"blocks-gallery-item\"><figure><a href=\"http:\/\/fw-wbl.feuerwehr-weinboehla.de\/wp-content\/uploads\/2019\/07\/20190201_061507186_iOS-768x1024.jpg\"><img loading=\"lazy\" decoding=\"async\" width=\"768\" height=\"1024\" src=\"http:\/\/fw-wbl.feuerwehr-weinboehla.de\/wp-content\/uploads\/2019\/07\/20190201_061507186_iOS-768x1024.jpg\" alt=\"\" data-id=\"298\" data-link=\"http:\/\/fw-wbl.feuerwehr-weinboehla.de\/?attachment_id=298\" class=\"wp-image-298\" srcset=\"https:\/\/feuerwehr-weinboehla.de\/wp-content\/uploads\/2019\/07\/20190201_061507186_iOS-768x1024.jpg 768w, https:\/\/feuerwehr-weinboehla.de\/wp-content\/uploads\/2019\/07\/20190201_061507186_iOS-225x300.jpg 225w\" sizes=\"auto, (max-width: 767px) 89vw, (max-width: 1000px) 54vw, (max-width: 1071px) 543px, 580px\" \/><\/a><\/figure><\/li><li class=\"blocks-gallery-item\"><figure><a href=\"http:\/\/fw-wbl.feuerwehr-weinboehla.de\/wp-content\/uploads\/2019\/07\/20190201_055807164_iOS-768x1024.jpg\"><img loading=\"lazy\" decoding=\"async\" width=\"768\" height=\"1024\" src=\"http:\/\/fw-wbl.feuerwehr-weinboehla.de\/wp-content\/uploads\/2019\/07\/20190201_055807164_iOS-768x1024.jpg\" alt=\"\" data-id=\"297\" data-link=\"http:\/\/fw-wbl.feuerwehr-weinboehla.de\/?attachment_id=297\" class=\"wp-image-297\" srcset=\"https:\/\/feuerwehr-weinboehla.de\/wp-content\/uploads\/2019\/07\/20190201_055807164_iOS-768x1024.jpg 768w, https:\/\/feuerwehr-weinboehla.de\/wp-content\/uploads\/2019\/07\/20190201_055807164_iOS-225x300.jpg 225w\" sizes=\"auto, (max-width: 767px) 89vw, (max-width: 1000px) 54vw, (max-width: 1071px) 543px, 580px\" \/><\/a><\/figure><\/li><li class=\"blocks-gallery-item\"><figure><a href=\"http:\/\/fw-wbl.feuerwehr-weinboehla.de\/wp-content\/uploads\/2019\/07\/20190201_055602222_iOS-1024x768.png\"><img loading=\"lazy\" decoding=\"async\" width=\"1024\" height=\"768\" src=\"http:\/\/fw-wbl.feuerwehr-weinboehla.de\/wp-content\/uploads\/2019\/07\/20190201_055602222_iOS-1024x768.png\" alt=\"\" data-id=\"296\" data-link=\"http:\/\/fw-wbl.feuerwehr-weinboehla.de\/?attachment_id=296\" class=\"wp-image-296\" srcset=\"https:\/\/feuerwehr-weinboehla.de\/wp-content\/uploads\/2019\/07\/20190201_055602222_iOS-1024x768.png 1024w, https:\/\/feuerwehr-weinboehla.de\/wp-content\/uploads\/2019\/07\/20190201_055602222_iOS-300x225.png 300w, https:\/\/feuerwehr-weinboehla.de\/wp-content\/uploads\/2019\/07\/20190201_055602222_iOS-768x576.png 768w\" sizes=\"auto, (max-width: 767px) 89vw, (max-width: 1000px) 54vw, (max-width: 1071px) 543px, 580px\" \/><\/a><\/figure><\/li><\/ul><\/figure>\n\n\n\n<div class=\"wp-block-columns is-layout-flex wp-container-core-columns-is-layout-9d6595d7 wp-block-columns-is-layout-flex\">\n<div class=\"wp-block-column is-layout-flow wp-block-column-is-layout-flow\">\n<div class=\"wp-block-buttons is-layout-flex wp-block-buttons-is-layout-flex\"><\/div>\n<\/div>\n\n\n\n<div class=\"wp-block-column is-layout-flow wp-block-column-is-layout-flow\">\n<div class=\"wp-block-buttons is-layout-flex wp-block-buttons-is-layout-flex\"><\/div>\n<\/div>\n<\/div>\n","protected":false},"excerpt":{"rendered":"<p>Einsatzart Brand Einsatzstichwort leerstehendes Geb\u00e4ude Einsatzort K\u00f6hlerstra\u00dfe Einsatzbeginn 01.02.2019 06:33 Einsatzende 01.02.2019 07:45 Einsatzkr\u00e4fte 16 Fahrzeuge LF, TLF, TLK Weitere Kr\u00e4fte Feuerwehr Niederau, Polizei Einsatzbericht Zimmerbrand im Erdgeschoss eines leerstehenden Einfamilienhaus, Brandbek\u00e4mpfung unter Atemschutz und 1 C Rohr Links<\/p>\n","protected":false},"author":1,"featured_media":0,"parent":0,"menu_order":0,"comment_status":"closed","ping_status":"closed","template":"","meta":{"footnotes":""},"class_list":["post-284","page","type-page","status-publish","hentry"],"_links":{"self":[{"href":"https:\/\/feuerwehr-weinboehla.de\/index.php?rest_route=\/wp\/v2\/pages\/284","targetHints":{"allow":["GET"]}}],"collection":[{"href":"https:\/\/feuerwehr-weinboehla.de\/index.php?rest_route=\/wp\/v2\/pages"}],"about":[{"href":"https:\/\/feuerwehr-weinboehla.de\/index.php?rest_route=\/wp\/v2\/types\/page"}],"author":[{"embeddable":true,"href":"https:\/\/feuerwehr-weinboehla.de\/index.php?rest_route=\/wp\/v2\/users\/1"}],"replies":[{"embeddable":true,"href":"https:\/\/feuerwehr-weinboehla.de\/index.php?rest_route=%2Fwp%2Fv2%2Fcomments&post=284"}],"version-history":[{"count":11,"href":"https:\/\/feuerwehr-weinboehla.de\/index.php?rest_route=\/wp\/v2\/pages\/284\/revisions"}],"predecessor-version":[{"id":1684,"href":"https:\/\/feuerwehr-weinboehla.de\/index.php?rest_route=\/wp\/v2\/pages\/284\/revisions\/1684"}],"wp:attachment":[{"href":"https:\/\/feuerwehr-weinboehla.de\/index.php?rest_route=%2Fwp%2Fv2%2Fmedia&parent=284"}],"curies":[{"name":"wp","href":"https:\/\/api.w.org\/{rel}","templated":true}]}}