{"id":286,"date":"2019-07-18T08:12:10","date_gmt":"2019-07-18T08:12:10","guid":{"rendered":"http:\/\/fw-wbl.feuerwehr-weinboehla.de\/?page_id=286"},"modified":"2020-09-10T07:33:01","modified_gmt":"2020-09-10T07:33:01","slug":"einsatz-6-2019","status":"publish","type":"page","link":"https:\/\/feuerwehr-weinboehla.de\/?page_id=286","title":{"rendered":"Einsatz 6 &#8211; 2019"},"content":{"rendered":"\n<figure class=\"wp-block-table is-style-stripes\"><table class=\"has-subtle-light-gray-background-color has-fixed-layout has-background\"><tbody><tr><td>Einsatzart<\/td><td>Hilfeleistung<\/td><\/tr><tr><td>Einsatzstichwort<\/td><td>Baum auf Fahrbahn<\/td><\/tr><tr><td>Einsatzort<\/td><td>Waldweg<\/td><\/tr><tr><td>Einsatzbeginn<\/td><td>03.02.2019 17:55<\/td><\/tr><tr><td>Einsatzende<\/td><td>03.02.2019 18:45<\/td><\/tr><tr><td>Einsatzkr\u00e4fte<\/td><td>4<\/td><\/tr><tr><td>Fahrzeuge<\/td><td> VRW<\/td><\/tr><tr><td>Weitere Kr\u00e4fte<\/td><td>&#8212;<\/td><\/tr><tr><td>Einsatzbericht<\/td><td> Baum \u00fcber Stra\u00dfe mittels Kettens\u00e4ge beseitigt<\/td><\/tr><tr><td>Links<\/td><td><\/td><\/tr><\/tbody><\/table><\/figure>\n\n\n\n<iframe loading=\"lazy\" src=\"https:\/\/www.google.com\/maps\/embed?pb=!1m18!1m12!1m3!1d2501.7431318508357!2d13.602074715962805!3d51.16852484324411!2m3!1f0!2f0!3f0!3m2!1i1024!2i768!4f13.1!3m3!1m2!1s0x4709d38dee008da5%3A0x1a241f77b093d553!2sWaldweg%2C+01689+Weinb%C3%B6hla!5e0!3m2!1sde!2sde!4v1563437517910!5m2!1sde!2sde\" style=\"border:0\" allowfullscreen=\"\" width=\"600\" height=\"450\" frameborder=\"0\"><\/iframe>\n\n\n\n<div class=\"wp-block-columns is-layout-flex wp-container-core-columns-is-layout-9d6595d7 wp-block-columns-is-layout-flex\">\n<div class=\"wp-block-column is-layout-flow wp-block-column-is-layout-flow\">\n<div class=\"wp-block-buttons is-layout-flex wp-block-buttons-is-layout-flex\"><\/div>\n<\/div>\n\n\n\n<div class=\"wp-block-column is-layout-flow wp-block-column-is-layout-flow\">\n<div class=\"wp-block-buttons is-layout-flex wp-block-buttons-is-layout-flex\"><\/div>\n<\/div>\n<\/div>\n","protected":false},"excerpt":{"rendered":"<p>Einsatzart Hilfeleistung Einsatzstichwort Baum auf Fahrbahn Einsatzort Waldweg Einsatzbeginn 03.02.2019 17:55 Einsatzende 03.02.2019 18:45 Einsatzkr\u00e4fte 4 Fahrzeuge VRW Weitere Kr\u00e4fte &#8212; Einsatzbericht Baum \u00fcber Stra\u00dfe mittels Kettens\u00e4ge beseitigt Links<\/p>\n","protected":false},"author":1,"featured_media":0,"parent":0,"menu_order":0,"comment_status":"closed","ping_status":"closed","template":"","meta":{"footnotes":""},"class_list":["post-286","page","type-page","status-publish","hentry"],"_links":{"self":[{"href":"https:\/\/feuerwehr-weinboehla.de\/index.php?rest_route=\/wp\/v2\/pages\/286","targetHints":{"allow":["GET"]}}],"collection":[{"href":"https:\/\/feuerwehr-weinboehla.de\/index.php?rest_route=\/wp\/v2\/pages"}],"about":[{"href":"https:\/\/feuerwehr-weinboehla.de\/index.php?rest_route=\/wp\/v2\/types\/page"}],"author":[{"embeddable":true,"href":"https:\/\/feuerwehr-weinboehla.de\/index.php?rest_route=\/wp\/v2\/users\/1"}],"replies":[{"embeddable":true,"href":"https:\/\/feuerwehr-weinboehla.de\/index.php?rest_route=%2Fwp%2Fv2%2Fcomments&post=286"}],"version-history":[{"count":4,"href":"https:\/\/feuerwehr-weinboehla.de\/index.php?rest_route=\/wp\/v2\/pages\/286\/revisions"}],"predecessor-version":[{"id":1686,"href":"https:\/\/feuerwehr-weinboehla.de\/index.php?rest_route=\/wp\/v2\/pages\/286\/revisions\/1686"}],"wp:attachment":[{"href":"https:\/\/feuerwehr-weinboehla.de\/index.php?rest_route=%2Fwp%2Fv2%2Fmedia&parent=286"}],"curies":[{"name":"wp","href":"https:\/\/api.w.org\/{rel}","templated":true}]}}