{"id":287,"date":"2019-07-18T08:24:04","date_gmt":"2019-07-18T08:24:04","guid":{"rendered":"http:\/\/fw-wbl.feuerwehr-weinboehla.de\/?page_id=287"},"modified":"2020-02-12T05:00:36","modified_gmt":"2020-02-12T05:00:36","slug":"einsatz-10-2019","status":"publish","type":"page","link":"https:\/\/feuerwehr-weinboehla.de\/?page_id=287","title":{"rendered":"Einsatz 10 &#8211; 2019"},"content":{"rendered":"\n<figure class=\"wp-block-table is-style-stripes\"><table class=\"has-subtle-light-gray-background-color has-fixed-layout has-background\"><tbody><tr><td>Einsatzart<\/td><td>Hilfeleistung<\/td><\/tr><tr><td>Einsatzstichwort<\/td><td>Wasserschaden<\/td><\/tr><tr><td>Einsatzort<\/td><td>Moritzburger Stra\u00dfe<\/td><\/tr><tr><td>Einsatzbeginn<\/td><td>15.02.2019 14:43<\/td><\/tr><tr><td>Einsatzende<\/td><td>15.02.2019 15:30<\/td><\/tr><tr><td>Einsatzkr\u00e4fte<\/td><td>4<\/td><\/tr><tr><td>Fahrzeuge<\/td><td> TLF<\/td><\/tr><tr><td>Weitere Kr\u00e4fte<\/td><td>&#8212;<\/td><\/tr><tr><td>Einsatzbericht<\/td><td> vor Ort gab es einen Wasserrohrbruch, Absperrventil durch FW abgeriegelt, Einsatzstelle an WAB \u00fcbergeben <\/td><\/tr><tr><td>Links<\/td><td>&#8212;<\/td><\/tr><\/tbody><\/table><\/figure>\n\n\n\n<iframe loading=\"lazy\" src=\"https:\/\/www.google.com\/maps\/embed?pb=!1m18!1m12!1m3!1d2502.041161840137!2d13.594711215962723!3d51.163030543643885!2m3!1f0!2f0!3f0!3m2!1i1024!2i768!4f13.1!3m3!1m2!1s0x4709d3f31392d8df%3A0x70437cc152a106c3!2sMoritzburger+Str.%2C+01689+Weinb%C3%B6hla!5e0!3m2!1sde!2sde!4v1563438214946!5m2!1sde!2sde\" style=\"border:0\" allowfullscreen=\"\" width=\"600\" height=\"450\" frameborder=\"0\"><\/iframe>\n","protected":false},"excerpt":{"rendered":"<p>Einsatzart Hilfeleistung Einsatzstichwort Wasserschaden Einsatzort Moritzburger Stra\u00dfe Einsatzbeginn 15.02.2019 14:43 Einsatzende 15.02.2019 15:30 Einsatzkr\u00e4fte 4 Fahrzeuge TLF Weitere Kr\u00e4fte &#8212; Einsatzbericht vor Ort gab es einen Wasserrohrbruch, Absperrventil durch FW abgeriegelt, Einsatzstelle an WAB \u00fcbergeben Links &#8212;<\/p>\n","protected":false},"author":1,"featured_media":0,"parent":0,"menu_order":0,"comment_status":"closed","ping_status":"closed","template":"","meta":{"footnotes":""},"class_list":["post-287","page","type-page","status-publish","hentry"],"_links":{"self":[{"href":"https:\/\/feuerwehr-weinboehla.de\/index.php?rest_route=\/wp\/v2\/pages\/287","targetHints":{"allow":["GET"]}}],"collection":[{"href":"https:\/\/feuerwehr-weinboehla.de\/index.php?rest_route=\/wp\/v2\/pages"}],"about":[{"href":"https:\/\/feuerwehr-weinboehla.de\/index.php?rest_route=\/wp\/v2\/types\/page"}],"author":[{"embeddable":true,"href":"https:\/\/feuerwehr-weinboehla.de\/index.php?rest_route=\/wp\/v2\/users\/1"}],"replies":[{"embeddable":true,"href":"https:\/\/feuerwehr-weinboehla.de\/index.php?rest_route=%2Fwp%2Fv2%2Fcomments&post=287"}],"version-history":[{"count":2,"href":"https:\/\/feuerwehr-weinboehla.de\/index.php?rest_route=\/wp\/v2\/pages\/287\/revisions"}],"predecessor-version":[{"id":1122,"href":"https:\/\/feuerwehr-weinboehla.de\/index.php?rest_route=\/wp\/v2\/pages\/287\/revisions\/1122"}],"wp:attachment":[{"href":"https:\/\/feuerwehr-weinboehla.de\/index.php?rest_route=%2Fwp%2Fv2%2Fmedia&parent=287"}],"curies":[{"name":"wp","href":"https:\/\/api.w.org\/{rel}","templated":true}]}}