{"id":300,"date":"2019-07-18T08:01:41","date_gmt":"2019-07-18T08:01:41","guid":{"rendered":"http:\/\/fw-wbl.feuerwehr-weinboehla.de\/?page_id=300"},"modified":"2020-02-11T18:59:55","modified_gmt":"2020-02-11T18:59:55","slug":"einsaetze-2018","status":"publish","type":"page","link":"https:\/\/feuerwehr-weinboehla.de\/?page_id=300","title":{"rendered":"Eins\u00e4tze 2018"},"content":{"rendered":"\n<figure class=\"wp-block-table alignwide is-style-stripes\"><table class=\"\"><tbody><tr><td>124<\/td><td>21.12.<\/td><td>10:21<\/td><td><strong>Brand<\/strong><\/td><td>PKW<\/td><td>Friedensstra\u00dfe<\/td><\/tr><tr><td>123<\/td><td>30.11.<\/td><td>02:13<\/td><td><strong>Brand<\/strong><\/td><td>M\u00fcllcontainer<\/td><td>Beethovenstra\u00dfe<\/td><\/tr><tr><td>122<\/td><td>20.11.<\/td><td>23:35<\/td><td><strong>Hilfe<\/strong><\/td><td>Hilflose Person<\/td><td>Am Birkenhain<\/td><\/tr><tr><td>121<\/td><td>13.11.<\/td><td>12:10<\/td><td><strong>Hilfe<\/strong><\/td><td>Gasgeruch im Freien<\/td><td>K\u00f6hlerstra\u00dfe<\/td><\/tr><tr><td>120<\/td><td>12.11.<\/td><td>09:07<\/td><td><strong>BMA<\/strong><\/td><td>Brandmeldeanlage<\/td><td>Mei\u00dfen, Neugasse<\/td><\/tr><tr><td>119<\/td><td>10.11.<\/td><td>19:31<\/td><td><strong>ABC<\/strong><\/td><td>Gasausstr\u00f6mung<\/td><td>Robsch\u00fctz, Neue Siedlung<\/td><\/tr><tr><td>118<\/td><td>05.11.<\/td><td>15:52<\/td><td><strong>BMA<\/strong><\/td><td>Brandmeldeanlage<\/td><td>Advita, Dresdner Stra\u00dfe<\/td><\/tr><tr><td>117<\/td><td>03.11.<\/td><td>12:23<\/td><td><strong>Hilfe<\/strong><\/td><td>Person unter Baum<\/td><td>Coswig, Weststra\u00dfe<\/td><\/tr><tr><td>116<\/td><td>16.10.<\/td><td>15:46<\/td><td><strong>Hilfe<\/strong><\/td><td>Gasgeruch im Freien<\/td><td>Lutherstra\u00dfe<\/td><\/tr><tr><td>115<\/td><td>11.10.<\/td><td>11:21<\/td><td><strong>Brand<\/strong><\/td><td>Wald\/Fl\u00e4che<\/td><td>Niederau\/ OT Gr\u00f6bern, S177<\/td><\/tr><tr><td>114<\/td><td>05.10.<\/td><td>16:37<\/td><td><strong>Brand<\/strong><\/td><td>Fl\u00e4che<\/td><td>Mei\u00dfen, An der Hohen Eifer<\/td><\/tr><tr><td>113<\/td><td>02.10.<\/td><td>01:12<\/td><td><strong>Hilfe<\/strong><\/td><td>T\u00fcr\u00f6ffnung<\/td><td>Forstra\u00dfe, Advita<\/td><\/tr><tr><td>112<\/td><td>24.09.<\/td><td>16:55<\/td><td><strong>Hilfe<\/strong><\/td><td>Baum auf Haus<\/td><td>Klipphausen, Polenzerstra\u00dfe<\/td><\/tr><tr><td>111<\/td><td>20.09.<\/td><td>17:51<\/td><td><strong>\u00dcbung<\/strong><\/td><td>Brandmeldeanlage<\/td><td>Stift Wilhelma<\/td><\/tr><tr><td>110<\/td><td>18.09.<\/td><td>19:55<\/td><td><strong>Brand<\/strong><\/td><td>Deponie<\/td><td>Lampertswalde, M\u00fchlbacher Weg<\/td><\/tr><tr><td>109<\/td><td>15.09.<\/td><td>14:12<\/td><td><strong>Brand<\/strong><\/td><td>Bungalow<\/td><td>Moritzburg, OT Steinbach<\/td><\/tr><tr><td>108<\/td><td>13.09.<\/td><td>14:30<\/td><td><strong>BMA<\/strong><\/td><td>Brandmeldeanlage<\/td><td>Stift Wilhelma<\/td><\/tr><tr><td>107<\/td><td>10.09.<\/td><td>09:43<\/td><td><strong>Hilfe<\/strong><\/td><td>T\u00fcr\u00f6ffnung<\/td><td>Tiefer Weg<\/td><\/tr><tr><td>106<\/td><td>09.09.<\/td><td>20:16<\/td><td><strong>Brand<\/strong><\/td><td>Papierkorb<\/td><td>K\u00f6hlerstra\u00dfe<\/td><\/tr><tr><td>105<\/td><td>09.09.<\/td><td>14:39<\/td><td><strong>BMA<\/strong><\/td><td>Brandmeldeanlage<\/td><td>Steinbach, Krippenweg<\/td><\/tr><tr><td>104<\/td><td>08.09.<\/td><td>09:17<\/td><td><strong>ABC<\/strong><\/td><td>Gefahrgutunfall<\/td><td>Mei\u00dfen, Schottenbergtunnel<\/td><\/tr><tr><td>103<\/td><td>29.08.<\/td><td>14:20<\/td><td><strong>Brand<\/strong><\/td><td>Bahndamm<\/td><td>K\u00f6hlerstra\u00dfe<\/td><\/tr><tr><td>102<\/td><td>27.08.<\/td><td>18:15<\/td><td><strong>Brand<\/strong><\/td><td>Feld<\/td><td>K\u00f6hlerstra\u00dfe<\/td><\/tr><tr><td>101<\/td><td>27.08.<\/td><td>00:18<\/td><td><strong>Hilfe<\/strong><\/td><td>Verkehrsunfall<\/td><td>Steinbach, Gro\u00dfenhainerstr.<\/td><\/tr><tr><td>100<\/td><td>13.08.<\/td><td>16:26<\/td><td><strong>Brand<\/strong><\/td><td>Lagerhalle<\/td><td>Radeburg<\/td><\/tr><tr><td>99<\/td><td>08.08.<\/td><td>04:06<\/td><td><strong>Brand<\/strong><\/td><td>Komposthaufen<\/td><td>Klipphausen, Hof Buschweg<\/td><\/tr><tr><td>98<\/td><td>07.08.<\/td><td>20:44<\/td><td><strong>Brand<\/strong><\/td><td>Wald<\/td><td>Mei\u00dfen, Polenzer Weg<\/td><\/tr><tr><td>97<\/td><td>07.08.<\/td><td>14:50<\/td><td><strong>Brand<\/strong><\/td><td>\u00d6dland<\/td><td>Coswig, Emil-Hermann-Nacke-Str.<\/td><\/tr><tr><td>96<\/td><td>07.08.<\/td><td>14:04<\/td><td><strong>Brand<\/strong><\/td><td>Wald<\/td><td>Mei\u00dfen, Polenzer Weg<\/td><\/tr><tr><td>95<\/td><td>30.07.<\/td><td>16:45<\/td><td><strong>Brand<\/strong><\/td><td>Wald<\/td><td>Mei\u00dfen, Triebischtal<\/td><\/tr><tr><td>94<\/td><td>28.07.<\/td><td>13:43<\/td><td><strong>Brand<\/strong><\/td><td>Wald<\/td><td>Ebersbach\/R\u00f6dern, Kirchgasse<\/td><\/tr><tr><td>93<\/td><td>27.07.<\/td><td>09:56<\/td><td><strong>Hilfe<\/strong><\/td><td>Verkehrsunfall<\/td><td>Dresdner-\/K\u00f6hlerstra\u00dfe<\/td><\/tr><tr><td>92<\/td><td>21.07.<\/td><td>11:31<\/td><td><strong>Hilfe<\/strong><\/td><td>Sturmschaden<\/td><td>Am Laubenberg<\/td><\/tr><tr><td>91<\/td><td>20.07.<\/td><td>01:32<\/td><td><strong>Hilfe<\/strong><\/td><td>T\u00fcr\u00f6ffnung<\/td><td>Rathausstra\u00dfe<\/td><\/tr><tr><td>90<\/td><td>16.07.<\/td><td>06:13<\/td><td><strong>Hilfe<\/strong><\/td><td>T\u00fcr\u00f6ffnung<\/td><td>Reichsstra\u00dfe<\/td><\/tr><tr><td>89<\/td><td>15.07.<\/td><td>12:08<\/td><td><strong>Brand<\/strong><\/td><td>Wiese<\/td><td>B\u00e4ckersche Hofstra\u00dfe<\/td><\/tr><tr><td>88<\/td><td>14.07.<\/td><td>11:57<\/td><td><strong>Hilfe<\/strong><\/td><td>Verkehrsunfall<\/td><td>Br\u00fcckenstra\u00dfe<\/td><\/tr><tr><td>87<\/td><td>07.07.<\/td><td>16:50<\/td><td><strong>Brand<\/strong><\/td><td>unklare Rauchentwicklung<\/td><td>Grenzweg<\/td><\/tr><tr><td>86<\/td><td>06.07.<\/td><td>15:44<\/td><td><strong>Brand<\/strong><\/td><td>Feld<\/td><td>Mei\u00dfen, Dobritzer Berg<\/td><\/tr><tr><td>85<\/td><td>05.07.<\/td><td>17:08<\/td><td><strong>Brand<\/strong><\/td><td>Wald<\/td><td>Radebeul, Barkengasse<\/td><\/tr><tr><td>84<\/td><td>05.07.<\/td><td>12:40<\/td><td><strong>Brand<\/strong><\/td><td>Feld<\/td><td>B\u00e4rwalde<\/td><\/tr><tr><td>83<\/td><td>05.07.<\/td><td>07:35<\/td><td><strong>Brand<\/strong><\/td><td>Bungalow<\/td><td>Mei\u00dfen, Sch\u00fctzestra\u00dfe<\/td><\/tr><tr><td>82<\/td><td>30.06.<\/td><td>11:18<\/td><td><strong>Brand<\/strong><\/td><td>Schuppen<\/td><td>Maxstra\u00dfe<\/td><\/tr><tr><td>81<\/td><td>21.06.<\/td><td>16:16<\/td><td><strong>Brand<\/strong><\/td><td>Wald<\/td><td>Moritzburg, Am Frauenteich<\/td><\/tr><tr><td>80<\/td><td>17.06.<\/td><td>03:36<\/td><td><strong>BMA<\/strong><\/td><td>Brandmeldeanlage<\/td><td>Forsthaus Kreyern<\/td><\/tr><tr><td>79<\/td><td>16.06.<\/td><td>06:41<\/td><td><strong>BMA<\/strong><\/td><td>Brandmeldeanlage<\/td><td>Forsthaus Kreyern<\/td><\/tr><tr><td>78<\/td><td>25.05.<\/td><td>21:41<\/td><td><strong>Brand<\/strong><\/td><td>Rauchentwicklung (Fehleinsatz)<\/td><td>Steinbacher Stra\u00dfe<\/td><\/tr><tr><td>77<\/td><td>25.05.<\/td><td>03:52<\/td><td><strong>Hilfe<\/strong><\/td><td>Wohnungs\u00f6ffnung<\/td><td>Sonnenleite<\/td><\/tr><tr><td>76<\/td><td>11.05.<\/td><td>04:03<\/td><td><strong>Brand<\/strong><\/td><td>Wohnwagen<\/td><td>Radeburg, W\u00fcrschnitzer Str.<\/td><\/tr><tr><td>75<\/td><td>10.05.<\/td><td>16:31<\/td><td><strong>Brand<\/strong><\/td><td>Wald<\/td><td>Auer, Siedlerweg<\/td><\/tr><tr><td>74<\/td><td>29.04.<\/td><td>12:59<\/td><td><strong>Hilfe<\/strong><\/td><td>Wohnungs\u00f6ffnung<\/td><td>Gutenbergstra\u00dfe<\/td><\/tr><tr><td>73<\/td><td>23.04.<\/td><td>19:37<\/td><td><strong>Hilfe<\/strong><\/td><td>Wasserschaden<\/td><td>Berlinerstra\u00dfe (Unterf\u00fchrung)<\/td><\/tr><tr><td>72<\/td><td>19.04.<\/td><td>19:45<\/td><td><strong>Hilfe<\/strong><\/td><td>Sturmschaden<\/td><td>Auerweg<\/td><\/tr><tr><td>71<\/td><td>16.04.<\/td><td>15:28<\/td><td><strong>Hilfe<\/strong><\/td><td>Tragehilfe<\/td><td>Moritzburger Stra\u00dfe<\/td><\/tr><tr><td>70<\/td><td>16.04.<\/td><td>13:07<\/td><td><strong>Hilfe<\/strong><\/td><td>Tragehilfe<\/td><td>Moritzburger Stra\u00dfe<\/td><\/tr><tr><td>69<\/td><td>14.04.<\/td><td>14:17<\/td><td><strong>Hilfe<\/strong><\/td><td>Tragehilfe<\/td><td>Dresdner Stra\u00dfe<\/td><\/tr><tr><td>68<\/td><td>10.04.<\/td><td>15:06<\/td><td><strong>Hilfe<\/strong><\/td><td>Verkehrsunfall<\/td><td>Moritzburger Str. # Forststr.<\/td><\/tr><tr><td>67<\/td><td>09.04.<\/td><td>14:40<\/td><td><strong>Hilfe<\/strong><\/td><td>Verkehrsunfall<\/td><td>K\u00f6hlerstr. # Birkenhain<\/td><\/tr><tr><td>66<\/td><td>05.04.<\/td><td>20:00<\/td><td><strong>Hilfe<\/strong><\/td><td>Verunreinigung<\/td><td>Spitzgrundstra\u00dfe<\/td><\/tr><tr><td>65<\/td><td>02.04.<\/td><td>19:26<\/td><td><strong>Hilfe<\/strong><\/td><td>Wohnungs\u00f6ffnung<\/td><td>Loisenstra\u00dfe<\/td><\/tr><tr><td>64<\/td><td>02.04.<\/td><td>19:21<\/td><td><strong>Brand<\/strong><\/td><td>Wiese<\/td><td>K\u00f6hlerstra\u00dfe<\/td><\/tr><tr><td>63<\/td><td>30.03.<\/td><td>15:21<\/td><td><strong>Hilfe<\/strong><\/td><td>Wohnungs\u00f6ffnung<\/td><td>An den Obstwiesen<\/td><\/tr><tr><td>62<\/td><td>27.03.<\/td><td>11:17<\/td><td><strong>ABC<\/strong><\/td><td>auslaufendes Gefahrgut<\/td><td>Moritzburger Stra\u00dfe<\/td><\/tr><tr><td>61<\/td><td>26.03.<\/td><td>19:04<\/td><td><strong>Brand<\/strong><\/td><td>Geb\u00e4ude<\/td><td>Groitzsch, Rothsch\u00f6nberger Str.<\/td><\/tr><tr><td>60<\/td><td>16.03.<\/td><td>22:27<\/td><td><strong>Brand<\/strong><\/td><td>Feuerschein hinter Haus<\/td><td>Blumenstra\u00dfe<\/td><\/tr><tr><td>59<\/td><td>02.03.<\/td><td>02:44<\/td><td><strong>Hilfe<\/strong><\/td><td>\u00d6lspur<\/td><td>Gemeindegebiet<\/td><\/tr><tr><td>58<\/td><td>24.02.<\/td><td>23:46<\/td><td><strong>Hilfe<\/strong><\/td><td>Wohnungs\u00f6ffnung<\/td><td>Schillerstra\u00dfe<\/td><\/tr><tr><td>57<\/td><td>20.02.<\/td><td>10:20<\/td><td><strong>Brand<\/strong><\/td><td>LKW-Brand<\/td><td>Brockwitz, Dresdner Stra\u00dfe<\/td><\/tr><tr><td>56<\/td><td>17.02.<\/td><td>01:29<\/td><td><strong>Hilfe<\/strong><\/td><td>\u00d6lspur<\/td><td>K\u00f6hlerstra\u00dfe<\/td><\/tr><tr><td>55<\/td><td>16.02.<\/td><td>18:19<\/td><td><strong>Hilfe<\/strong><\/td><td>Tragehilfe Rettungsdienst<\/td><td>Hauptstra\u00dfe<\/td><\/tr><tr><td>54<\/td><td>15.02.<\/td><td>04:16<\/td><td><strong>Brand<\/strong><\/td><td>Holzhandel<\/td><td>Coswig, T\u00e4nnichtweg<\/td><\/tr><tr><td>53<br><\/td><td>14.02.<\/td><td>01:00<\/td><td><strong>Brand<\/strong><\/td><td>Gartencenter<\/td><td>Coswig, Dresdner Stra\u00dfe<\/td><\/tr><tr><td>52<\/td><td>06.02.<\/td><td>13:45<\/td><td><strong>Hilfe<\/strong><\/td><td>Verkehrsunfall<\/td><td>Hauptstra\u00dfe<\/td><\/tr><tr><td>51<\/td><td>31.01.<\/td><td>08:37<\/td><td><strong>Hilfe<\/strong><\/td><td>Tragehilfe f\u00fcr Rettungsdienst<\/td><td>Moritzburger Stra\u00dfe<\/td><\/tr><tr><td>50<\/td><td>20.01.<\/td><td>14:57<\/td><td><strong>Hilfe<\/strong><\/td><td>Sturmschaden<\/td><td>Schindlerstra\u00dfe<\/td><\/tr><tr><td>49<\/td><td>20.01.<\/td><td>12:33<\/td><td><strong>Hilfe<\/strong><\/td><td>VKU eingekl. Person<\/td><td>Dresdnerstra\u00dfe<\/td><\/tr><tr><td>48<\/td><td>20.01.<\/td><td>11:20<\/td><td><strong>Hilfe<\/strong><\/td><td>Sturmschaden<\/td><td>Fuchsweg<\/td><\/tr><tr><td>3-47<\/td><td>18.01. -19.01.<\/td><td>15:48<\/td><td><strong>Hilfe<\/strong><\/td><td>Sturmsch\u00e4den<\/td><td>Im gesamten und \u00dcber\u00f6rtlichen Gemeindegebiet<\/td><\/tr><tr><td>2<\/td><td>17.01.<\/td><td>11:45<\/td><td><strong>Hilfe<\/strong><\/td><td>auslaufende Betriebsmittel<\/td><td>Moritzburger Stra\u00dfe<\/td><\/tr><tr><td>1<\/td><td>07.01.<\/td><td>13:10<\/td><td><strong>Hilfe<\/strong><\/td><td>Verunreinigung<\/td><td>Gro\u00dfenhainer Stra\u00dfe, &#8230;<\/td><\/tr><\/tbody><\/table><\/figure>\n","protected":false},"excerpt":{"rendered":"<p>124 21.12. 10:21 Brand PKW Friedensstra\u00dfe 123 30.11. 02:13 Brand M\u00fcllcontainer Beethovenstra\u00dfe 122 20.11. 23:35 Hilfe Hilflose Person Am Birkenhain 121 13.11. 12:10 Hilfe Gasgeruch im Freien K\u00f6hlerstra\u00dfe 120 12.11. 09:07 BMA Brandmeldeanlage Mei\u00dfen, Neugasse 119 10.11. 19:31 ABC Gasausstr\u00f6mung Robsch\u00fctz, Neue Siedlung 118 05.11. 15:52 BMA Brandmeldeanlage Advita, Dresdner Stra\u00dfe 117 03.11. 12:23 Hilfe &hellip; <\/p>\n<p class=\"link-more\"><a href=\"https:\/\/feuerwehr-weinboehla.de\/?page_id=300\" class=\"more-link\"><span class=\"screen-reader-text\">\u201eEins\u00e4tze 2018\u201c <\/span>weiterlesen<\/a><\/p>\n","protected":false},"author":1,"featured_media":0,"parent":0,"menu_order":0,"comment_status":"closed","ping_status":"closed","template":"","meta":{"footnotes":""},"class_list":["post-300","page","type-page","status-publish","hentry"],"_links":{"self":[{"href":"https:\/\/feuerwehr-weinboehla.de\/index.php?rest_route=\/wp\/v2\/pages\/300","targetHints":{"allow":["GET"]}}],"collection":[{"href":"https:\/\/feuerwehr-weinboehla.de\/index.php?rest_route=\/wp\/v2\/pages"}],"about":[{"href":"https:\/\/feuerwehr-weinboehla.de\/index.php?rest_route=\/wp\/v2\/types\/page"}],"author":[{"embeddable":true,"href":"https:\/\/feuerwehr-weinboehla.de\/index.php?rest_route=\/wp\/v2\/users\/1"}],"replies":[{"embeddable":true,"href":"https:\/\/feuerwehr-weinboehla.de\/index.php?rest_route=%2Fwp%2Fv2%2Fcomments&post=300"}],"version-history":[{"count":7,"href":"https:\/\/feuerwehr-weinboehla.de\/index.php?rest_route=\/wp\/v2\/pages\/300\/revisions"}],"predecessor-version":[{"id":1110,"href":"https:\/\/feuerwehr-weinboehla.de\/index.php?rest_route=\/wp\/v2\/pages\/300\/revisions\/1110"}],"wp:attachment":[{"href":"https:\/\/feuerwehr-weinboehla.de\/index.php?rest_route=%2Fwp%2Fv2%2Fmedia&parent=300"}],"curies":[{"name":"wp","href":"https:\/\/api.w.org\/{rel}","templated":true}]}}