{"id":324,"date":"2019-07-18T08:21:59","date_gmt":"2019-07-18T08:21:59","guid":{"rendered":"http:\/\/fw-wbl.feuerwehr-weinboehla.de\/?page_id=324"},"modified":"2020-02-12T05:53:04","modified_gmt":"2020-02-12T05:53:04","slug":"einsatz-9-2019","status":"publish","type":"page","link":"https:\/\/feuerwehr-weinboehla.de\/?page_id=324","title":{"rendered":"Einsatz 9 &#8211; 2019"},"content":{"rendered":"\n<figure class=\"wp-block-table is-style-stripes\"><table class=\"has-subtle-light-gray-background-color has-fixed-layout has-background\"><tbody><tr><td>Einsatzart<\/td><td>Brand<\/td><\/tr><tr><td>Einsatzstichwort<\/td><td>M\u00fclltonne<\/td><\/tr><tr><td>Einsatzort<\/td><td>K\u00f6hlerstra\u00dfe<\/td><\/tr><tr><td>Einsatzbeginn<\/td><td>11.02.2019 14:56<\/td><\/tr><tr><td>Einsatzende<\/td><td>11.02.2019 15:30<\/td><\/tr><tr><td>Einsatzkr\u00e4fte<\/td><td>6<\/td><\/tr><tr><td>Fahrzeuge<\/td><td> LF<\/td><\/tr><tr><td>Weitere Kr\u00e4fte<\/td><td>Polizei, Rettungsdienst<\/td><\/tr><tr><td>Einsatzbericht<\/td><td> bei Ankunft Brand von zwei 240 Liter M\u00fcllbeh\u00e4lter, Brandbek\u00e4mpfung mittels 1 C Rohr durchgef\u00fchrt <\/td><\/tr><tr><td>Links<\/td><td>&#8212;<\/td><\/tr><\/tbody><\/table><\/figure>\n\n\n\n<iframe loading=\"lazy\" src=\"https:\/\/www.google.com\/maps\/embed?pb=!1m18!1m12!1m3!1d2502.587675694186!2d13.575413315962486!3d51.15295424437737!2m3!1f0!2f0!3f0!3m2!1i1024!2i768!4f13.1!3m3!1m2!1s0x4709d406f6b4f21d%3A0xdfb7f67dab8287cb!2zS8O2aGxlcnN0cmHDn2UsIDAxNjg5IFdlaW5iw7ZobGE!5e0!3m2!1sde!2sde!4v1563438102047!5m2!1sde!2sde\" style=\"border:0\" allowfullscreen=\"\" width=\"600\" height=\"450\" frameborder=\"0\"><\/iframe>\n","protected":false},"excerpt":{"rendered":"<p>Einsatzart Brand Einsatzstichwort M\u00fclltonne Einsatzort K\u00f6hlerstra\u00dfe Einsatzbeginn 11.02.2019 14:56 Einsatzende 11.02.2019 15:30 Einsatzkr\u00e4fte 6 Fahrzeuge LF Weitere Kr\u00e4fte Polizei, Rettungsdienst Einsatzbericht bei Ankunft Brand von zwei 240 Liter M\u00fcllbeh\u00e4lter, Brandbek\u00e4mpfung mittels 1 C Rohr durchgef\u00fchrt Links &#8212;<\/p>\n","protected":false},"author":1,"featured_media":0,"parent":0,"menu_order":0,"comment_status":"closed","ping_status":"closed","template":"","meta":{"footnotes":""},"class_list":["post-324","page","type-page","status-publish","hentry"],"_links":{"self":[{"href":"https:\/\/feuerwehr-weinboehla.de\/index.php?rest_route=\/wp\/v2\/pages\/324","targetHints":{"allow":["GET"]}}],"collection":[{"href":"https:\/\/feuerwehr-weinboehla.de\/index.php?rest_route=\/wp\/v2\/pages"}],"about":[{"href":"https:\/\/feuerwehr-weinboehla.de\/index.php?rest_route=\/wp\/v2\/types\/page"}],"author":[{"embeddable":true,"href":"https:\/\/feuerwehr-weinboehla.de\/index.php?rest_route=\/wp\/v2\/users\/1"}],"replies":[{"embeddable":true,"href":"https:\/\/feuerwehr-weinboehla.de\/index.php?rest_route=%2Fwp%2Fv2%2Fcomments&post=324"}],"version-history":[{"count":2,"href":"https:\/\/feuerwehr-weinboehla.de\/index.php?rest_route=\/wp\/v2\/pages\/324\/revisions"}],"predecessor-version":[{"id":1206,"href":"https:\/\/feuerwehr-weinboehla.de\/index.php?rest_route=\/wp\/v2\/pages\/324\/revisions\/1206"}],"wp:attachment":[{"href":"https:\/\/feuerwehr-weinboehla.de\/index.php?rest_route=%2Fwp%2Fv2%2Fmedia&parent=324"}],"curies":[{"name":"wp","href":"https:\/\/api.w.org\/{rel}","templated":true}]}}