{"id":331,"date":"2019-07-18T08:27:47","date_gmt":"2019-07-18T08:27:47","guid":{"rendered":"http:\/\/fw-wbl.feuerwehr-weinboehla.de\/?page_id=331"},"modified":"2020-02-12T05:00:57","modified_gmt":"2020-02-12T05:00:57","slug":"einsatz-11-2019","status":"publish","type":"page","link":"https:\/\/feuerwehr-weinboehla.de\/?page_id=331","title":{"rendered":"Einsatz 11 &#8211; 2019"},"content":{"rendered":"\n<figure class=\"wp-block-table is-style-stripes\"><table class=\"has-subtle-light-gray-background-color has-fixed-layout has-background\"><tbody><tr><td>Einsatzart<\/td><td>Hilfeleistung<\/td><\/tr><tr><td>Einsatzstichwort<\/td><td>Tragehilfe<\/td><\/tr><tr><td>Einsatzort<\/td><td>Moritzburger Stra\u00dfe<\/td><\/tr><tr><td>Einsatzbeginn<\/td><td>19.02.2019 11:19<\/td><\/tr><tr><td>Einsatzende<\/td><td>19.02.2019 11:28<\/td><\/tr><tr><td>Einsatzkr\u00e4fte<\/td><td>6<\/td><\/tr><tr><td>Fahrzeuge<\/td><td> LF, TLK<\/td><\/tr><tr><td>Weitere Kr\u00e4fte<\/td><td>Rettungsdienst<\/td><\/tr><tr><td>Einsatzbericht<\/td><td>Tragehilfe und an Rettungsdienst <br>\u00fcbergeben<\/td><\/tr><tr><td>Links<\/td><td>&#8212;<\/td><\/tr><\/tbody><\/table><\/figure>\n\n\n\n<iframe loading=\"lazy\" src=\"https:\/\/www.google.com\/maps\/embed?pb=!1m18!1m12!1m3!1d2502.041161840137!2d13.594711215962723!3d51.163030543643885!2m3!1f0!2f0!3f0!3m2!1i1024!2i768!4f13.1!3m3!1m2!1s0x4709d3f31392d8df%3A0x70437cc152a106c3!2sMoritzburger+Str.%2C+01689+Weinb%C3%B6hla!5e0!3m2!1sde!2sde!4v1563438214946!5m2!1sde!2sde\" style=\"border:0\" allowfullscreen=\"\" width=\"600\" height=\"450\" frameborder=\"0\"><\/iframe>\n","protected":false},"excerpt":{"rendered":"<p>Einsatzart Hilfeleistung Einsatzstichwort Tragehilfe Einsatzort Moritzburger Stra\u00dfe Einsatzbeginn 19.02.2019 11:19 Einsatzende 19.02.2019 11:28 Einsatzkr\u00e4fte 6 Fahrzeuge LF, TLK Weitere Kr\u00e4fte Rettungsdienst Einsatzbericht Tragehilfe und an Rettungsdienst \u00fcbergeben Links &#8212;<\/p>\n","protected":false},"author":1,"featured_media":0,"parent":0,"menu_order":0,"comment_status":"closed","ping_status":"closed","template":"","meta":{"footnotes":""},"class_list":["post-331","page","type-page","status-publish","hentry"],"_links":{"self":[{"href":"https:\/\/feuerwehr-weinboehla.de\/index.php?rest_route=\/wp\/v2\/pages\/331","targetHints":{"allow":["GET"]}}],"collection":[{"href":"https:\/\/feuerwehr-weinboehla.de\/index.php?rest_route=\/wp\/v2\/pages"}],"about":[{"href":"https:\/\/feuerwehr-weinboehla.de\/index.php?rest_route=\/wp\/v2\/types\/page"}],"author":[{"embeddable":true,"href":"https:\/\/feuerwehr-weinboehla.de\/index.php?rest_route=\/wp\/v2\/users\/1"}],"replies":[{"embeddable":true,"href":"https:\/\/feuerwehr-weinboehla.de\/index.php?rest_route=%2Fwp%2Fv2%2Fcomments&post=331"}],"version-history":[{"count":3,"href":"https:\/\/feuerwehr-weinboehla.de\/index.php?rest_route=\/wp\/v2\/pages\/331\/revisions"}],"predecessor-version":[{"id":1123,"href":"https:\/\/feuerwehr-weinboehla.de\/index.php?rest_route=\/wp\/v2\/pages\/331\/revisions\/1123"}],"wp:attachment":[{"href":"https:\/\/feuerwehr-weinboehla.de\/index.php?rest_route=%2Fwp%2Fv2%2Fmedia&parent=331"}],"curies":[{"name":"wp","href":"https:\/\/api.w.org\/{rel}","templated":true}]}}