{"id":334,"date":"2019-07-18T08:30:13","date_gmt":"2019-07-18T08:30:13","guid":{"rendered":"http:\/\/fw-wbl.feuerwehr-weinboehla.de\/?page_id=334"},"modified":"2020-02-12T06:04:34","modified_gmt":"2020-02-12T06:04:34","slug":"einsatz-12-2019","status":"publish","type":"page","link":"https:\/\/feuerwehr-weinboehla.de\/?page_id=334","title":{"rendered":"Einsatz 12 &#8211; 2019"},"content":{"rendered":"\n<figure class=\"wp-block-table is-style-stripes\"><table class=\"has-subtle-light-gray-background-color has-fixed-layout has-background\"><tbody><tr><td>Einsatzart<\/td><td>Hilfeleistung<\/td><\/tr><tr><td>Einsatzstichwort<\/td><td>\u00d6lspur<\/td><\/tr><tr><td>Einsatzort<\/td><td>Mei\u00dfnerstra\u00dfe <\/td><\/tr><tr><td>Einsatzbeginn<\/td><td>23.02.2019 12:24<\/td><\/tr><tr><td>Einsatzende<\/td><td> 23.02.2019 14:00<\/td><\/tr><tr><td>Einsatzkr\u00e4fte<\/td><td>4<\/td><\/tr><tr><td>Fahrzeuge<\/td><td> VRW<\/td><\/tr><tr><td>Weitere Kr\u00e4fte<\/td><td>&#8212;<\/td><\/tr><tr><td>Einsatzbericht<\/td><td>\u00d6l mittels \u00d6lbindemittel <br>abgestumpft&nbsp; <\/td><\/tr><tr><td>Links<\/td><td>&#8212;<\/td><\/tr><\/tbody><\/table><\/figure>\n\n\n\n<iframe loading=\"lazy\" src=\"https:\/\/www.google.com\/maps\/embed?pb=!1m18!1m12!1m3!1d2501.609848159631!2d13.553875015962955!3d51.17098184306532!2m3!1f0!2f0!3f0!3m2!1i1024!2i768!4f13.1!3m3!1m2!1s0x4709d4387e40417f%3A0xb00bd8f5c03513e2!2sMei%C3%9Fner+Str.%2C+01689+Weinb%C3%B6hla!5e0!3m2!1sde!2sde!4v1563438602788!5m2!1sde!2sde\" style=\"border:0\" allowfullscreen=\"\" width=\"600\" height=\"450\" frameborder=\"0\"><\/iframe>\n","protected":false},"excerpt":{"rendered":"<p>Einsatzart Hilfeleistung Einsatzstichwort \u00d6lspur Einsatzort Mei\u00dfnerstra\u00dfe Einsatzbeginn 23.02.2019 12:24 Einsatzende 23.02.2019 14:00 Einsatzkr\u00e4fte 4 Fahrzeuge VRW Weitere Kr\u00e4fte &#8212; Einsatzbericht \u00d6l mittels \u00d6lbindemittel abgestumpft&nbsp; Links &#8212;<\/p>\n","protected":false},"author":1,"featured_media":0,"parent":0,"menu_order":0,"comment_status":"closed","ping_status":"closed","template":"","meta":{"footnotes":""},"class_list":["post-334","page","type-page","status-publish","hentry"],"_links":{"self":[{"href":"https:\/\/feuerwehr-weinboehla.de\/index.php?rest_route=\/wp\/v2\/pages\/334","targetHints":{"allow":["GET"]}}],"collection":[{"href":"https:\/\/feuerwehr-weinboehla.de\/index.php?rest_route=\/wp\/v2\/pages"}],"about":[{"href":"https:\/\/feuerwehr-weinboehla.de\/index.php?rest_route=\/wp\/v2\/types\/page"}],"author":[{"embeddable":true,"href":"https:\/\/feuerwehr-weinboehla.de\/index.php?rest_route=\/wp\/v2\/users\/1"}],"replies":[{"embeddable":true,"href":"https:\/\/feuerwehr-weinboehla.de\/index.php?rest_route=%2Fwp%2Fv2%2Fcomments&post=334"}],"version-history":[{"count":2,"href":"https:\/\/feuerwehr-weinboehla.de\/index.php?rest_route=\/wp\/v2\/pages\/334\/revisions"}],"predecessor-version":[{"id":1210,"href":"https:\/\/feuerwehr-weinboehla.de\/index.php?rest_route=\/wp\/v2\/pages\/334\/revisions\/1210"}],"wp:attachment":[{"href":"https:\/\/feuerwehr-weinboehla.de\/index.php?rest_route=%2Fwp%2Fv2%2Fmedia&parent=334"}],"curies":[{"name":"wp","href":"https:\/\/api.w.org\/{rel}","templated":true}]}}