{"id":337,"date":"2019-07-18T08:33:06","date_gmt":"2019-07-18T08:33:06","guid":{"rendered":"http:\/\/fw-wbl.feuerwehr-weinboehla.de\/?page_id=337"},"modified":"2020-02-12T05:07:04","modified_gmt":"2020-02-12T05:07:04","slug":"einsatz-13-2019","status":"publish","type":"page","link":"https:\/\/feuerwehr-weinboehla.de\/?page_id=337","title":{"rendered":"Einsatz 13 &#8211; 2019"},"content":{"rendered":"\n<figure class=\"wp-block-table is-style-stripes\"><table class=\"has-subtle-light-gray-background-color has-fixed-layout has-background\"><tbody><tr><td>Einsatzart<\/td><td>Brand<\/td><\/tr><tr><td>Einsatzstichwort<\/td><td>M\u00fclltonne<\/td><\/tr><tr><td>Einsatzort<\/td><td>K\u00f6hlerstra\u00dfe<\/td><\/tr><tr><td>Einsatzbeginn<\/td><td>27.02.2019 17:40<\/td><\/tr><tr><td>Einsatzende<\/td><td>27.02.2019 18:17 <\/td><\/tr><tr><td>Einsatzkr\u00e4fte<\/td><td>9<\/td><\/tr><tr><td>Fahrzeuge<\/td><td> LF<\/td><\/tr><tr><td>Weitere Kr\u00e4fte<\/td><td>&#8212;<\/td><\/tr><tr><td>Einsatzbericht<\/td><td> Schnellkomposthaufen hat vor Ort gequalmt, wurde mittels Schnellangriff abgel\u00f6scht<\/td><\/tr><tr><td>Links<\/td><td>&#8212;<\/td><\/tr><\/tbody><\/table><\/figure>\n\n\n\n<iframe loading=\"lazy\" src=\"https:\/\/www.google.com\/maps\/embed?pb=!1m18!1m12!1m3!1d2502.587858179733!2d13.57541331575699!3d51.152950879578434!2m3!1f0!2f0!3f0!3m2!1i1024!2i768!4f13.1!3m3!1m2!1s0x4709d406f6b4f21d%3A0xdfb7f67dab8287cb!2zS8O2aGxlcnN0cmHDn2UsIDAxNjg5IFdlaW5iw7ZobGE!5e0!3m2!1sde!2sde!4v1563438746369!5m2!1sde!2sde\" style=\"border:0\" allowfullscreen=\"\" width=\"600\" height=\"450\" frameborder=\"0\"><\/iframe>\n\n\n\n<figure class=\"wp-block-image\"><img loading=\"lazy\" decoding=\"async\" width=\"1024\" height=\"768\" src=\"http:\/\/fw-wbl.feuerwehr-weinboehla.de\/wp-content\/uploads\/2019\/07\/20190227_195101238_iOS-1024x768.jpg\" alt=\"\" class=\"wp-image-338\" srcset=\"https:\/\/feuerwehr-weinboehla.de\/wp-content\/uploads\/2019\/07\/20190227_195101238_iOS-1024x768.jpg 1024w, https:\/\/feuerwehr-weinboehla.de\/wp-content\/uploads\/2019\/07\/20190227_195101238_iOS-300x225.jpg 300w, https:\/\/feuerwehr-weinboehla.de\/wp-content\/uploads\/2019\/07\/20190227_195101238_iOS-768x576.jpg 768w, https:\/\/feuerwehr-weinboehla.de\/wp-content\/uploads\/2019\/07\/20190227_195101238_iOS.jpg 1599w\" sizes=\"auto, (max-width: 767px) 89vw, (max-width: 1000px) 54vw, (max-width: 1071px) 543px, 580px\" \/><\/figure>\n","protected":false},"excerpt":{"rendered":"<p>Einsatzart Brand Einsatzstichwort M\u00fclltonne Einsatzort K\u00f6hlerstra\u00dfe Einsatzbeginn 27.02.2019 17:40 Einsatzende 27.02.2019 18:17 Einsatzkr\u00e4fte 9 Fahrzeuge LF Weitere Kr\u00e4fte &#8212; Einsatzbericht Schnellkomposthaufen hat vor Ort gequalmt, wurde mittels Schnellangriff abgel\u00f6scht Links &#8212;<\/p>\n","protected":false},"author":1,"featured_media":0,"parent":0,"menu_order":0,"comment_status":"closed","ping_status":"closed","template":"","meta":{"footnotes":""},"class_list":["post-337","page","type-page","status-publish","hentry"],"_links":{"self":[{"href":"https:\/\/feuerwehr-weinboehla.de\/index.php?rest_route=\/wp\/v2\/pages\/337","targetHints":{"allow":["GET"]}}],"collection":[{"href":"https:\/\/feuerwehr-weinboehla.de\/index.php?rest_route=\/wp\/v2\/pages"}],"about":[{"href":"https:\/\/feuerwehr-weinboehla.de\/index.php?rest_route=\/wp\/v2\/types\/page"}],"author":[{"embeddable":true,"href":"https:\/\/feuerwehr-weinboehla.de\/index.php?rest_route=\/wp\/v2\/users\/1"}],"replies":[{"embeddable":true,"href":"https:\/\/feuerwehr-weinboehla.de\/index.php?rest_route=%2Fwp%2Fv2%2Fcomments&post=337"}],"version-history":[{"count":2,"href":"https:\/\/feuerwehr-weinboehla.de\/index.php?rest_route=\/wp\/v2\/pages\/337\/revisions"}],"predecessor-version":[{"id":1126,"href":"https:\/\/feuerwehr-weinboehla.de\/index.php?rest_route=\/wp\/v2\/pages\/337\/revisions\/1126"}],"wp:attachment":[{"href":"https:\/\/feuerwehr-weinboehla.de\/index.php?rest_route=%2Fwp%2Fv2%2Fmedia&parent=337"}],"curies":[{"name":"wp","href":"https:\/\/api.w.org\/{rel}","templated":true}]}}