{"id":344,"date":"2019-07-18T08:53:27","date_gmt":"2019-07-18T08:53:27","guid":{"rendered":"http:\/\/fw-wbl.feuerwehr-weinboehla.de\/?page_id=344"},"modified":"2020-02-12T05:08:28","modified_gmt":"2020-02-12T05:08:28","slug":"einsatz-15-2019","status":"publish","type":"page","link":"https:\/\/feuerwehr-weinboehla.de\/?page_id=344","title":{"rendered":"Einsatz 15 &#8211; 2019"},"content":{"rendered":"\n<figure class=\"wp-block-table is-style-stripes\"><table class=\"has-subtle-light-gray-background-color has-fixed-layout has-background\"><tbody><tr><td>Einsatzart<\/td><td>Brand<\/td><\/tr><tr><td>Einsatzstichwort<\/td><td>Bungalow<\/td><\/tr><tr><td>Einsatzort<\/td><td>Spitzgrundstra\u00dfe<\/td><\/tr><tr><td>Einsatzbeginn<\/td><td>02.03.2019 13:26<\/td><\/tr><tr><td>Einsatzende<\/td><td>02.03.2019 13:36<\/td><\/tr><tr><td>Einsatzkr\u00e4fte<\/td><td>20<\/td><\/tr><tr><td>Fahrzeuge<\/td><td> KDOW, VRW, TLF<\/td><\/tr><tr><td>Weitere Kr\u00e4fte<\/td><td>Feuerwehr Niederau<\/td><\/tr><tr><td>Einsatzbericht<\/td><td> bei Anfahrt war bereits eine starke Rauchentwicklung zu erkennen, es handelt sich vor Ort um ein unangemeldetes Lagerfeuer mit starker <br>Rauchentwicklung<br> <\/td><\/tr><tr><td>Links<\/td><td>&#8212;<\/td><\/tr><\/tbody><\/table><\/figure>\n\n\n\n<iframe loading=\"lazy\" src=\"https:\/\/www.google.com\/maps\/embed?pb=!1m18!1m12!1m3!1d2502.4174431624756!2d13.588398115962562!3d51.15609304414885!2m3!1f0!2f0!3f0!3m2!1i1024!2i768!4f13.1!3m3!1m2!1s0x4709d3f9d9d3d0d9%3A0xa094c5f9053484d!2sSpitzgrundstra%C3%9Fe%2C+01689+Weinb%C3%B6hla!5e0!3m2!1sde!2sde!4v1563439977068!5m2!1sde!2sde\" style=\"border:0\" allowfullscreen=\"\" width=\"600\" height=\"450\" frameborder=\"0\"><\/iframe>\n","protected":false},"excerpt":{"rendered":"<p>Einsatzart Brand Einsatzstichwort Bungalow Einsatzort Spitzgrundstra\u00dfe Einsatzbeginn 02.03.2019 13:26 Einsatzende 02.03.2019 13:36 Einsatzkr\u00e4fte 20 Fahrzeuge KDOW, VRW, TLF Weitere Kr\u00e4fte Feuerwehr Niederau Einsatzbericht bei Anfahrt war bereits eine starke Rauchentwicklung zu erkennen, es handelt sich vor Ort um ein unangemeldetes Lagerfeuer mit starker Rauchentwicklung Links &#8212;<\/p>\n","protected":false},"author":1,"featured_media":0,"parent":0,"menu_order":0,"comment_status":"closed","ping_status":"closed","template":"","meta":{"footnotes":""},"class_list":["post-344","page","type-page","status-publish","hentry"],"_links":{"self":[{"href":"https:\/\/feuerwehr-weinboehla.de\/index.php?rest_route=\/wp\/v2\/pages\/344","targetHints":{"allow":["GET"]}}],"collection":[{"href":"https:\/\/feuerwehr-weinboehla.de\/index.php?rest_route=\/wp\/v2\/pages"}],"about":[{"href":"https:\/\/feuerwehr-weinboehla.de\/index.php?rest_route=\/wp\/v2\/types\/page"}],"author":[{"embeddable":true,"href":"https:\/\/feuerwehr-weinboehla.de\/index.php?rest_route=\/wp\/v2\/users\/1"}],"replies":[{"embeddable":true,"href":"https:\/\/feuerwehr-weinboehla.de\/index.php?rest_route=%2Fwp%2Fv2%2Fcomments&post=344"}],"version-history":[{"count":2,"href":"https:\/\/feuerwehr-weinboehla.de\/index.php?rest_route=\/wp\/v2\/pages\/344\/revisions"}],"predecessor-version":[{"id":1128,"href":"https:\/\/feuerwehr-weinboehla.de\/index.php?rest_route=\/wp\/v2\/pages\/344\/revisions\/1128"}],"wp:attachment":[{"href":"https:\/\/feuerwehr-weinboehla.de\/index.php?rest_route=%2Fwp%2Fv2%2Fmedia&parent=344"}],"curies":[{"name":"wp","href":"https:\/\/api.w.org\/{rel}","templated":true}]}}