{"id":345,"date":"2019-07-18T08:55:46","date_gmt":"2019-07-18T08:55:46","guid":{"rendered":"http:\/\/fw-wbl.feuerwehr-weinboehla.de\/?page_id=345"},"modified":"2020-02-12T05:08:47","modified_gmt":"2020-02-12T05:08:47","slug":"einsatz-16-2019","status":"publish","type":"page","link":"https:\/\/feuerwehr-weinboehla.de\/?page_id=345","title":{"rendered":"Einsatz 16 &#8211; 2019"},"content":{"rendered":"\n<figure class=\"wp-block-table is-style-stripes\"><table class=\"has-subtle-light-gray-background-color has-fixed-layout has-background\"><tbody><tr><td>Einsatzart<\/td><td>Hilfeleistung<\/td><\/tr><tr><td>Einsatzstichwort<\/td><td>Sturmschaden<\/td><\/tr><tr><td>Einsatzort<\/td><td>Gellertstra\u00dfe<\/td><\/tr><tr><td>Einsatzbeginn<\/td><td>04.03.2019 13:10<\/td><\/tr><tr><td>Einsatzende<\/td><td>04.03.2019 13:30<\/td><\/tr><tr><td>Einsatzkr\u00e4fte<\/td><td>7<\/td><\/tr><tr><td>Fahrzeuge<\/td><td> TLK, VRW<\/td><\/tr><tr><td>Weitere Kr\u00e4fte<\/td><td>&#8212;<\/td><\/tr><tr><td>Einsatzbericht<\/td><td>  Ast \u00fcber TLK beseitigt&nbsp; <\/td><\/tr><tr><td>Links<\/td><td>&#8212;<\/td><\/tr><\/tbody><\/table><\/figure>\n\n\n\n<iframe loading=\"lazy\" src=\"https:\/\/www.google.com\/maps\/embed?pb=!1m18!1m12!1m3!1d40062.40795237201!2d13.586943101362948!3d51.12874338658341!2m3!1f0!2f0!3f0!3m2!1i1024!2i768!4f13.1!3m3!1m2!1s0x4709d41adf75b763%3A0x138040404e89aa1a!2sGellertstra%C3%9Fe%2C+01689+Weinb%C3%B6hla!5e0!3m2!1sde!2sde!4v1563440129128!5m2!1sde!2sde\" style=\"border:0\" allowfullscreen=\"\" width=\"600\" height=\"450\" frameborder=\"0\"><\/iframe>\n","protected":false},"excerpt":{"rendered":"<p>Einsatzart Hilfeleistung Einsatzstichwort Sturmschaden Einsatzort Gellertstra\u00dfe Einsatzbeginn 04.03.2019 13:10 Einsatzende 04.03.2019 13:30 Einsatzkr\u00e4fte 7 Fahrzeuge TLK, VRW Weitere Kr\u00e4fte &#8212; Einsatzbericht Ast \u00fcber TLK beseitigt&nbsp; Links &#8212;<\/p>\n","protected":false},"author":1,"featured_media":0,"parent":0,"menu_order":0,"comment_status":"closed","ping_status":"closed","template":"","meta":{"footnotes":""},"class_list":["post-345","page","type-page","status-publish","hentry"],"_links":{"self":[{"href":"https:\/\/feuerwehr-weinboehla.de\/index.php?rest_route=\/wp\/v2\/pages\/345","targetHints":{"allow":["GET"]}}],"collection":[{"href":"https:\/\/feuerwehr-weinboehla.de\/index.php?rest_route=\/wp\/v2\/pages"}],"about":[{"href":"https:\/\/feuerwehr-weinboehla.de\/index.php?rest_route=\/wp\/v2\/types\/page"}],"author":[{"embeddable":true,"href":"https:\/\/feuerwehr-weinboehla.de\/index.php?rest_route=\/wp\/v2\/users\/1"}],"replies":[{"embeddable":true,"href":"https:\/\/feuerwehr-weinboehla.de\/index.php?rest_route=%2Fwp%2Fv2%2Fcomments&post=345"}],"version-history":[{"count":2,"href":"https:\/\/feuerwehr-weinboehla.de\/index.php?rest_route=\/wp\/v2\/pages\/345\/revisions"}],"predecessor-version":[{"id":1130,"href":"https:\/\/feuerwehr-weinboehla.de\/index.php?rest_route=\/wp\/v2\/pages\/345\/revisions\/1130"}],"wp:attachment":[{"href":"https:\/\/feuerwehr-weinboehla.de\/index.php?rest_route=%2Fwp%2Fv2%2Fmedia&parent=345"}],"curies":[{"name":"wp","href":"https:\/\/api.w.org\/{rel}","templated":true}]}}