{"id":352,"date":"2019-07-18T09:00:56","date_gmt":"2019-07-18T09:00:56","guid":{"rendered":"http:\/\/fw-wbl.feuerwehr-weinboehla.de\/?page_id=352"},"modified":"2020-02-12T05:09:54","modified_gmt":"2020-02-12T05:09:54","slug":"einsatz-18-2019","status":"publish","type":"page","link":"https:\/\/feuerwehr-weinboehla.de\/?page_id=352","title":{"rendered":"Einsatz 18 &#8211; 2019"},"content":{"rendered":"\n<figure class=\"wp-block-table is-style-stripes\"><table class=\"has-subtle-light-gray-background-color has-fixed-layout has-background\"><tbody><tr><td>Einsatzart<\/td><td>Hilfeleistung<\/td><\/tr><tr><td>Einsatzstichwort<\/td><td>Sturmschaden<\/td><\/tr><tr><td>Einsatzort<\/td><td>Parkplatz Mistsch\u00e4nke<\/td><\/tr><tr><td>Einsatzbeginn<\/td><td>10.03.2019 22:40<\/td><\/tr><tr><td>Einsatzende<\/td><td>10.03.2019 23:25<\/td><\/tr><tr><td>Einsatzkr\u00e4fte<\/td><td>12<\/td><\/tr><tr><td>Fahrzeuge<\/td><td>LF, TLF<\/td><\/tr><tr><td>Weitere Kr\u00e4fte<\/td><td>&#8212;<\/td><\/tr><tr><td>Einsatzbericht<\/td><td>   Baum hing quer \u00fcber der Stra\u00dfe<\/td><\/tr><tr><td>Links<\/td><td>&#8212;<\/td><\/tr><\/tbody><\/table><\/figure>\n\n\n\n<iframe loading=\"lazy\" src=\"https:\/\/www.google.com\/maps\/embed?pb=!1m18!1m12!1m3!1d20007.81543975655!2d13.597803530036495!3d51.18264812893013!2m3!1f0!2f0!3f0!3m2!1i1024!2i768!4f13.1!3m3!1m2!1s0x0%3A0x9b84d74d35b729f0!2sGastst%C3%A4tte+Mistsch%C3%A4nke!5e0!3m2!1sde!2sde!4v1563440410166!5m2!1sde!2sde\" style=\"border:0\" allowfullscreen=\"\" width=\"600\" height=\"450\" frameborder=\"0\"><\/iframe>\n","protected":false},"excerpt":{"rendered":"<p>Einsatzart Hilfeleistung Einsatzstichwort Sturmschaden Einsatzort Parkplatz Mistsch\u00e4nke Einsatzbeginn 10.03.2019 22:40 Einsatzende 10.03.2019 23:25 Einsatzkr\u00e4fte 12 Fahrzeuge LF, TLF Weitere Kr\u00e4fte &#8212; Einsatzbericht Baum hing quer \u00fcber der Stra\u00dfe Links &#8212;<\/p>\n","protected":false},"author":1,"featured_media":0,"parent":0,"menu_order":0,"comment_status":"closed","ping_status":"closed","template":"","meta":{"footnotes":""},"class_list":["post-352","page","type-page","status-publish","hentry"],"_links":{"self":[{"href":"https:\/\/feuerwehr-weinboehla.de\/index.php?rest_route=\/wp\/v2\/pages\/352","targetHints":{"allow":["GET"]}}],"collection":[{"href":"https:\/\/feuerwehr-weinboehla.de\/index.php?rest_route=\/wp\/v2\/pages"}],"about":[{"href":"https:\/\/feuerwehr-weinboehla.de\/index.php?rest_route=\/wp\/v2\/types\/page"}],"author":[{"embeddable":true,"href":"https:\/\/feuerwehr-weinboehla.de\/index.php?rest_route=\/wp\/v2\/users\/1"}],"replies":[{"embeddable":true,"href":"https:\/\/feuerwehr-weinboehla.de\/index.php?rest_route=%2Fwp%2Fv2%2Fcomments&post=352"}],"version-history":[{"count":2,"href":"https:\/\/feuerwehr-weinboehla.de\/index.php?rest_route=\/wp\/v2\/pages\/352\/revisions"}],"predecessor-version":[{"id":1132,"href":"https:\/\/feuerwehr-weinboehla.de\/index.php?rest_route=\/wp\/v2\/pages\/352\/revisions\/1132"}],"wp:attachment":[{"href":"https:\/\/feuerwehr-weinboehla.de\/index.php?rest_route=%2Fwp%2Fv2%2Fmedia&parent=352"}],"curies":[{"name":"wp","href":"https:\/\/api.w.org\/{rel}","templated":true}]}}