{"id":356,"date":"2019-07-18T09:07:38","date_gmt":"2019-07-18T09:07:38","guid":{"rendered":"http:\/\/fw-wbl.feuerwehr-weinboehla.de\/?page_id=356"},"modified":"2020-02-12T05:11:46","modified_gmt":"2020-02-12T05:11:46","slug":"einsatz-21-2019","status":"publish","type":"page","link":"https:\/\/feuerwehr-weinboehla.de\/?page_id=356","title":{"rendered":"Einsatz 21 &#8211; 2019"},"content":{"rendered":"\n<figure class=\"wp-block-table is-style-stripes\"><table class=\"has-subtle-light-gray-background-color has-fixed-layout has-background\"><tbody><tr><td>Einsatzart<\/td><td>Hilfeleistung<\/td><\/tr><tr><td>Einsatzstichwort<\/td><td>Sturmschaden<\/td><\/tr><tr><td>Einsatzort<\/td><td>Am Heidehofteich<\/td><\/tr><tr><td>Einsatzbeginn<\/td><td>11.03.2019 09:42<\/td><\/tr><tr><td>Einsatzende<\/td><td>11.03.2019 11:40<\/td><\/tr><tr><td>Einsatzkr\u00e4fte<\/td><td>3<\/td><\/tr><tr><td>Fahrzeuge<\/td><td> TLK<\/td><\/tr><tr><td>Weitere Kr\u00e4fte<\/td><td>FF Steinbach<\/td><\/tr><tr><td>Einsatzbericht<\/td><td>Nachforderung durch FFW Steinbach, Baum mittels Kettens\u00e4ge \u00fcber TLK beseitigt<\/td><\/tr><tr><td>Links<\/td><td>&#8212;<\/td><\/tr><\/tbody><\/table><\/figure>\n\n\n\n<iframe loading=\"lazy\" src=\"https:\/\/www.google.com\/maps\/embed?pb=!1m18!1m12!1m3!1d2500.6467459727405!2d13.629621122610434!3d51.18873349806484!2m3!1f0!2f0!3f0!3m2!1i1024!2i768!4f13.1!3m3!1m2!1s0x4709d30c90e29207%3A0x60712f512f4c54d7!2sAm+Heidehofteich%2C+01468+Moritzburg!5e0!3m2!1sde!2sde!4v1563440845655!5m2!1sde!2sde\" style=\"border:0\" allowfullscreen=\"\" width=\"600\" height=\"450\" frameborder=\"0\"><\/iframe>\n","protected":false},"excerpt":{"rendered":"<p>Einsatzart Hilfeleistung Einsatzstichwort Sturmschaden Einsatzort Am Heidehofteich Einsatzbeginn 11.03.2019 09:42 Einsatzende 11.03.2019 11:40 Einsatzkr\u00e4fte 3 Fahrzeuge TLK Weitere Kr\u00e4fte FF Steinbach Einsatzbericht Nachforderung durch FFW Steinbach, Baum mittels Kettens\u00e4ge \u00fcber TLK beseitigt Links &#8212;<\/p>\n","protected":false},"author":1,"featured_media":0,"parent":0,"menu_order":0,"comment_status":"closed","ping_status":"closed","template":"","meta":{"footnotes":""},"class_list":["post-356","page","type-page","status-publish","hentry"],"_links":{"self":[{"href":"https:\/\/feuerwehr-weinboehla.de\/index.php?rest_route=\/wp\/v2\/pages\/356","targetHints":{"allow":["GET"]}}],"collection":[{"href":"https:\/\/feuerwehr-weinboehla.de\/index.php?rest_route=\/wp\/v2\/pages"}],"about":[{"href":"https:\/\/feuerwehr-weinboehla.de\/index.php?rest_route=\/wp\/v2\/types\/page"}],"author":[{"embeddable":true,"href":"https:\/\/feuerwehr-weinboehla.de\/index.php?rest_route=\/wp\/v2\/users\/1"}],"replies":[{"embeddable":true,"href":"https:\/\/feuerwehr-weinboehla.de\/index.php?rest_route=%2Fwp%2Fv2%2Fcomments&post=356"}],"version-history":[{"count":2,"href":"https:\/\/feuerwehr-weinboehla.de\/index.php?rest_route=\/wp\/v2\/pages\/356\/revisions"}],"predecessor-version":[{"id":1135,"href":"https:\/\/feuerwehr-weinboehla.de\/index.php?rest_route=\/wp\/v2\/pages\/356\/revisions\/1135"}],"wp:attachment":[{"href":"https:\/\/feuerwehr-weinboehla.de\/index.php?rest_route=%2Fwp%2Fv2%2Fmedia&parent=356"}],"curies":[{"name":"wp","href":"https:\/\/api.w.org\/{rel}","templated":true}]}}