{"id":357,"date":"2019-07-18T09:10:01","date_gmt":"2019-07-18T09:10:01","guid":{"rendered":"http:\/\/fw-wbl.feuerwehr-weinboehla.de\/?page_id=357"},"modified":"2020-02-12T05:12:19","modified_gmt":"2020-02-12T05:12:19","slug":"einsatz-22-2019","status":"publish","type":"page","link":"https:\/\/feuerwehr-weinboehla.de\/?page_id=357","title":{"rendered":"Einsatz 22 &#8211; 2019"},"content":{"rendered":"\n<figure class=\"wp-block-table is-style-stripes\"><table class=\"has-subtle-light-gray-background-color has-fixed-layout has-background\"><tbody><tr><td>Einsatzart<\/td><td>Hilfeleistung<\/td><\/tr><tr><td>Einsatzstichwort<\/td><td>\u00d6lspur<\/td><\/tr><tr><td>Einsatzort<\/td><td>Dresdnerstra\u00dfe\/K\u00f6hlerstra\u00dfe<\/td><\/tr><tr><td>Einsatzbeginn<\/td><td>11.03.2019 12:51<\/td><\/tr><tr><td>Einsatzende<\/td><td> 11.03.2019 14:15<\/td><\/tr><tr><td>Einsatzkr\u00e4fte<\/td><td>10<\/td><\/tr><tr><td>Fahrzeuge<\/td><td> KDOW, VRW, TLF<\/td><\/tr><tr><td>Weitere Kr\u00e4fte<\/td><td>Firma Walther<\/td><\/tr><tr><td>Einsatzbericht<\/td><td>Dieselspur \u00fcber Dresdner K\u00f6hlerstra\u00dfe und Auerweg verteilt<br>Kreuzungsbreiche mittels \u00d6lbindemittel abgebunden, Rest an Firma Walther \u00fcbergeben&nbsp; <\/td><\/tr><tr><td>Links<\/td><td>&#8212;<\/td><\/tr><\/tbody><\/table><\/figure>\n\n\n\n<iframe loading=\"lazy\" src=\"https:\/\/www.google.com\/maps\/embed?pb=!1m18!1m12!1m3!1d2502.693450618333!2d13.565532775486949!3d51.15100386403815!2m3!1f0!2f0!3f0!3m2!1i1024!2i768!4f13.1!3m3!1m2!1s0x4709d4033fb01b6f%3A0x77c61d744fccace6!2zRHJlc2RuZXIgU3RyYcOfZSAmIEvDtmhsZXJzdHJhw59lLCAwMTY4OSBXZWluYsO2aGxh!5e0!3m2!1sde!2sde!4v1563440991381!5m2!1sde!2sde\" style=\"border:0\" allowfullscreen=\"\" width=\"600\" height=\"450\" frameborder=\"0\"><\/iframe>\n","protected":false},"excerpt":{"rendered":"<p>Einsatzart Hilfeleistung Einsatzstichwort \u00d6lspur Einsatzort Dresdnerstra\u00dfe\/K\u00f6hlerstra\u00dfe Einsatzbeginn 11.03.2019 12:51 Einsatzende 11.03.2019 14:15 Einsatzkr\u00e4fte 10 Fahrzeuge KDOW, VRW, TLF Weitere Kr\u00e4fte Firma Walther Einsatzbericht Dieselspur \u00fcber Dresdner K\u00f6hlerstra\u00dfe und Auerweg verteiltKreuzungsbreiche mittels \u00d6lbindemittel abgebunden, Rest an Firma Walther \u00fcbergeben&nbsp; Links &#8212;<\/p>\n","protected":false},"author":1,"featured_media":0,"parent":0,"menu_order":0,"comment_status":"closed","ping_status":"closed","template":"","meta":{"footnotes":""},"class_list":["post-357","page","type-page","status-publish","hentry"],"_links":{"self":[{"href":"https:\/\/feuerwehr-weinboehla.de\/index.php?rest_route=\/wp\/v2\/pages\/357","targetHints":{"allow":["GET"]}}],"collection":[{"href":"https:\/\/feuerwehr-weinboehla.de\/index.php?rest_route=\/wp\/v2\/pages"}],"about":[{"href":"https:\/\/feuerwehr-weinboehla.de\/index.php?rest_route=\/wp\/v2\/types\/page"}],"author":[{"embeddable":true,"href":"https:\/\/feuerwehr-weinboehla.de\/index.php?rest_route=\/wp\/v2\/users\/1"}],"replies":[{"embeddable":true,"href":"https:\/\/feuerwehr-weinboehla.de\/index.php?rest_route=%2Fwp%2Fv2%2Fcomments&post=357"}],"version-history":[{"count":2,"href":"https:\/\/feuerwehr-weinboehla.de\/index.php?rest_route=\/wp\/v2\/pages\/357\/revisions"}],"predecessor-version":[{"id":1136,"href":"https:\/\/feuerwehr-weinboehla.de\/index.php?rest_route=\/wp\/v2\/pages\/357\/revisions\/1136"}],"wp:attachment":[{"href":"https:\/\/feuerwehr-weinboehla.de\/index.php?rest_route=%2Fwp%2Fv2%2Fmedia&parent=357"}],"curies":[{"name":"wp","href":"https:\/\/api.w.org\/{rel}","templated":true}]}}