{"id":359,"date":"2019-07-18T09:13:17","date_gmt":"2019-07-18T09:13:17","guid":{"rendered":"http:\/\/fw-wbl.feuerwehr-weinboehla.de\/?page_id=359"},"modified":"2020-02-12T05:14:36","modified_gmt":"2020-02-12T05:14:36","slug":"einsatz-24-2019","status":"publish","type":"page","link":"https:\/\/feuerwehr-weinboehla.de\/?page_id=359","title":{"rendered":"Einsatz 24 &#8211; 2019"},"content":{"rendered":"\n<figure class=\"wp-block-table is-style-stripes\"><table class=\"has-subtle-light-gray-background-color has-fixed-layout has-background\"><tbody><tr><td>Einsatzart<\/td><td>Hilfeleistung<\/td><\/tr><tr><td>Einsatzstichwort<\/td><td>Sturmschaden<\/td><\/tr><tr><td>Einsatzort<\/td><td>Laubenstra\u00dfe<\/td><\/tr><tr><td>Einsatzbeginn<\/td><td>12.03.2019 17:27<\/td><\/tr><tr><td>Einsatzende<\/td><td>12.03.2019 18:30<\/td><\/tr><tr><td>Einsatzkr\u00e4fte<\/td><td>7<\/td><\/tr><tr><td>Fahrzeuge<\/td><td> TLK, TLF<\/td><\/tr><tr><td>Weitere Kr\u00e4fte<\/td><td>&#8212;<\/td><\/tr><tr><td>Einsatzbericht<\/td><td>  Ast \u00fcber TLK beseitigt&nbsp; <\/td><\/tr><tr><td>Links<\/td><td>&#8212;<\/td><\/tr><\/tbody><\/table><\/figure>\n\n\n\n<iframe loading=\"lazy\" src=\"https:\/\/www.google.com\/maps\/embed?pb=!1m18!1m12!1m3!1d2502.0768416635974!2d13.586008815962682!3d51.16237274369174!2m3!1f0!2f0!3f0!3m2!1i1024!2i768!4f13.1!3m3!1m2!1s0x4709d3f595e5cf95%3A0x371016b57f88cec4!2sLaubenstra%C3%9Fe%2C+01689+Weinb%C3%B6hla!5e0!3m2!1sde!2sde!4v1563441181989!5m2!1sde!2sde\" style=\"border:0\" allowfullscreen=\"\" width=\"600\" height=\"450\" frameborder=\"0\"><\/iframe>\n","protected":false},"excerpt":{"rendered":"<p>Einsatzart Hilfeleistung Einsatzstichwort Sturmschaden Einsatzort Laubenstra\u00dfe Einsatzbeginn 12.03.2019 17:27 Einsatzende 12.03.2019 18:30 Einsatzkr\u00e4fte 7 Fahrzeuge TLK, TLF Weitere Kr\u00e4fte &#8212; Einsatzbericht Ast \u00fcber TLK beseitigt&nbsp; Links &#8212;<\/p>\n","protected":false},"author":1,"featured_media":0,"parent":0,"menu_order":0,"comment_status":"closed","ping_status":"closed","template":"","meta":{"footnotes":""},"class_list":["post-359","page","type-page","status-publish","hentry"],"_links":{"self":[{"href":"https:\/\/feuerwehr-weinboehla.de\/index.php?rest_route=\/wp\/v2\/pages\/359","targetHints":{"allow":["GET"]}}],"collection":[{"href":"https:\/\/feuerwehr-weinboehla.de\/index.php?rest_route=\/wp\/v2\/pages"}],"about":[{"href":"https:\/\/feuerwehr-weinboehla.de\/index.php?rest_route=\/wp\/v2\/types\/page"}],"author":[{"embeddable":true,"href":"https:\/\/feuerwehr-weinboehla.de\/index.php?rest_route=\/wp\/v2\/users\/1"}],"replies":[{"embeddable":true,"href":"https:\/\/feuerwehr-weinboehla.de\/index.php?rest_route=%2Fwp%2Fv2%2Fcomments&post=359"}],"version-history":[{"count":2,"href":"https:\/\/feuerwehr-weinboehla.de\/index.php?rest_route=\/wp\/v2\/pages\/359\/revisions"}],"predecessor-version":[{"id":1140,"href":"https:\/\/feuerwehr-weinboehla.de\/index.php?rest_route=\/wp\/v2\/pages\/359\/revisions\/1140"}],"wp:attachment":[{"href":"https:\/\/feuerwehr-weinboehla.de\/index.php?rest_route=%2Fwp%2Fv2%2Fmedia&parent=359"}],"curies":[{"name":"wp","href":"https:\/\/api.w.org\/{rel}","templated":true}]}}