{"id":385,"date":"2019-07-18T10:18:29","date_gmt":"2019-07-18T10:18:29","guid":{"rendered":"http:\/\/fw-wbl.feuerwehr-weinboehla.de\/?page_id=385"},"modified":"2020-02-12T05:16:10","modified_gmt":"2020-02-12T05:16:10","slug":"einsatz-27-2019","status":"publish","type":"page","link":"https:\/\/feuerwehr-weinboehla.de\/?page_id=385","title":{"rendered":"Einsatz 27 &#8211; 2019"},"content":{"rendered":"\n<figure class=\"wp-block-table is-style-stripes\"><table class=\"has-subtle-light-gray-background-color has-fixed-layout has-background\"><tbody><tr><td>Einsatzart<\/td><td>Brand<\/td><\/tr><tr><td>Einsatzstichwort<\/td><td>Rauchentwicklung<\/td><\/tr><tr><td>Einsatzort<\/td><td>S81 H\u00f6he Parkplatz Wolfsdenkmal<\/td><\/tr><tr><td>Einsatzbeginn<\/td><td>22.03.2019 22:33<\/td><\/tr><tr><td>Einsatzende<\/td><td> 22.03.2019 23:05<\/td><\/tr><tr><td>Einsatzkr\u00e4fte<\/td><td>9<\/td><\/tr><tr><td>Fahrzeuge<\/td><td>LF<\/td><\/tr><tr><td>Weitere Kr\u00e4fte<\/td><td>&#8212;<\/td><\/tr><tr><td>Einsatzbericht<\/td><td>gemeldet wurde eine starke Rauchentwicklung, sowie Brandgeruch<br>aus dem Wald kommend, vor Ort angekommen best\u00e4tigte sich die Meldung, jedoch konnte nach <br>ausgiebiger Kontrolle kein Brand<br> festgestellt werden, vermutlich zog der Qualm aufgrund eines Lagerfeuers durch den Wald&nbsp; <\/td><\/tr><tr><td>Links<\/td><td>&#8212;<\/td><\/tr><\/tbody><\/table><\/figure>\n\n\n\n<iframe loading=\"lazy\" src=\"https:\/\/www.google.com\/maps\/embed?pb=!1m18!1m12!1m3!1d25254.103903753246!2d13.568189594955179!3d51.164625654832946!2m3!1f0!2f0!3f0!3m2!1i1024!2i768!4f13.1!3m3!1m2!1s0x4709d40ad0292bf9%3A0x421b1cb4288d690!2sWeinb%C3%B6hla!5e1!3m2!1sde!2sde!4v1563445096644!5m2!1sde!2sde\" style=\"border:0\" allowfullscreen=\"\" width=\"600\" height=\"450\" frameborder=\"0\"><\/iframe>\n","protected":false},"excerpt":{"rendered":"<p>Einsatzart Brand Einsatzstichwort Rauchentwicklung Einsatzort S81 H\u00f6he Parkplatz Wolfsdenkmal Einsatzbeginn 22.03.2019 22:33 Einsatzende 22.03.2019 23:05 Einsatzkr\u00e4fte 9 Fahrzeuge LF Weitere Kr\u00e4fte &#8212; Einsatzbericht gemeldet wurde eine starke Rauchentwicklung, sowie Brandgeruchaus dem Wald kommend, vor Ort angekommen best\u00e4tigte sich die Meldung, jedoch konnte nach ausgiebiger Kontrolle kein Brand festgestellt werden, vermutlich zog der Qualm aufgrund eines &hellip; <\/p>\n<p class=\"link-more\"><a href=\"https:\/\/feuerwehr-weinboehla.de\/?page_id=385\" class=\"more-link\"><span class=\"screen-reader-text\">\u201eEinsatz 27 &#8211; 2019\u201c <\/span>weiterlesen<\/a><\/p>\n","protected":false},"author":1,"featured_media":0,"parent":0,"menu_order":0,"comment_status":"closed","ping_status":"closed","template":"","meta":{"footnotes":""},"class_list":["post-385","page","type-page","status-publish","hentry"],"_links":{"self":[{"href":"https:\/\/feuerwehr-weinboehla.de\/index.php?rest_route=\/wp\/v2\/pages\/385","targetHints":{"allow":["GET"]}}],"collection":[{"href":"https:\/\/feuerwehr-weinboehla.de\/index.php?rest_route=\/wp\/v2\/pages"}],"about":[{"href":"https:\/\/feuerwehr-weinboehla.de\/index.php?rest_route=\/wp\/v2\/types\/page"}],"author":[{"embeddable":true,"href":"https:\/\/feuerwehr-weinboehla.de\/index.php?rest_route=\/wp\/v2\/users\/1"}],"replies":[{"embeddable":true,"href":"https:\/\/feuerwehr-weinboehla.de\/index.php?rest_route=%2Fwp%2Fv2%2Fcomments&post=385"}],"version-history":[{"count":2,"href":"https:\/\/feuerwehr-weinboehla.de\/index.php?rest_route=\/wp\/v2\/pages\/385\/revisions"}],"predecessor-version":[{"id":1144,"href":"https:\/\/feuerwehr-weinboehla.de\/index.php?rest_route=\/wp\/v2\/pages\/385\/revisions\/1144"}],"wp:attachment":[{"href":"https:\/\/feuerwehr-weinboehla.de\/index.php?rest_route=%2Fwp%2Fv2%2Fmedia&parent=385"}],"curies":[{"name":"wp","href":"https:\/\/api.w.org\/{rel}","templated":true}]}}