{"id":387,"date":"2019-07-18T10:22:30","date_gmt":"2019-07-18T10:22:30","guid":{"rendered":"http:\/\/fw-wbl.feuerwehr-weinboehla.de\/?page_id=387"},"modified":"2020-02-12T05:16:50","modified_gmt":"2020-02-12T05:16:50","slug":"einsatz-29-2019","status":"publish","type":"page","link":"https:\/\/feuerwehr-weinboehla.de\/?page_id=387","title":{"rendered":"Einsatz 29 &#8211; 2019"},"content":{"rendered":"\n<figure class=\"wp-block-table is-style-stripes\"><table class=\"has-subtle-light-gray-background-color has-fixed-layout has-background\"><tbody><tr><td>Einsatzart<\/td><td>Brand<\/td><\/tr><tr><td>Einsatzstichwort<\/td><td>Feuerschein\/Lagerfeuer<\/td><\/tr><tr><td>Einsatzort<\/td><td>Sachsenstra\u00dfe<\/td><\/tr><tr><td>Einsatzbeginn<\/td><td>29.03.2019 23:27<\/td><\/tr><tr><td>Einsatzende<\/td><td>29.03.2019 23:59 <\/td><\/tr><tr><td>Einsatzkr\u00e4fte<\/td><td>9<\/td><\/tr><tr><td>Fahrzeuge<\/td><td>LF<\/td><\/tr><tr><td>Weitere Kr\u00e4fte<\/td><td>&#8212;<\/td><\/tr><tr><td>Einsatzbericht<\/td><td>gemeldet wurde Feuerschein und starke Rauchentwicklung, welche sich vor Ort als ein nicht angemeldetes Lagerfeuer heraus stellte<br><br>!! Wir bitten Sie an dieser Stelle, private Lagerfeuer unbedingt bei der Gemeinde anzumelden und diese nur nach den Vorschriften durchzuf\u00fchren !! <br> <\/td><\/tr><tr><td>Links<\/td><td>&#8212;<\/td><\/tr><\/tbody><\/table><\/figure>\n\n\n\n<iframe loading=\"lazy\" src=\"https:\/\/www.google.com\/maps\/embed?pb=!1m18!1m12!1m3!1d3156.7119535769466!2d13.568847315962756!3d51.165371343473616!2m3!1f0!2f0!3f0!3m2!1i1024!2i768!4f13.1!3m3!1m2!1s0x4709d412618371fd%3A0x4a45a7af55346be7!2sSachsenstra%C3%9Fe%2C+01689+Weinb%C3%B6hla!5e1!3m2!1sde!2sde!4v1563445332648!5m2!1sde!2sde\" style=\"border:0\" allowfullscreen=\"\" width=\"600\" height=\"450\" frameborder=\"0\"><\/iframe>\n","protected":false},"excerpt":{"rendered":"<p>Einsatzart Brand Einsatzstichwort Feuerschein\/Lagerfeuer Einsatzort Sachsenstra\u00dfe Einsatzbeginn 29.03.2019 23:27 Einsatzende 29.03.2019 23:59 Einsatzkr\u00e4fte 9 Fahrzeuge LF Weitere Kr\u00e4fte &#8212; Einsatzbericht gemeldet wurde Feuerschein und starke Rauchentwicklung, welche sich vor Ort als ein nicht angemeldetes Lagerfeuer heraus stellte !! Wir bitten Sie an dieser Stelle, private Lagerfeuer unbedingt bei der Gemeinde anzumelden und diese nur nach &hellip; <\/p>\n<p class=\"link-more\"><a href=\"https:\/\/feuerwehr-weinboehla.de\/?page_id=387\" class=\"more-link\"><span class=\"screen-reader-text\">\u201eEinsatz 29 &#8211; 2019\u201c <\/span>weiterlesen<\/a><\/p>\n","protected":false},"author":1,"featured_media":0,"parent":0,"menu_order":0,"comment_status":"closed","ping_status":"closed","template":"","meta":{"footnotes":""},"class_list":["post-387","page","type-page","status-publish","hentry"],"_links":{"self":[{"href":"https:\/\/feuerwehr-weinboehla.de\/index.php?rest_route=\/wp\/v2\/pages\/387","targetHints":{"allow":["GET"]}}],"collection":[{"href":"https:\/\/feuerwehr-weinboehla.de\/index.php?rest_route=\/wp\/v2\/pages"}],"about":[{"href":"https:\/\/feuerwehr-weinboehla.de\/index.php?rest_route=\/wp\/v2\/types\/page"}],"author":[{"embeddable":true,"href":"https:\/\/feuerwehr-weinboehla.de\/index.php?rest_route=\/wp\/v2\/users\/1"}],"replies":[{"embeddable":true,"href":"https:\/\/feuerwehr-weinboehla.de\/index.php?rest_route=%2Fwp%2Fv2%2Fcomments&post=387"}],"version-history":[{"count":2,"href":"https:\/\/feuerwehr-weinboehla.de\/index.php?rest_route=\/wp\/v2\/pages\/387\/revisions"}],"predecessor-version":[{"id":1145,"href":"https:\/\/feuerwehr-weinboehla.de\/index.php?rest_route=\/wp\/v2\/pages\/387\/revisions\/1145"}],"wp:attachment":[{"href":"https:\/\/feuerwehr-weinboehla.de\/index.php?rest_route=%2Fwp%2Fv2%2Fmedia&parent=387"}],"curies":[{"name":"wp","href":"https:\/\/api.w.org\/{rel}","templated":true}]}}