{"id":394,"date":"2019-07-18T10:23:54","date_gmt":"2019-07-18T10:23:54","guid":{"rendered":"http:\/\/fw-wbl.feuerwehr-weinboehla.de\/?page_id=394"},"modified":"2020-02-12T05:18:04","modified_gmt":"2020-02-12T05:18:04","slug":"einsatz-30-2019","status":"publish","type":"page","link":"https:\/\/feuerwehr-weinboehla.de\/?page_id=394","title":{"rendered":"Einsatz 30 &#8211; 2019"},"content":{"rendered":"\n<figure class=\"wp-block-table is-style-stripes\"><table class=\"has-subtle-light-gray-background-color has-fixed-layout has-background\"><tbody><tr><td>Einsatzart<\/td><td>Hilfeleistung<\/td><\/tr><tr><td>Einsatzstichwort<\/td><td>Person abgest\u00fcrzt<\/td><\/tr><tr><td>Einsatzort<\/td><td>Zentralgasthof<\/td><\/tr><tr><td>Einsatzbeginn<\/td><td>03.04.2019 23:36<\/td><\/tr><tr><td>Einsatzende<\/td><td>03.04.2019 00:15<\/td><\/tr><tr><td>Einsatzkr\u00e4fte<\/td><td>13<\/td><\/tr><tr><td>Fahrzeuge<\/td><td>VRW, LF<\/td><\/tr><tr><td>Weitere Kr\u00e4fte<\/td><td>Rettungsdienst<\/td><\/tr><tr><td>Einsatzbericht<\/td><td>Person nach Absturz vor Ort durch Feuerwehr erstversorgt und an Rettungsdienst \u00fcbergeben<br> <\/td><\/tr><tr><td>Links<\/td><td>&#8212;<\/td><\/tr><\/tbody><\/table><\/figure>\n\n\n\n<iframe loading=\"lazy\" src=\"https:\/\/www.google.com\/maps\/embed?pb=!1m18!1m12!1m3!1d2502.122208478821!2d13.56092331597674!3d51.161536343752616!2m3!1f0!2f0!3f0!3m2!1i1024!2i768!4f13.1!3m3!1m2!1s0x4709d416d3cba673%3A0xf1f8cae4bcf989fd!2sZentralgasthof+Weinb%C3%B6hla+GmbH!5e0!3m2!1sde!2sde!4v1563874335783!5m2!1sde!2sde\" style=\"border:0\" allowfullscreen=\"\" width=\"600\" height=\"450\" frameborder=\"0\"><\/iframe>\n","protected":false},"excerpt":{"rendered":"<p>Einsatzart Hilfeleistung Einsatzstichwort Person abgest\u00fcrzt Einsatzort Zentralgasthof Einsatzbeginn 03.04.2019 23:36 Einsatzende 03.04.2019 00:15 Einsatzkr\u00e4fte 13 Fahrzeuge VRW, LF Weitere Kr\u00e4fte Rettungsdienst Einsatzbericht Person nach Absturz vor Ort durch Feuerwehr erstversorgt und an Rettungsdienst \u00fcbergeben Links &#8212;<\/p>\n","protected":false},"author":1,"featured_media":0,"parent":0,"menu_order":0,"comment_status":"closed","ping_status":"closed","template":"","meta":{"footnotes":""},"class_list":["post-394","page","type-page","status-publish","hentry"],"_links":{"self":[{"href":"https:\/\/feuerwehr-weinboehla.de\/index.php?rest_route=\/wp\/v2\/pages\/394","targetHints":{"allow":["GET"]}}],"collection":[{"href":"https:\/\/feuerwehr-weinboehla.de\/index.php?rest_route=\/wp\/v2\/pages"}],"about":[{"href":"https:\/\/feuerwehr-weinboehla.de\/index.php?rest_route=\/wp\/v2\/types\/page"}],"author":[{"embeddable":true,"href":"https:\/\/feuerwehr-weinboehla.de\/index.php?rest_route=\/wp\/v2\/users\/1"}],"replies":[{"embeddable":true,"href":"https:\/\/feuerwehr-weinboehla.de\/index.php?rest_route=%2Fwp%2Fv2%2Fcomments&post=394"}],"version-history":[{"count":3,"href":"https:\/\/feuerwehr-weinboehla.de\/index.php?rest_route=\/wp\/v2\/pages\/394\/revisions"}],"predecessor-version":[{"id":1147,"href":"https:\/\/feuerwehr-weinboehla.de\/index.php?rest_route=\/wp\/v2\/pages\/394\/revisions\/1147"}],"wp:attachment":[{"href":"https:\/\/feuerwehr-weinboehla.de\/index.php?rest_route=%2Fwp%2Fv2%2Fmedia&parent=394"}],"curies":[{"name":"wp","href":"https:\/\/api.w.org\/{rel}","templated":true}]}}