{"id":406,"date":"2019-07-18T15:13:39","date_gmt":"2019-07-18T15:13:39","guid":{"rendered":"http:\/\/fw-wbl.feuerwehr-weinboehla.de\/?page_id=406"},"modified":"2023-06-08T15:48:02","modified_gmt":"2023-06-08T15:48:02","slug":"impressum","status":"publish","type":"page","link":"https:\/\/feuerwehr-weinboehla.de\/?page_id=406","title":{"rendered":"Impressum"},"content":{"rendered":"\n<p><strong>Freiwilige Feuerwehr Weinb\u00f6hla<\/strong><\/p>\n\n\n\n<p>Friedensstr. 17 <br>01689 Weinb\u00f6hla<br>Telefon\/Fax   035243\/32344 <\/p>\n\n\n\n<p>E-Mail:  wehrleiter@ffw-weinboehla.de <\/p>\n\n\n\n<p>Internet:  : www.feuerwehr-weinboehla.de <\/p>\n\n\n\n<p><strong>Vertretungsberechtigter:<\/strong> B\u00fcrgermeister Herr Siegfried Zenker<br><\/p>\n\n\n\n<p>Feuerwehr Weinb\u00f6hla                                                                                      <\/p>\n\n\n\n<p>Friedensstra\u00dfe 17<br>01689 Weinb\u00f6hla<\/p>\n\n\n\n<p>Sachsen <\/p>\n\n\n\n<p>E-Mail: wehrleiter@ffw-weinboehla.de<\/p>\n\n\n\n<p>Website: www.feuerwehr-weinboehla.de <\/p>\n\n\n\n<p>Siegfried Zenker<br>B\u00fcrgermeister<br>Rathausplatz 2<br>01689 Weinb\u00f6hla<br>Telefon: (035243) 343-0<br>Telefax: (035243) 343-58<br>E-Mail: gemeinde@weinboehla.de<\/p>\n\n\n\n<p><\/p>\n\n\n\n<h2 class=\"wp-block-heading\"><strong>Bildquellen und -rechte<\/strong> <\/h2>\n\n\n\n<p>Liegen sofern nicht auf andere verwiesen bei: der Freiwilligen Feuerwehr Weinb\u00f6hla.&nbsp;S\u00e4mtliche Bilder, Grafiken und Designs unterliegen dem Urheberrecht!<\/p>\n\n\n\n<p><\/p>\n\n\n\n<h2 class=\"wp-block-heading\"><strong>Haftung:<\/strong><\/h2>\n\n\n\n<h4 class=\"wp-block-heading\"><strong>\u00a7 1 Haftung f\u00fcr fremde Inhalte<\/strong> <\/h4>\n\n\n\n<p>Als Diensteanbieter sind wir gem\u00e4\u00df \u00a7 7 Abs.1 TMG f\u00fcr eigene Inhalte auf diesen Seiten nach den allgemeinen Gesetzen verantwortlich. Nach \u00a7\u00a7 8  bis 10 TMG sind wir als Diensteanbieter jedoch nicht verpflichtet, \u00fcbermittelte oder gespeicherte fremde Informationen zu \u00fcberwachen oder  nach Umst\u00e4nden zu forschen, die auf eine rechtswidrige T\u00e4tigkeit  hinweisen. Verpflichtungen zur Entfernung oder Sperrung der Nutzung von Informationen nach den allgemeinen Gesetzen bleiben hiervon unber\u00fchrt. Eine diesbez\u00fcgliche Haftung ist jedoch erst ab dem Zeitpunkt der  Kenntnis einer konkreten Rechtsverletzung m\u00f6glich. Bei Bekanntwerden von  entsprechenden Rechtsverletzungen werden wir diese Inhalte umgehend  entfernen.<\/p>\n\n\n\n<p><\/p>\n\n\n\n<h4 class=\"wp-block-heading\"><strong>\u00a7 2 Urheberrecht <\/strong><\/h4>\n\n\n\n<p>Die  durch die Seitenbetreiber erstellten Inhalte und Werke auf diesen  Seiten unterliegen dem deutschen Urheberrecht. Die Vervielf\u00e4ltigung,  Bearbeitung, Verbreitung und jede Art der Verwertung au\u00dferhalb der  Grenzen des Urheberrechtes bed\u00fcrfen der schriftlichen Zustimmung des  jeweiligen Autors bzw. Erstellers. Downloads und Kopien dieser Seite  sind nur f\u00fcr den privaten, nicht kommerziellen Gebrauch gestattet.  Soweit die Inhalte auf dieser Seite nicht vom Betreiber erstellt wurden,  werden die Urheberrechte Dritter beachtet. Insbesondere werden Inhalte  Dritter als solche gekennzeichnet. Sollten Sie trotzdem auf eine  Urheberrechtsverletzung aufmerksam werden, bitten wir um einen  entsprechenden Hinweis. Bei Bekanntwerden von Rechtsverletzungen werden  wir derartige Inhalte umgehend entfernen.&nbsp;<\/p>\n\n\n\n<p><\/p>\n\n\n\n<h5 class=\"wp-block-heading\"><strong>Disclaimer f\u00fcr unsere Facebook-Fanpage (Haftungshinweis)\u00a7 1 Geltungsbereich dieses Disclaimers<\/strong><\/h5>\n\n\n\n<p><strong>(1)<\/strong>  F\u00fcr die Nutzung dieser Facebook-Fanpage gelten zwischen dem Nutzer und  dem Betreiber der Fanpage (nachfolgend &#8222;Anbieter&#8220; genannt) die folgenden  Nutzungsbedingungen.<br><strong>(2)<\/strong> Die Nutzung ist nur zul\u00e4ssig, wenn Sie als Nutzer diese Nutzungsbedingungen akzeptieren.<\/p>\n\n\n\n<h4 class=\"wp-block-heading\"><br><strong>\u00a7 2 Haftungshinweise zu Inhalten auf unserer Facebook-Fanpage<\/strong><\/h4>\n\n\n\n<p><strong>(1)<\/strong>  Die Inhalte dieser Facebook-Fanpage werden mit gr\u00f6\u00dftm\u00f6glicher Sorgfalt  erstellt. Der Anbieter \u00fcbernimmt jedoch keine Gew\u00e4hr f\u00fcr die  Richtigkeit, Vollst\u00e4ndigkeit und Aktualit\u00e4t der bereitgestellten  Inhalte. Die Nutzung der Inhalte der Facebook-Fanpage erfolgt auf eigene  Gefahr des Nutzers. Namentlich gekennzeichnete Beitr\u00e4ge geben die  Meinung des jeweiligen Autors und nicht immer die Meinung des Anbieters  wieder.<\/p>\n\n\n\n<h4 class=\"wp-block-heading\"><br><strong>\u00a7 3 Externe Links auf unserer Facebook-Fanpage<\/strong><\/h4>\n\n\n\n<p><strong>(1)<\/strong>  Diese Facebook-Fanpage enth\u00e4lt Verkn\u00fcpfungen zu Websites Dritter  (&#8222;externe Links&#8220;). Diese Websites unterliegen der Haftung der jeweiligen  Betreiber. Der Anbieter hat bei der erstmaligen Verkn\u00fcpfung der  externen Links die fremden Inhalte daraufhin \u00fcberpr\u00fcft, ob etwaige  Rechtsverst\u00f6\u00dfe bestehen. Zu dem Zeitpunkt waren keine Rechtsverst\u00f6\u00dfe  ersichtlich. Der Anbieter hat keinerlei Einfluss auf die aktuelle und  zuk\u00fcnftige Gestaltung und auf die Inhalte der verkn\u00fcpften Seiten. Das  Setzen von externen Links bedeutet nicht, dass sich der Anbieter die  hinter dem Verweis oder Link liegenden Inhalte zu eigen macht. Eine  st\u00e4ndige Kontrolle der externen Links ist f\u00fcr den Anbieter ohne konkrete  Hinweise auf Rechtsverst\u00f6\u00dfe nicht zumutbar. Bei Kenntnis von  Rechtsverst\u00f6\u00dfen werden jedoch derartige externe Links unverz\u00fcglich  gel\u00f6scht.<\/p>\n\n\n\n<h4 class=\"wp-block-heading\"><br><strong>\u00a7 4 Pflichten als Nutzer unserer Facebook-Fanpage<\/strong><\/h4>\n\n\n\n<p><strong>(1)<\/strong>  Als Nutzer verpflichten Sie sich, dass Sie keine Beitr\u00e4ge \/ Kommentare  auf unserer Facebook-Fanpage ver\u00f6ffentlichen werden, die gegen diese  Regeln, die guten Sitten oder sonst gegen geltendes deutsches Recht  versto\u00dfen. Es ist Ihnen insbesondere untersagt,<br>a) beleidigende oder unwahre Inhalte zu ver\u00f6ffentlichen<br>b) gesetzlich, insbesondere durch das Urheber- und Markenrecht, gesch\u00fctzte Inhalte ohne Berechtigung zu verwenden;<br>c) wettbewerbswidrige Handlungen vorzunehmen;<br>d)  Werbung auf der Facebook-Fanpage ohne ausdr\u00fcckliche schriftliche  Genehmigung durch den Anbieter zu betreiben. Dies gilt auch f\u00fcr sog. Schleichwerbung wie insbesondere das Verlinken der eigenen Fanpage oder  Webseite mit oder ohne Beitext in Kommentaren oder innerhalb von  Beitr\u00e4gen.<br><strong>(2)<\/strong> Der Anbieter hat das Recht, Beitr\u00e4ge und Kommentare zu l\u00f6schen, wenn diese einen Rechtsversto\u00df enthalten k\u00f6nnten.<br><strong>(3)<\/strong>  Als Nutzer verpflichten Sie sich, vor der Ver\u00f6ffentlichung Ihrer  Beitr\u00e4ge und Kommentare diese daraufhin zu \u00fcberpr\u00fcfen, ob diese Angaben  enthalten, die Sie nicht ver\u00f6ffentlichen m\u00f6chten. Ihre Beitr\u00e4ge und  Themen k\u00f6nnen in Suchmaschinen erfasst und damit weltweit zugreifbar  werden. Ein Anspruch auf L\u00f6schung oder Korrektur solcher  Suchmaschineneintr\u00e4ge gegen\u00fcber dem Anbieter ist ausgeschlossen.<br><strong>(4)<\/strong> Sollten Dritte oder andere Nutzer den Anbieter wegen m\u00f6glicher  Rechtsverst\u00f6\u00dfe in Anspruch nehmen, die <\/p>\n\n\n\n<p>a) aus den von Ihnen als Nutzer  eingestellten Inhalten auf der Facebook-Fanpage resultieren und\/oder <\/p>\n\n\n\n<p>b)  aus der Nutzung der Fanpage des Anbieters durch Sie als Nutzer  entstehen, verpflichten Sie sich als Nutzer, den Anbieter von jeglichen  Anspr\u00fcchen, einschlie\u00dflich Schadensersatzanspr\u00fcchen, freizustellen und  dem Anbieter die Kosten zu ersetzen, die diesem wegen der m\u00f6glichen  Rechtsverletzung entstehen. <\/p>\n\n\n\n<p>Der Anbieter wird insbesondere von den  Kosten der notwendigen Rechtsverteidigung freigestellt. Der Anbieter ist  berechtigt, hierf\u00fcr von Ihnen als Nutzer einen angemessenen Vorschuss  zu fordern. Als Nutzer sind Sie verpflichtet, den Anbieter nach Treu und  Glauben mit Informationen und Unterlagen bei der Rechtsverteidigung  gegen\u00fcber Dritten zu unterst\u00fctzen. Alle weitergehenden Rechte sowie  Schadensersatzanspr\u00fcche des Anbieters bleiben unber\u00fchrt. Wenn Sie als  Nutzer die m\u00f6gliche Rechtsverletzung nicht zu vertreten haben, bestehen  die zuvor genannten Pflichten nicht.<\/p>\n\n\n\n<h4 class=\"wp-block-heading\"><br><strong>\u00a7 5 Urheber- und Leistungsschutzrechte<\/strong><\/h4>\n\n\n\n<p><strong>(1)<\/strong>  Die auf dieser Facebook-Fanpage ver\u00f6ffentlichten Inhalte unterliegen  dem deutschen Urheber- und Leistungsschutzrecht. Jede vom deutschen  Urheber- und Leistungsschutzrecht nicht zugelassene Verwertung bedarf  der vorherigen schriftlichen Zustimmung des Anbieters oder jeweiligen  Rechteinhabers. Dies gilt insbesondere f\u00fcr Vervielf\u00e4ltigung,  Bearbeitung, \u00dcbersetzung, Einspeicherung, Verarbeitung bzw. Wiedergabe  von Inhalten in Datenbanken oder anderen elektronischen Medien und  Systemen. Inhalte und Rechte Dritter sind dabei als solche  gekennzeichnet. Die unerlaubte Vervielf\u00e4ltigung oder Weitergabe  einzelner Inhalte oder kompletter Seiten ist nicht gestattet und  strafbar. Lediglich die Herstellung von Kopien und Downloads f\u00fcr den  pers\u00f6nlichen, privaten und nicht kommerziellen Gebrauch ist erlaubt.<br><strong>(2)<\/strong> Die Darstellung dieser Website in fremden Frames ist nur mit schriftlicher Erlaubnis zul\u00e4ssig.<\/p>\n\n\n\n<h4 class=\"wp-block-heading\"><br><strong>\u00a7 6 Datenschutz auf Facebook \/ beim \u201eGef\u00e4llt mir\u201c-Button<\/strong><\/h4>\n\n\n\n<p><strong>(1)<\/strong>  Der Anbieter dieser Facebook-Fanpage nutzt Plugins des Anbieters  Facebook.com, welche durch das Unternehmen Facebook Inc., 1601 S.  California Avenue, Palo Alto, CA 94304 in den USA bereitgestellt werden.  Nutzer unserer Webseite, auf der das Facebook-Plugin installiert ist,  werden hiermit darauf hingewiesen, dass durch das Plugin eine Verbindung  zu Facebook aufgebaut wird, wodurch eine \u00dcbermittelung an Ihren Browser  durchgef\u00fchrt wird, damit das Plugin auf der Webseite erscheint.<br><strong>(2)<\/strong>  Des Weiteren werden durch die Nutzung Daten an die Facebook-Server  weitergeleitet, welche Informationen \u00fcber Ihre Webseitenbesuche auf  unserer Homepage enthalten. Dies hat f\u00fcr eingeloggte Facebook-Nutzer zur  Folge, dass die Nutzungsdaten ihrem pers\u00f6nlichen Facebook-Account  zugeordnet werden. Sobald Sie als eingeloggter Facebook-Nutzer aktiv das  Facebook-Plugin nutzen (z.B. durch das Klicken auf den \u201eGef\u00e4llt mir\u201c  Knopf oder die Nutzung der Kommentarfunktion), werden diese Daten zu  Ihrem Facebook-Account \u00fcbertragen und ver\u00f6ffentlicht. Dies k\u00f6nnen Sie  nur durch vorheriges Ausloggen aus Ihrem Facebook-Account umgehen.<br><strong>(3)<\/strong>  Es ist uns nicht genau bekannt, welche Daten Facebook speichert und  nutzt. Sie m\u00fcssen als Nutzer der Fanpage daher damit rechnen, dass  Facebook auch Ihre Aktionen auf der Fanpage l\u00fcckenlos speichert.<br><strong>(4)<\/strong>  Facebook erh\u00e4lt durch den Klick auf den \u201eGef\u00e4llt mir\u201c \u2013 Button Ihre  IP-Adresse, Prozessortyp und Browserversion. \u00fcber Ihre IP-Adresse k\u00f6nnte  Facebook zusammen mit anderen Daten sowie Ihrem Realnamen, wenn Sie  diesen bei Ihrem Facebook-Profil angegeben haben, Ihre Identit\u00e4t und  Gewohnheiten unter diesem Profil ermitteln. Wenn Sie sich immer \u00fcber  dieses Nutzerprofil bei Facebook einloggen, k\u00f6nnte Facebook insbesondere  Ihre Vorlieben, Kontakte und Lebensweise herausfinden.<\/p>\n\n\n\n<h4 class=\"wp-block-heading\"><br><strong>\u00a7 7 Sonstige Regelungen<\/strong><\/h4>\n\n\n\n<p><strong>(1)<\/strong>  Im \u00fcbrigen gelten die Allgemeinen Nutzungsbedingungen der Facebook  Ireland Limited, Hanover Reach, 5-7 Hanover Quay, Dublin 2, Ireland  unter<br>https:\/\/www.facebook.com\/terms.php<br><strong>(2)<\/strong>  Hinsichtlich des Datenschutzes auf Facebook beachten Sie bitte die  folgenden Datenschutzhinweise der Facebook Ireland Limited:<br>https:\/\/www.facebook.com\/about\/privacy\/&nbsp;Quelle: Kostenloser Facebook-Fanpage \u2013Disclaimer von Juraforum.de<br><\/p>\n","protected":false},"excerpt":{"rendered":"<p>Freiwilige Feuerwehr Weinb\u00f6hla Friedensstr. 17 01689 Weinb\u00f6hlaTelefon\/Fax 035243\/32344 E-Mail: wehrleiter@ffw-weinboehla.de Internet: : www.feuerwehr-weinboehla.de Vertretungsberechtigter: B\u00fcrgermeister Herr Siegfried Zenker Feuerwehr Weinb\u00f6hla Friedensstra\u00dfe 1701689 Weinb\u00f6hla Sachsen E-Mail: wehrleiter@ffw-weinboehla.de Website: www.feuerwehr-weinboehla.de Siegfried ZenkerB\u00fcrgermeisterRathausplatz 201689 Weinb\u00f6hlaTelefon: (035243) 343-0Telefax: (035243) 343-58E-Mail: gemeinde@weinboehla.de Bildquellen und -rechte Liegen sofern nicht auf andere verwiesen bei: der Freiwilligen Feuerwehr Weinb\u00f6hla.&nbsp;S\u00e4mtliche Bilder, Grafiken und Designs &hellip; <\/p>\n<p class=\"link-more\"><a href=\"https:\/\/feuerwehr-weinboehla.de\/?page_id=406\" class=\"more-link\"><span class=\"screen-reader-text\">\u201eImpressum\u201c <\/span>weiterlesen<\/a><\/p>\n","protected":false},"author":1,"featured_media":0,"parent":0,"menu_order":0,"comment_status":"closed","ping_status":"closed","template":"","meta":{"footnotes":""},"class_list":["post-406","page","type-page","status-publish","hentry"],"_links":{"self":[{"href":"https:\/\/feuerwehr-weinboehla.de\/index.php?rest_route=\/wp\/v2\/pages\/406","targetHints":{"allow":["GET"]}}],"collection":[{"href":"https:\/\/feuerwehr-weinboehla.de\/index.php?rest_route=\/wp\/v2\/pages"}],"about":[{"href":"https:\/\/feuerwehr-weinboehla.de\/index.php?rest_route=\/wp\/v2\/types\/page"}],"author":[{"embeddable":true,"href":"https:\/\/feuerwehr-weinboehla.de\/index.php?rest_route=\/wp\/v2\/users\/1"}],"replies":[{"embeddable":true,"href":"https:\/\/feuerwehr-weinboehla.de\/index.php?rest_route=%2Fwp%2Fv2%2Fcomments&post=406"}],"version-history":[{"count":10,"href":"https:\/\/feuerwehr-weinboehla.de\/index.php?rest_route=\/wp\/v2\/pages\/406\/revisions"}],"predecessor-version":[{"id":5274,"href":"https:\/\/feuerwehr-weinboehla.de\/index.php?rest_route=\/wp\/v2\/pages\/406\/revisions\/5274"}],"wp:attachment":[{"href":"https:\/\/feuerwehr-weinboehla.de\/index.php?rest_route=%2Fwp%2Fv2%2Fmedia&parent=406"}],"curies":[{"name":"wp","href":"https:\/\/api.w.org\/{rel}","templated":true}]}}