{"id":411,"date":"2019-07-19T10:46:05","date_gmt":"2019-07-19T10:46:05","guid":{"rendered":"http:\/\/fw-wbl.feuerwehr-weinboehla.de\/?page_id=411"},"modified":"2023-01-17T18:09:41","modified_gmt":"2023-01-17T18:09:41","slug":"ueber-uns","status":"publish","type":"page","link":"https:\/\/feuerwehr-weinboehla.de\/?page_id=411","title":{"rendered":"\u00dcber Uns"},"content":{"rendered":"\n<h2 class=\"has-text-align-center wp-block-heading\" style=\"font-size:40px\"><a href=\"https:\/\/feuerwehr-weinboehla.de\/?page_id=184\">F\u00fchrung<\/a><\/h2>\n\n\n\n<hr class=\"wp-block-separator has-css-opacity\"\/>\n\n\n\n<h2 class=\"has-text-align-center wp-block-heading\" style=\"font-size:40px\"><a href=\"https:\/\/feuerwehr-weinboehla.de\/?page_id=247\">F\u00f6rderverein<\/a><\/h2>\n\n\n\n<hr class=\"wp-block-separator has-css-opacity\"\/>\n\n\n\n<h2 class=\"has-text-align-center wp-block-heading\" style=\"font-size:40px\"><a href=\"https:\/\/feuerwehr-weinboehla.de\/?page_id=14\">Fuhrpark<\/a><\/h2>\n\n\n\n<hr class=\"wp-block-separator has-css-opacity\"\/>\n\n\n\n<h2 class=\"has-text-align-center wp-block-heading\" style=\"font-size:40px\"><a href=\"https:\/\/feuerwehr-weinboehla.de\/?page_id=93\">Ger\u00e4tehaus<\/a><\/h2>\n\n\n\n<hr class=\"wp-block-separator has-css-opacity\"\/>\n\n\n\n<h2 class=\"has-text-align-center wp-block-heading\" style=\"font-size:40px\"><a href=\"https:\/\/feuerwehr-weinboehla.de\/?page_id=16\">zur Geschichte<\/a><\/h2>\n\n\n\n<p><\/p>\n","protected":false},"excerpt":{"rendered":"<p>F\u00fchrung F\u00f6rderverein Fuhrpark Ger\u00e4tehaus zur Geschichte<\/p>\n","protected":false},"author":1,"featured_media":0,"parent":0,"menu_order":0,"comment_status":"closed","ping_status":"closed","template":"","meta":{"footnotes":""},"class_list":["post-411","page","type-page","status-publish","hentry"],"_links":{"self":[{"href":"https:\/\/feuerwehr-weinboehla.de\/index.php?rest_route=\/wp\/v2\/pages\/411","targetHints":{"allow":["GET"]}}],"collection":[{"href":"https:\/\/feuerwehr-weinboehla.de\/index.php?rest_route=\/wp\/v2\/pages"}],"about":[{"href":"https:\/\/feuerwehr-weinboehla.de\/index.php?rest_route=\/wp\/v2\/types\/page"}],"author":[{"embeddable":true,"href":"https:\/\/feuerwehr-weinboehla.de\/index.php?rest_route=\/wp\/v2\/users\/1"}],"replies":[{"embeddable":true,"href":"https:\/\/feuerwehr-weinboehla.de\/index.php?rest_route=%2Fwp%2Fv2%2Fcomments&post=411"}],"version-history":[{"count":7,"href":"https:\/\/feuerwehr-weinboehla.de\/index.php?rest_route=\/wp\/v2\/pages\/411\/revisions"}],"predecessor-version":[{"id":5123,"href":"https:\/\/feuerwehr-weinboehla.de\/index.php?rest_route=\/wp\/v2\/pages\/411\/revisions\/5123"}],"wp:attachment":[{"href":"https:\/\/feuerwehr-weinboehla.de\/index.php?rest_route=%2Fwp%2Fv2%2Fmedia&parent=411"}],"curies":[{"name":"wp","href":"https:\/\/api.w.org\/{rel}","templated":true}]}}