{"id":503,"date":"2019-07-23T09:54:10","date_gmt":"2019-07-23T09:54:10","guid":{"rendered":"http:\/\/fw-wbl.feuerwehr-weinboehla.de\/?page_id=503"},"modified":"2020-02-12T05:20:48","modified_gmt":"2020-02-12T05:20:48","slug":"einsatz-33-2019","status":"publish","type":"page","link":"https:\/\/feuerwehr-weinboehla.de\/?page_id=503","title":{"rendered":"Einsatz 33 &#8211; 2019"},"content":{"rendered":"\n<figure class=\"wp-block-table is-style-stripes\"><table class=\"has-subtle-light-gray-background-color has-fixed-layout has-background\"><tbody><tr><td>Einsatzart<\/td><td>Brand<\/td><\/tr><tr><td>Einsatzstichwort<\/td><td>Wald<\/td><\/tr><tr><td>Einsatzort<\/td><td>Mei\u00dfen, An der hohen Eifer<\/td><\/tr><tr><td>Einsatzbeginn<\/td><td>21.04.2019 15:15<\/td><\/tr><tr><td>Einsatzende<\/td><td>21.04.2019 <\/td><\/tr><tr><td>Einsatzkr\u00e4fte<\/td><td>6<\/td><\/tr><tr><td>Fahrzeuge<\/td><td>TLF<\/td><\/tr><tr><td>Weitere Kr\u00e4fte<\/td><td>Feuerwehr Mei\u00dfen<\/td><\/tr><tr><td>Einsatzbericht<\/td><td>Unterst\u00fctzung der Feuerwehr Mei\u00dfen bei einem Waldbrand <br> <\/td><\/tr><tr><td>Links<\/td><td>&#8212;<\/td><\/tr><\/tbody><\/table><\/figure>\n\n\n\n<iframe loading=\"lazy\" src=\"https:\/\/www.google.com\/maps\/embed?pb=!1m18!1m12!1m3!1d5970.483637536546!2d13.46025529303788!3d51.143472131070865!2m3!1f0!2f0!3f0!3m2!1i1024!2i768!4f13.1!3m3!1m2!1s0x4709d61e17c06465%3A0x2b8ef522d67e84dd!2sAn+der+hohen+Eifer%2C+01662+Mei%C3%9Fen!5e1!3m2!1sde!2sde!4v1563875630472!5m2!1sde!2sde\" style=\"border:0\" allowfullscreen=\"\" width=\"600\" height=\"450\" frameborder=\"0\"><\/iframe>\n","protected":false},"excerpt":{"rendered":"<p>Einsatzart Brand Einsatzstichwort Wald Einsatzort Mei\u00dfen, An der hohen Eifer Einsatzbeginn 21.04.2019 15:15 Einsatzende 21.04.2019 Einsatzkr\u00e4fte 6 Fahrzeuge TLF Weitere Kr\u00e4fte Feuerwehr Mei\u00dfen Einsatzbericht Unterst\u00fctzung der Feuerwehr Mei\u00dfen bei einem Waldbrand Links &#8212;<\/p>\n","protected":false},"author":1,"featured_media":0,"parent":0,"menu_order":0,"comment_status":"closed","ping_status":"closed","template":"","meta":{"footnotes":""},"class_list":["post-503","page","type-page","status-publish","hentry"],"_links":{"self":[{"href":"https:\/\/feuerwehr-weinboehla.de\/index.php?rest_route=\/wp\/v2\/pages\/503","targetHints":{"allow":["GET"]}}],"collection":[{"href":"https:\/\/feuerwehr-weinboehla.de\/index.php?rest_route=\/wp\/v2\/pages"}],"about":[{"href":"https:\/\/feuerwehr-weinboehla.de\/index.php?rest_route=\/wp\/v2\/types\/page"}],"author":[{"embeddable":true,"href":"https:\/\/feuerwehr-weinboehla.de\/index.php?rest_route=\/wp\/v2\/users\/1"}],"replies":[{"embeddable":true,"href":"https:\/\/feuerwehr-weinboehla.de\/index.php?rest_route=%2Fwp%2Fv2%2Fcomments&post=503"}],"version-history":[{"count":2,"href":"https:\/\/feuerwehr-weinboehla.de\/index.php?rest_route=\/wp\/v2\/pages\/503\/revisions"}],"predecessor-version":[{"id":1151,"href":"https:\/\/feuerwehr-weinboehla.de\/index.php?rest_route=\/wp\/v2\/pages\/503\/revisions\/1151"}],"wp:attachment":[{"href":"https:\/\/feuerwehr-weinboehla.de\/index.php?rest_route=%2Fwp%2Fv2%2Fmedia&parent=503"}],"curies":[{"name":"wp","href":"https:\/\/api.w.org\/{rel}","templated":true}]}}