{"id":506,"date":"2019-07-23T09:56:32","date_gmt":"2019-07-23T09:56:32","guid":{"rendered":"http:\/\/fw-wbl.feuerwehr-weinboehla.de\/?page_id=506"},"modified":"2020-02-12T05:21:01","modified_gmt":"2020-02-12T05:21:01","slug":"einsatz-34-2019","status":"publish","type":"page","link":"https:\/\/feuerwehr-weinboehla.de\/?page_id=506","title":{"rendered":"Einsatz 34 &#8211; 2019"},"content":{"rendered":"\n<figure class=\"wp-block-table is-style-stripes\"><table class=\"has-subtle-light-gray-background-color has-fixed-layout has-background\"><tbody><tr><td>Einsatzart<\/td><td>Brand<\/td><\/tr><tr><td>Einsatzstichwort<\/td><td>\u00d6dland <\/td><\/tr><tr><td>Einsatzort<\/td><td>Goethestra\u00dfe<\/td><\/tr><tr><td>Einsatzbeginn<\/td><td>21.04.2019 16:15<\/td><\/tr><tr><td>Einsatzende<\/td><td>21.04.2019 16:45<\/td><\/tr><tr><td>Einsatzkr\u00e4fte<\/td><td>12<\/td><\/tr><tr><td>Fahrzeuge<\/td><td> LF, TLK<\/td><\/tr><tr><td>Weitere Kr\u00e4fte<\/td><td>&#8212;<\/td><\/tr><tr><td>Einsatzbericht<\/td><td>angemeldetes Lagerfeuer, kein Handlungsbedarf f\u00fcr die Feuerwehr <br> <\/td><\/tr><tr><td>Links<\/td><td>&#8212;<\/td><\/tr><\/tbody><\/table><\/figure>\n\n\n\n<iframe loading=\"lazy\" src=\"https:\/\/www.google.com\/maps\/embed?pb=!1m18!1m12!1m3!1d3189.069133608943!2d13.569731115976921!3d51.16855044324223!2m3!1f0!2f0!3f0!3m2!1i1024!2i768!4f13.1!3m3!1m2!1s0x4709d46d23fb2f9d%3A0x7d56083b0477412e!2sGoethestra%C3%9Fe%2C+01689+Weinb%C3%B6hla!5e1!3m2!1sde!2sde!4v1563875781955!5m2!1sde!2sde\" style=\"border:0\" allowfullscreen=\"\" width=\"600\" height=\"450\" frameborder=\"0\"><\/iframe>\n","protected":false},"excerpt":{"rendered":"<p>Einsatzart Brand Einsatzstichwort \u00d6dland Einsatzort Goethestra\u00dfe Einsatzbeginn 21.04.2019 16:15 Einsatzende 21.04.2019 16:45 Einsatzkr\u00e4fte 12 Fahrzeuge LF, TLK Weitere Kr\u00e4fte &#8212; Einsatzbericht angemeldetes Lagerfeuer, kein Handlungsbedarf f\u00fcr die Feuerwehr Links &#8212;<\/p>\n","protected":false},"author":1,"featured_media":0,"parent":0,"menu_order":0,"comment_status":"closed","ping_status":"closed","template":"","meta":{"footnotes":""},"class_list":["post-506","page","type-page","status-publish","hentry"],"_links":{"self":[{"href":"https:\/\/feuerwehr-weinboehla.de\/index.php?rest_route=\/wp\/v2\/pages\/506","targetHints":{"allow":["GET"]}}],"collection":[{"href":"https:\/\/feuerwehr-weinboehla.de\/index.php?rest_route=\/wp\/v2\/pages"}],"about":[{"href":"https:\/\/feuerwehr-weinboehla.de\/index.php?rest_route=\/wp\/v2\/types\/page"}],"author":[{"embeddable":true,"href":"https:\/\/feuerwehr-weinboehla.de\/index.php?rest_route=\/wp\/v2\/users\/1"}],"replies":[{"embeddable":true,"href":"https:\/\/feuerwehr-weinboehla.de\/index.php?rest_route=%2Fwp%2Fv2%2Fcomments&post=506"}],"version-history":[{"count":2,"href":"https:\/\/feuerwehr-weinboehla.de\/index.php?rest_route=\/wp\/v2\/pages\/506\/revisions"}],"predecessor-version":[{"id":1152,"href":"https:\/\/feuerwehr-weinboehla.de\/index.php?rest_route=\/wp\/v2\/pages\/506\/revisions\/1152"}],"wp:attachment":[{"href":"https:\/\/feuerwehr-weinboehla.de\/index.php?rest_route=%2Fwp%2Fv2%2Fmedia&parent=506"}],"curies":[{"name":"wp","href":"https:\/\/api.w.org\/{rel}","templated":true}]}}