{"id":509,"date":"2019-07-23T10:42:32","date_gmt":"2019-07-23T10:42:32","guid":{"rendered":"http:\/\/fw-wbl.feuerwehr-weinboehla.de\/?page_id=509"},"modified":"2020-02-12T05:21:27","modified_gmt":"2020-02-12T05:21:27","slug":"einsatz-35-2019","status":"publish","type":"page","link":"https:\/\/feuerwehr-weinboehla.de\/?page_id=509","title":{"rendered":"Einsatz 35 &#8211; 2019"},"content":{"rendered":"\n<figure class=\"wp-block-table is-style-stripes\"><table class=\"has-subtle-light-gray-background-color has-fixed-layout has-background\"><tbody><tr><td>Einsatzart<\/td><td>Brand<\/td><\/tr><tr><td>Einsatzstichwort<\/td><td>Lagerfeuer<\/td><\/tr><tr><td>Einsatzort<\/td><td>Zaschendorfer Stra\u00dfe<\/td><\/tr><tr><td>Einsatzbeginn<\/td><td>21.04.2019 17:30<\/td><\/tr><tr><td>Einsatzende<\/td><td>21.04.2019 18:00<\/td><\/tr><tr><td>Einsatzkr\u00e4fte<\/td><td>6<\/td><\/tr><tr><td>Fahrzeuge<\/td><td>TLF<\/td><\/tr><tr><td>Weitere Kr\u00e4fte<\/td><td><\/td><\/tr><tr><td>Einsatzbericht<\/td><td> kein Handlungsbedarf f\u00fcr die Feuerwehr, es handelte sich um ein angemeldetes Lagerfeuer <br> <\/td><\/tr><tr><td>Links<\/td><td>&#8212;<\/td><\/tr><\/tbody><\/table><\/figure>\n\n\n\n<iframe loading=\"lazy\" src=\"https:\/\/www.google.com\/maps\/embed?pb=!1m18!1m12!1m3!1d3189.763299234265!2d13.55267451597669!3d51.158511043972815!2m3!1f0!2f0!3f0!3m2!1i1024!2i768!4f13.1!3m3!1m2!1s0x4709d41809427049%3A0xf888163fdb09f68a!2sZaschendorfer+Weg%2C+01689+Weinb%C3%B6hla!5e1!3m2!1sde!2sde!4v1563878539001!5m2!1sde!2sde\" style=\"border:0\" allowfullscreen=\"\" width=\"600\" height=\"450\" frameborder=\"0\"><\/iframe>\n","protected":false},"excerpt":{"rendered":"<p>Einsatzart Brand Einsatzstichwort Lagerfeuer Einsatzort Zaschendorfer Stra\u00dfe Einsatzbeginn 21.04.2019 17:30 Einsatzende 21.04.2019 18:00 Einsatzkr\u00e4fte 6 Fahrzeuge TLF Weitere Kr\u00e4fte Einsatzbericht kein Handlungsbedarf f\u00fcr die Feuerwehr, es handelte sich um ein angemeldetes Lagerfeuer Links &#8212;<\/p>\n","protected":false},"author":1,"featured_media":0,"parent":0,"menu_order":0,"comment_status":"closed","ping_status":"closed","template":"","meta":{"footnotes":""},"class_list":["post-509","page","type-page","status-publish","hentry"],"_links":{"self":[{"href":"https:\/\/feuerwehr-weinboehla.de\/index.php?rest_route=\/wp\/v2\/pages\/509","targetHints":{"allow":["GET"]}}],"collection":[{"href":"https:\/\/feuerwehr-weinboehla.de\/index.php?rest_route=\/wp\/v2\/pages"}],"about":[{"href":"https:\/\/feuerwehr-weinboehla.de\/index.php?rest_route=\/wp\/v2\/types\/page"}],"author":[{"embeddable":true,"href":"https:\/\/feuerwehr-weinboehla.de\/index.php?rest_route=\/wp\/v2\/users\/1"}],"replies":[{"embeddable":true,"href":"https:\/\/feuerwehr-weinboehla.de\/index.php?rest_route=%2Fwp%2Fv2%2Fcomments&post=509"}],"version-history":[{"count":2,"href":"https:\/\/feuerwehr-weinboehla.de\/index.php?rest_route=\/wp\/v2\/pages\/509\/revisions"}],"predecessor-version":[{"id":1153,"href":"https:\/\/feuerwehr-weinboehla.de\/index.php?rest_route=\/wp\/v2\/pages\/509\/revisions\/1153"}],"wp:attachment":[{"href":"https:\/\/feuerwehr-weinboehla.de\/index.php?rest_route=%2Fwp%2Fv2%2Fmedia&parent=509"}],"curies":[{"name":"wp","href":"https:\/\/api.w.org\/{rel}","templated":true}]}}