{"id":529,"date":"2019-07-23T10:56:44","date_gmt":"2019-07-23T10:56:44","guid":{"rendered":"http:\/\/fw-wbl.feuerwehr-weinboehla.de\/?page_id=529"},"modified":"2020-02-12T05:24:40","modified_gmt":"2020-02-12T05:24:40","slug":"einsatz-40-2019","status":"publish","type":"page","link":"https:\/\/feuerwehr-weinboehla.de\/?page_id=529","title":{"rendered":"Einsatz 40 &#8211; 2019"},"content":{"rendered":"\n<figure class=\"wp-block-table is-style-stripes\"><table class=\"has-subtle-light-gray-background-color has-fixed-layout has-background\"><tbody><tr><td>Einsatzart<\/td><td>Hilfeleistung<\/td><\/tr><tr><td>Einsatzstichwort<\/td><td>auslaufende Betriebsmittel<\/td><\/tr><tr><td>Einsatzort<\/td><td>Dresdner Stra\u00dfe <\/td><\/tr><tr><td>Einsatzbeginn<\/td><td>24.04.2019 17:21<\/td><\/tr><tr><td>Einsatzende<\/td><td>24.04.2019 17:45<\/td><\/tr><tr><td>Einsatzkr\u00e4fte<\/td><td>4<\/td><\/tr><tr><td>Fahrzeuge<\/td><td>VRW<\/td><\/tr><tr><td>Weitere Kr\u00e4fte<\/td><td>&#8212;<\/td><\/tr><tr><td>Einsatzbericht<\/td><td>Verkehrsunfall mit 2 PKW, auslaufende Betriebsmittel wurden gebunden<\/td><\/tr><tr><td>Links<\/td><td>&#8212;<\/td><\/tr><\/tbody><\/table><\/figure>\n\n\n\n<iframe loading=\"lazy\" src=\"https:\/\/www.google.com\/maps\/embed?pb=!1m18!1m12!1m3!1d3190.1868695731796!2d13.56452871597651!3d51.152384444418665!2m3!1f0!2f0!3f0!3m2!1i1024!2i768!4f13.1!3m3!1m2!1s0x4709d404aa137b19%3A0xe195a1b0dd57e329!2sDresdner+Str.%2C+01689!5e1!3m2!1sde!2sde!4v1563879393046!5m2!1sde!2sde\" style=\"border:0\" allowfullscreen=\"\" width=\"600\" height=\"450\" frameborder=\"0\"><\/iframe>\n","protected":false},"excerpt":{"rendered":"<p>Einsatzart Hilfeleistung Einsatzstichwort auslaufende Betriebsmittel Einsatzort Dresdner Stra\u00dfe Einsatzbeginn 24.04.2019 17:21 Einsatzende 24.04.2019 17:45 Einsatzkr\u00e4fte 4 Fahrzeuge VRW Weitere Kr\u00e4fte &#8212; Einsatzbericht Verkehrsunfall mit 2 PKW, auslaufende Betriebsmittel wurden gebunden Links &#8212;<\/p>\n","protected":false},"author":1,"featured_media":0,"parent":0,"menu_order":0,"comment_status":"closed","ping_status":"closed","template":"","meta":{"footnotes":""},"class_list":["post-529","page","type-page","status-publish","hentry"],"_links":{"self":[{"href":"https:\/\/feuerwehr-weinboehla.de\/index.php?rest_route=\/wp\/v2\/pages\/529","targetHints":{"allow":["GET"]}}],"collection":[{"href":"https:\/\/feuerwehr-weinboehla.de\/index.php?rest_route=\/wp\/v2\/pages"}],"about":[{"href":"https:\/\/feuerwehr-weinboehla.de\/index.php?rest_route=\/wp\/v2\/types\/page"}],"author":[{"embeddable":true,"href":"https:\/\/feuerwehr-weinboehla.de\/index.php?rest_route=\/wp\/v2\/users\/1"}],"replies":[{"embeddable":true,"href":"https:\/\/feuerwehr-weinboehla.de\/index.php?rest_route=%2Fwp%2Fv2%2Fcomments&post=529"}],"version-history":[{"count":3,"href":"https:\/\/feuerwehr-weinboehla.de\/index.php?rest_route=\/wp\/v2\/pages\/529\/revisions"}],"predecessor-version":[{"id":1159,"href":"https:\/\/feuerwehr-weinboehla.de\/index.php?rest_route=\/wp\/v2\/pages\/529\/revisions\/1159"}],"wp:attachment":[{"href":"https:\/\/feuerwehr-weinboehla.de\/index.php?rest_route=%2Fwp%2Fv2%2Fmedia&parent=529"}],"curies":[{"name":"wp","href":"https:\/\/api.w.org\/{rel}","templated":true}]}}