{"id":536,"date":"2019-07-23T11:04:16","date_gmt":"2019-07-23T11:04:16","guid":{"rendered":"http:\/\/fw-wbl.feuerwehr-weinboehla.de\/?page_id=536"},"modified":"2020-02-12T05:26:07","modified_gmt":"2020-02-12T05:26:07","slug":"einsatz-42-2019","status":"publish","type":"page","link":"https:\/\/feuerwehr-weinboehla.de\/?page_id=536","title":{"rendered":"Einsatz 42 &#8211; 2019"},"content":{"rendered":"\n<figure class=\"wp-block-table is-style-stripes\"><table class=\"has-subtle-light-gray-background-color has-fixed-layout has-background\"><tbody><tr><td>Einsatzart<\/td><td>Brand<\/td><\/tr><tr><td>Einsatzstichwort<\/td><td>Wald<\/td><\/tr><tr><td>Einsatzort<\/td><td>O-Weg<\/td><\/tr><tr><td>Einsatzbeginn<\/td><td>25.04.2019 12:16<\/td><\/tr><tr><td>Einsatzende<\/td><td>25.04.2019 17:45<\/td><\/tr><tr><td>Einsatzkr\u00e4fte<\/td><td>20<\/td><\/tr><tr><td>Fahrzeuge<\/td><td> TLF, LF, KdoW<\/td><\/tr><tr><td>Weitere Kr\u00e4fte<\/td><td>FF Niederau, FF Meissen, FF Coswig, FF Gro\u00dfdobritz, FF Ockrilla <\/td><\/tr><tr><td>Einsatzbericht<\/td><td>erneuter Brandausbruch auf einer Fl\u00e4che von ca. 20x30m, alte Brandstelle nochmals kontrolliert und auf einer Fl\u00e4che von ca.6 Hektar nochmals Netzmittel aufgetragen<\/td><\/tr><tr><td>Links<\/td><td>&#8212;<\/td><\/tr><\/tbody><\/table><\/figure>\n\n\n\n<iframe loading=\"lazy\" src=\"https:\/\/www.google.com\/maps\/embed?pb=!1m18!1m12!1m3!1d3188.4719611023347!2d13.599087315977126!3d51.17718594261362!2m3!1f0!2f0!3f0!3m2!1i1024!2i768!4f13.1!3m3!1m2!1s0x4709d385d58ab6f3%3A0xd47928452bcacf61!2sO-Weg%2C+01689!5e1!3m2!1sde!2sde!4v1563879772811!5m2!1sde!2sde\" style=\"border:0\" allowfullscreen=\"\" width=\"600\" height=\"450\" frameborder=\"0\"><\/iframe>\n\n\n\n<figure class=\"wp-block-image\"><img loading=\"lazy\" decoding=\"async\" width=\"1024\" height=\"768\" src=\"http:\/\/fw-wbl.feuerwehr-weinboehla.de\/wp-content\/uploads\/2019\/07\/20190425_141645663_iOS-1024x768.jpg\" alt=\"\" class=\"wp-image-537\" srcset=\"https:\/\/feuerwehr-weinboehla.de\/wp-content\/uploads\/2019\/07\/20190425_141645663_iOS-1024x768.jpg 1024w, https:\/\/feuerwehr-weinboehla.de\/wp-content\/uploads\/2019\/07\/20190425_141645663_iOS-300x225.jpg 300w, https:\/\/feuerwehr-weinboehla.de\/wp-content\/uploads\/2019\/07\/20190425_141645663_iOS-768x576.jpg 768w\" sizes=\"auto, (max-width: 767px) 89vw, (max-width: 1000px) 54vw, (max-width: 1071px) 543px, 580px\" \/><\/figure>\n\n\n\n<figure class=\"wp-block-image\"><img loading=\"lazy\" decoding=\"async\" width=\"1024\" height=\"768\" src=\"http:\/\/fw-wbl.feuerwehr-weinboehla.de\/wp-content\/uploads\/2019\/07\/20190425_131810122_iOS-1024x768.jpg\" alt=\"\" class=\"wp-image-538\" srcset=\"https:\/\/feuerwehr-weinboehla.de\/wp-content\/uploads\/2019\/07\/20190425_131810122_iOS-1024x768.jpg 1024w, https:\/\/feuerwehr-weinboehla.de\/wp-content\/uploads\/2019\/07\/20190425_131810122_iOS-300x225.jpg 300w, https:\/\/feuerwehr-weinboehla.de\/wp-content\/uploads\/2019\/07\/20190425_131810122_iOS-768x576.jpg 768w\" sizes=\"auto, (max-width: 767px) 89vw, (max-width: 1000px) 54vw, (max-width: 1071px) 543px, 580px\" \/><\/figure>\n\n\n\n<figure class=\"wp-block-image\"><img loading=\"lazy\" decoding=\"async\" width=\"768\" height=\"1024\" src=\"http:\/\/fw-wbl.feuerwehr-weinboehla.de\/wp-content\/uploads\/2019\/07\/20190425_111044796_iOS-768x1024.jpg\" alt=\"\" class=\"wp-image-539\" srcset=\"https:\/\/feuerwehr-weinboehla.de\/wp-content\/uploads\/2019\/07\/20190425_111044796_iOS-768x1024.jpg 768w, https:\/\/feuerwehr-weinboehla.de\/wp-content\/uploads\/2019\/07\/20190425_111044796_iOS-225x300.jpg 225w\" sizes=\"auto, (max-width: 767px) 89vw, (max-width: 1000px) 54vw, (max-width: 1071px) 543px, 580px\" \/><\/figure>\n","protected":false},"excerpt":{"rendered":"<p>Einsatzart Brand Einsatzstichwort Wald Einsatzort O-Weg Einsatzbeginn 25.04.2019 12:16 Einsatzende 25.04.2019 17:45 Einsatzkr\u00e4fte 20 Fahrzeuge TLF, LF, KdoW Weitere Kr\u00e4fte FF Niederau, FF Meissen, FF Coswig, FF Gro\u00dfdobritz, FF Ockrilla Einsatzbericht erneuter Brandausbruch auf einer Fl\u00e4che von ca. 20x30m, alte Brandstelle nochmals kontrolliert und auf einer Fl\u00e4che von ca.6 Hektar nochmals Netzmittel aufgetragen Links &#8212;<\/p>\n","protected":false},"author":1,"featured_media":0,"parent":0,"menu_order":0,"comment_status":"closed","ping_status":"closed","template":"","meta":{"footnotes":""},"class_list":["post-536","page","type-page","status-publish","hentry"],"_links":{"self":[{"href":"https:\/\/feuerwehr-weinboehla.de\/index.php?rest_route=\/wp\/v2\/pages\/536","targetHints":{"allow":["GET"]}}],"collection":[{"href":"https:\/\/feuerwehr-weinboehla.de\/index.php?rest_route=\/wp\/v2\/pages"}],"about":[{"href":"https:\/\/feuerwehr-weinboehla.de\/index.php?rest_route=\/wp\/v2\/types\/page"}],"author":[{"embeddable":true,"href":"https:\/\/feuerwehr-weinboehla.de\/index.php?rest_route=\/wp\/v2\/users\/1"}],"replies":[{"embeddable":true,"href":"https:\/\/feuerwehr-weinboehla.de\/index.php?rest_route=%2Fwp%2Fv2%2Fcomments&post=536"}],"version-history":[{"count":2,"href":"https:\/\/feuerwehr-weinboehla.de\/index.php?rest_route=\/wp\/v2\/pages\/536\/revisions"}],"predecessor-version":[{"id":1161,"href":"https:\/\/feuerwehr-weinboehla.de\/index.php?rest_route=\/wp\/v2\/pages\/536\/revisions\/1161"}],"wp:attachment":[{"href":"https:\/\/feuerwehr-weinboehla.de\/index.php?rest_route=%2Fwp%2Fv2%2Fmedia&parent=536"}],"curies":[{"name":"wp","href":"https:\/\/api.w.org\/{rel}","templated":true}]}}