{"id":549,"date":"2019-07-23T11:13:17","date_gmt":"2019-07-23T11:13:17","guid":{"rendered":"http:\/\/fw-wbl.feuerwehr-weinboehla.de\/?page_id=549"},"modified":"2020-02-12T05:27:01","modified_gmt":"2020-02-12T05:27:01","slug":"einsatz-44-2019","status":"publish","type":"page","link":"https:\/\/feuerwehr-weinboehla.de\/?page_id=549","title":{"rendered":"Einsatz 44 &#8211; 2019"},"content":{"rendered":"\n<figure class=\"wp-block-table is-style-stripes\"><table class=\"has-subtle-light-gray-background-color has-fixed-layout has-background\"><tbody><tr><td>Einsatzart<\/td><td>Hilfeleistung<\/td><\/tr><tr><td>Einsatzstichwort<\/td><td>Verunreinigung<\/td><\/tr><tr><td>Einsatzort<\/td><td>Dresdner Stra\u00dfe<\/td><\/tr><tr><td>Einsatzbeginn<\/td><td>01.05.2019 20:40<\/td><\/tr><tr><td>Einsatzende<\/td><td>01.05.2019 21:30<\/td><\/tr><tr><td>Einsatzkr\u00e4fte<\/td><td>10<\/td><\/tr><tr><td>Fahrzeuge<\/td><td> TLF, VRW<\/td><\/tr><tr><td>Weitere Kr\u00e4fte<\/td><td>Polizei, Rettungsdienst<\/td><\/tr><tr><td>Einsatzbericht<\/td><td>Stra\u00dfe nach VKU gereinigt<\/td><\/tr><tr><td>Links<\/td><td>&#8212;<\/td><\/tr><\/tbody><\/table><\/figure>\n\n\n\n<iframe loading=\"lazy\" src=\"https:\/\/www.google.com\/maps\/embed?pb=!1m18!1m12!1m3!1d1605.1980505027293!2d13.566546759452416!3d51.15097868790733!2m3!1f0!2f0!3f0!3m2!1i1024!2i768!4f13.1!3m3!1m2!1s0x0%3A0x0!2zNTHCsDA5JzAzLjUiTiAxM8KwMzQnMDMuNSJF!5e1!3m2!1sde!2sde!4v1563880367560!5m2!1sde!2sde\" style=\"border:0\" allowfullscreen=\"\" width=\"600\" height=\"450\" frameborder=\"0\"><\/iframe>\n","protected":false},"excerpt":{"rendered":"<p>Einsatzart Hilfeleistung Einsatzstichwort Verunreinigung Einsatzort Dresdner Stra\u00dfe Einsatzbeginn 01.05.2019 20:40 Einsatzende 01.05.2019 21:30 Einsatzkr\u00e4fte 10 Fahrzeuge TLF, VRW Weitere Kr\u00e4fte Polizei, Rettungsdienst Einsatzbericht Stra\u00dfe nach VKU gereinigt Links &#8212;<\/p>\n","protected":false},"author":1,"featured_media":0,"parent":0,"menu_order":0,"comment_status":"closed","ping_status":"closed","template":"","meta":{"footnotes":""},"class_list":["post-549","page","type-page","status-publish","hentry"],"_links":{"self":[{"href":"https:\/\/feuerwehr-weinboehla.de\/index.php?rest_route=\/wp\/v2\/pages\/549","targetHints":{"allow":["GET"]}}],"collection":[{"href":"https:\/\/feuerwehr-weinboehla.de\/index.php?rest_route=\/wp\/v2\/pages"}],"about":[{"href":"https:\/\/feuerwehr-weinboehla.de\/index.php?rest_route=\/wp\/v2\/types\/page"}],"author":[{"embeddable":true,"href":"https:\/\/feuerwehr-weinboehla.de\/index.php?rest_route=\/wp\/v2\/users\/1"}],"replies":[{"embeddable":true,"href":"https:\/\/feuerwehr-weinboehla.de\/index.php?rest_route=%2Fwp%2Fv2%2Fcomments&post=549"}],"version-history":[{"count":2,"href":"https:\/\/feuerwehr-weinboehla.de\/index.php?rest_route=\/wp\/v2\/pages\/549\/revisions"}],"predecessor-version":[{"id":1163,"href":"https:\/\/feuerwehr-weinboehla.de\/index.php?rest_route=\/wp\/v2\/pages\/549\/revisions\/1163"}],"wp:attachment":[{"href":"https:\/\/feuerwehr-weinboehla.de\/index.php?rest_route=%2Fwp%2Fv2%2Fmedia&parent=549"}],"curies":[{"name":"wp","href":"https:\/\/api.w.org\/{rel}","templated":true}]}}