{"id":555,"date":"2019-07-23T11:17:25","date_gmt":"2019-07-23T11:17:25","guid":{"rendered":"http:\/\/fw-wbl.feuerwehr-weinboehla.de\/?page_id=555"},"modified":"2020-02-12T05:27:59","modified_gmt":"2020-02-12T05:27:59","slug":"einsatz-46-2019","status":"publish","type":"page","link":"https:\/\/feuerwehr-weinboehla.de\/?page_id=555","title":{"rendered":"Einsatz 46 &#8211; 2019"},"content":{"rendered":"\n<figure class=\"wp-block-table is-style-stripes\"><table class=\"has-subtle-light-gray-background-color has-fixed-layout has-background\"><tbody><tr><td>Einsatzart<\/td><td>Brand<\/td><\/tr><tr><td>Einsatzstichwort<\/td><td>Brandmeldeanlage<\/td><\/tr><tr><td>Einsatzort<\/td><td>Porzellanmanufaktur Mei\u00dfen<\/td><\/tr><tr><td>Einsatzbeginn<\/td><td>03.05.2019 04:24<\/td><\/tr><tr><td>Einsatzende<\/td><td>03.05.2019 05:00<\/td><\/tr><tr><td>Einsatzkr\u00e4fte<\/td><td>11<\/td><\/tr><tr><td>Fahrzeuge<\/td><td>LF, TLK<\/td><\/tr><tr><td>Weitere Kr\u00e4fte<\/td><td>&#8212;<\/td><\/tr><tr><td>Einsatzbericht<\/td><td>Einsatzabbruch auf Anfahrt<\/td><\/tr><tr><td>Links<\/td><td>&#8212;<\/td><\/tr><\/tbody><\/table><\/figure>\n\n\n\n<iframe loading=\"lazy\" src=\"https:\/\/www.google.com\/maps\/embed?pb=!1m18!1m12!1m3!1d51026.83346096472!2d13.458025305229668!3d51.166989193481285!2m3!1f0!2f0!3f0!3m2!1i1024!2i768!4f13.1!3m3!1m2!1s0x47a7bd6c454029b7%3A0x22a8c4bfe4159cd7!2zQjEwMSwgTWVpw59lbg!5e1!3m2!1sde!2sde!4v1563880526668!5m2!1sde!2sde\" style=\"border:0\" allowfullscreen=\"\" width=\"600\" height=\"450\" frameborder=\"0\"><\/iframe>\n","protected":false},"excerpt":{"rendered":"<p>Einsatzart Brand Einsatzstichwort Brandmeldeanlage Einsatzort Porzellanmanufaktur Mei\u00dfen Einsatzbeginn 03.05.2019 04:24 Einsatzende 03.05.2019 05:00 Einsatzkr\u00e4fte 11 Fahrzeuge LF, TLK Weitere Kr\u00e4fte &#8212; Einsatzbericht Einsatzabbruch auf Anfahrt Links &#8212;<\/p>\n","protected":false},"author":1,"featured_media":0,"parent":0,"menu_order":0,"comment_status":"closed","ping_status":"closed","template":"","meta":{"footnotes":""},"class_list":["post-555","page","type-page","status-publish","hentry"],"_links":{"self":[{"href":"https:\/\/feuerwehr-weinboehla.de\/index.php?rest_route=\/wp\/v2\/pages\/555","targetHints":{"allow":["GET"]}}],"collection":[{"href":"https:\/\/feuerwehr-weinboehla.de\/index.php?rest_route=\/wp\/v2\/pages"}],"about":[{"href":"https:\/\/feuerwehr-weinboehla.de\/index.php?rest_route=\/wp\/v2\/types\/page"}],"author":[{"embeddable":true,"href":"https:\/\/feuerwehr-weinboehla.de\/index.php?rest_route=\/wp\/v2\/users\/1"}],"replies":[{"embeddable":true,"href":"https:\/\/feuerwehr-weinboehla.de\/index.php?rest_route=%2Fwp%2Fv2%2Fcomments&post=555"}],"version-history":[{"count":2,"href":"https:\/\/feuerwehr-weinboehla.de\/index.php?rest_route=\/wp\/v2\/pages\/555\/revisions"}],"predecessor-version":[{"id":1165,"href":"https:\/\/feuerwehr-weinboehla.de\/index.php?rest_route=\/wp\/v2\/pages\/555\/revisions\/1165"}],"wp:attachment":[{"href":"https:\/\/feuerwehr-weinboehla.de\/index.php?rest_route=%2Fwp%2Fv2%2Fmedia&parent=555"}],"curies":[{"name":"wp","href":"https:\/\/api.w.org\/{rel}","templated":true}]}}