{"id":561,"date":"2019-07-23T11:24:38","date_gmt":"2019-07-23T11:24:38","guid":{"rendered":"http:\/\/fw-wbl.feuerwehr-weinboehla.de\/?page_id=561"},"modified":"2020-02-12T05:29:02","modified_gmt":"2020-02-12T05:29:02","slug":"einsatz-48-2019","status":"publish","type":"page","link":"https:\/\/feuerwehr-weinboehla.de\/?page_id=561","title":{"rendered":"Einsatz 48 &#8211; 2019"},"content":{"rendered":"\n<figure class=\"wp-block-table is-style-stripes\"><table class=\"has-subtle-light-gray-background-color has-fixed-layout has-background\"><tbody><tr><td>Einsatzart<\/td><td>Hilfeleistung<\/td><\/tr><tr><td>Einsatzstichwort<\/td><td>T\u00fcr\u00f6ffnung<\/td><\/tr><tr><td>Einsatzort<\/td><td>An den Obstwiesen<\/td><\/tr><tr><td>Einsatzbeginn<\/td><td>10.05.2019 11:37<\/td><\/tr><tr><td>Einsatzende<\/td><td>10.05.2019 12:45<\/td><\/tr><tr><td>Einsatzkr\u00e4fte<\/td><td>7<\/td><\/tr><tr><td>Fahrzeuge<\/td><td>VRW, TLK<\/td><\/tr><tr><td>Weitere Kr\u00e4fte<\/td><td>&#8212;<\/td><\/tr><tr><td>Einsatzbericht<\/td><td>T\u00fcr ge\u00f6ffnet, Person an Rettungsdienst \u00fcbergeben<\/td><\/tr><tr><td>Links<\/td><td>&#8212;<\/td><\/tr><\/tbody><\/table><\/figure>\n\n\n\n<iframe loading=\"lazy\" src=\"https:\/\/www.google.com\/maps\/embed?pb=!1m18!1m12!1m3!1d3189.782084334684!2d13.57360621597664!3d51.158239343992555!2m3!1f0!2f0!3f0!3m2!1i1024!2i768!4f13.1!3m3!1m2!1s0x4709d40f48f12923%3A0x6c3915b68426e0c2!2sAn+den+Obstwiesen%2C+01689+Weinb%C3%B6hla!5e1!3m2!1sde!2sde!4v1563881070222!5m2!1sde!2sde\" style=\"border:0\" allowfullscreen=\"\" width=\"600\" height=\"450\" frameborder=\"0\"><\/iframe>\n","protected":false},"excerpt":{"rendered":"<p>Einsatzart Hilfeleistung Einsatzstichwort T\u00fcr\u00f6ffnung Einsatzort An den Obstwiesen Einsatzbeginn 10.05.2019 11:37 Einsatzende 10.05.2019 12:45 Einsatzkr\u00e4fte 7 Fahrzeuge VRW, TLK Weitere Kr\u00e4fte &#8212; Einsatzbericht T\u00fcr ge\u00f6ffnet, Person an Rettungsdienst \u00fcbergeben Links &#8212;<\/p>\n","protected":false},"author":1,"featured_media":0,"parent":0,"menu_order":0,"comment_status":"closed","ping_status":"closed","template":"","meta":{"footnotes":""},"class_list":["post-561","page","type-page","status-publish","hentry"],"_links":{"self":[{"href":"https:\/\/feuerwehr-weinboehla.de\/index.php?rest_route=\/wp\/v2\/pages\/561","targetHints":{"allow":["GET"]}}],"collection":[{"href":"https:\/\/feuerwehr-weinboehla.de\/index.php?rest_route=\/wp\/v2\/pages"}],"about":[{"href":"https:\/\/feuerwehr-weinboehla.de\/index.php?rest_route=\/wp\/v2\/types\/page"}],"author":[{"embeddable":true,"href":"https:\/\/feuerwehr-weinboehla.de\/index.php?rest_route=\/wp\/v2\/users\/1"}],"replies":[{"embeddable":true,"href":"https:\/\/feuerwehr-weinboehla.de\/index.php?rest_route=%2Fwp%2Fv2%2Fcomments&post=561"}],"version-history":[{"count":2,"href":"https:\/\/feuerwehr-weinboehla.de\/index.php?rest_route=\/wp\/v2\/pages\/561\/revisions"}],"predecessor-version":[{"id":1168,"href":"https:\/\/feuerwehr-weinboehla.de\/index.php?rest_route=\/wp\/v2\/pages\/561\/revisions\/1168"}],"wp:attachment":[{"href":"https:\/\/feuerwehr-weinboehla.de\/index.php?rest_route=%2Fwp%2Fv2%2Fmedia&parent=561"}],"curies":[{"name":"wp","href":"https:\/\/api.w.org\/{rel}","templated":true}]}}