{"id":564,"date":"2019-07-23T11:25:57","date_gmt":"2019-07-23T11:25:57","guid":{"rendered":"http:\/\/fw-wbl.feuerwehr-weinboehla.de\/?page_id=564"},"modified":"2020-02-12T05:29:21","modified_gmt":"2020-02-12T05:29:21","slug":"einsatz-49-2019","status":"publish","type":"page","link":"https:\/\/feuerwehr-weinboehla.de\/?page_id=564","title":{"rendered":"Einsatz 49 &#8211; 2019"},"content":{"rendered":"\n<figure class=\"wp-block-table is-style-stripes\"><table class=\"has-subtle-light-gray-background-color has-fixed-layout has-background\"><tbody><tr><td>Einsatzart<\/td><td>Hilfeleistung<\/td><\/tr><tr><td>Einsatzstichwort<\/td><td>Sturmschaden<\/td><\/tr><tr><td>Einsatzort<\/td><td>Siedlerstra\u00dfe<\/td><\/tr><tr><td>Einsatzbeginn<\/td><td>11.05.2019 15:05<\/td><\/tr><tr><td>Einsatzende<\/td><td>10.05.2019 16:05<\/td><\/tr><tr><td>Einsatzkr\u00e4fte<\/td><td>10<\/td><\/tr><tr><td>Fahrzeuge<\/td><td>VRW, TLF<\/td><\/tr><tr><td>Weitere Kr\u00e4fte<\/td><td>&#8212;<\/td><\/tr><tr><td>Einsatzbericht<\/td><td>\u00c4ste auf Garage und im Vorgarten beseitigt <\/td><\/tr><tr><td>Links<\/td><td>&#8212;<\/td><\/tr><\/tbody><\/table><\/figure>\n\n\n\n<iframe loading=\"lazy\" src=\"https:\/\/www.google.com\/maps\/embed?pb=!1m18!1m12!1m3!1d3190.2973710052283!2d13.573525015976426!3d51.150786044534925!2m3!1f0!2f0!3f0!3m2!1i1024!2i768!4f13.1!3m3!1m2!1s0x4709d4013a6f7433%3A0x8c0901a536af2ce4!2sSiedlerstra%C3%9Fe%2C+01689+Weinb%C3%B6hla!5e1!3m2!1sde!2sde!4v1563881147366!5m2!1sde!2sde\" style=\"border:0\" allowfullscreen=\"\" width=\"600\" height=\"450\" frameborder=\"0\"><\/iframe>\n","protected":false},"excerpt":{"rendered":"<p>Einsatzart Hilfeleistung Einsatzstichwort Sturmschaden Einsatzort Siedlerstra\u00dfe Einsatzbeginn 11.05.2019 15:05 Einsatzende 10.05.2019 16:05 Einsatzkr\u00e4fte 10 Fahrzeuge VRW, TLF Weitere Kr\u00e4fte &#8212; Einsatzbericht \u00c4ste auf Garage und im Vorgarten beseitigt Links &#8212;<\/p>\n","protected":false},"author":1,"featured_media":0,"parent":0,"menu_order":0,"comment_status":"closed","ping_status":"closed","template":"","meta":{"footnotes":""},"class_list":["post-564","page","type-page","status-publish","hentry"],"_links":{"self":[{"href":"https:\/\/feuerwehr-weinboehla.de\/index.php?rest_route=\/wp\/v2\/pages\/564","targetHints":{"allow":["GET"]}}],"collection":[{"href":"https:\/\/feuerwehr-weinboehla.de\/index.php?rest_route=\/wp\/v2\/pages"}],"about":[{"href":"https:\/\/feuerwehr-weinboehla.de\/index.php?rest_route=\/wp\/v2\/types\/page"}],"author":[{"embeddable":true,"href":"https:\/\/feuerwehr-weinboehla.de\/index.php?rest_route=\/wp\/v2\/users\/1"}],"replies":[{"embeddable":true,"href":"https:\/\/feuerwehr-weinboehla.de\/index.php?rest_route=%2Fwp%2Fv2%2Fcomments&post=564"}],"version-history":[{"count":2,"href":"https:\/\/feuerwehr-weinboehla.de\/index.php?rest_route=\/wp\/v2\/pages\/564\/revisions"}],"predecessor-version":[{"id":1169,"href":"https:\/\/feuerwehr-weinboehla.de\/index.php?rest_route=\/wp\/v2\/pages\/564\/revisions\/1169"}],"wp:attachment":[{"href":"https:\/\/feuerwehr-weinboehla.de\/index.php?rest_route=%2Fwp%2Fv2%2Fmedia&parent=564"}],"curies":[{"name":"wp","href":"https:\/\/api.w.org\/{rel}","templated":true}]}}